{"id":623,"date":"2021-02-08T18:43:24","date_gmt":"2021-02-08T18:43:24","guid":{"rendered":"http:\/\/unisinos.br\/vidamigrante\/?page_id=623"},"modified":"2021-02-19T17:22:36","modified_gmt":"2021-02-19T17:22:36","slug":"componentes","status":"publish","type":"page","link":"https:\/\/unisinos.br\/vidamigrante\/componentes","title":{"rendered":"Componentes"},"content":{"rendered":"\t\t<div data-elementor-type=\"wp-page\" data-elementor-id=\"623\" class=\"elementor elementor-623\" data-elementor-post-type=\"page\">\n\t\t\t\t\t\t<section class=\"elementor-section elementor-top-section elementor-element elementor-element-8481fa3 elementor-section-full_width elementor-section-height-default elementor-section-height-default\" data-id=\"8481fa3\" data-element_type=\"section\">\n\t\t\t\t\t\t<div class=\"elementor-container elementor-column-gap-default\">\n\t\t\t\t\t<div class=\"elementor-column elementor-col-100 elementor-top-column elementor-element elementor-element-d1865b5\" data-id=\"d1865b5\" data-element_type=\"column\" data-settings=\"{&quot;background_background&quot;:&quot;classic&quot;}\">\n\t\t\t<div class=\"elementor-widget-wrap elementor-element-populated\">\n\t\t\t\t\t\t<div class=\"elementor-element elementor-element-e8ab4bb elementor-widget elementor-widget-heading\" data-id=\"e8ab4bb\" data-element_type=\"widget\" data-widget_type=\"heading.default\">\n\t\t\t\t<div class=\"elementor-widget-container\">\n\t\t\t\t\t<h2 class=\"elementor-heading-title elementor-size-default\">Componentes<\/h2>\t\t\t\t<\/div>\n\t\t\t\t<\/div>\n\t\t\t\t\t<\/div>\n\t\t<\/div>\n\t\t\t\t\t<\/div>\n\t\t<\/section>\n\t\t\t\t<section class=\"elementor-section elementor-top-section elementor-element elementor-element-6362e8b elementor-section-boxed elementor-section-height-default elementor-section-height-default\" data-id=\"6362e8b\" data-element_type=\"section\">\n\t\t\t\t\t\t<div class=\"elementor-container elementor-column-gap-default\">\n\t\t\t\t\t<div class=\"elementor-column elementor-col-100 elementor-top-column elementor-element elementor-element-fce46d3\" data-id=\"fce46d3\" data-element_type=\"column\">\n\t\t\t<div class=\"elementor-widget-wrap elementor-element-populated\">\n\t\t\t\t\t\t<div class=\"elementor-element elementor-element-0e9b873 elementor-widget elementor-widget-jet-listing-grid\" data-id=\"0e9b873\" data-element_type=\"widget\" data-widget_type=\"jet-listing-grid.default\">\n\t\t\t\t<div class=\"elementor-widget-container\">\n\t\t\t\t\t<div class=\"jet-listing-grid jet-listing\"><div class=\"jet-listing-grid__items grid-col-desk-3 grid-col-tablet-3 grid-col-mobile-1 jet-listing-grid--444\"  data-nav=\"{&quot;enabled&quot;:false,&quot;type&quot;:null,&quot;more_el&quot;:null,&quot;query&quot;:[],&quot;widget_settings&quot;:{&quot;lisitng_id&quot;:&quot;444&quot;,&quot;posts_num&quot;:6,&quot;columns&quot;:3,&quot;columns_tablet&quot;:3,&quot;columns_mobile&quot;:1,&quot;is_archive_template&quot;:&quot;&quot;,&quot;post_status&quot;:[&quot;publish&quot;],&quot;use_random_posts_num&quot;:&quot;&quot;,&quot;max_posts_num&quot;:9,&quot;not_found_message&quot;:&quot;No data was found&quot;,&quot;is_masonry&quot;:&quot;&quot;,&quot;equal_columns_height&quot;:&quot;&quot;,&quot;use_load_more&quot;:&quot;&quot;,&quot;load_more_id&quot;:&quot;&quot;,&quot;load_more_type&quot;:&quot;click&quot;,&quot;use_custom_post_types&quot;:&quot;yes&quot;,&quot;custom_post_types&quot;:[&quot;componentes&quot;],&quot;hide_widget_if&quot;:&quot;empty_query&quot;,&quot;carousel_enabled&quot;:&quot;&quot;,&quot;slides_to_scroll&quot;:&quot;1&quot;,&quot;arrows&quot;:&quot;true&quot;,&quot;arrow_icon&quot;:&quot;fa fa-angle-left&quot;,&quot;dots&quot;:&quot;&quot;,&quot;autoplay&quot;:&quot;true&quot;,&quot;autoplay_speed&quot;:5000,&quot;infinite&quot;:&quot;true&quot;,&quot;effect&quot;:&quot;slide&quot;,&quot;speed&quot;:500,&quot;inject_alternative_items&quot;:&quot;&quot;,&quot;injection_items&quot;:[],&quot;scroll_slider_enabled&quot;:&quot;&quot;,&quot;scroll_slider_on&quot;:[&quot;desktop&quot;,&quot;tablet&quot;,&quot;mobile&quot;],&quot;_element_id&quot;:&quot;&quot;}}\" data-page=\"1\" data-pages=\"1\" data-listing-source=\"posts\"><style>.elementor-444 .elementor-element.elementor-element-98365e8:not(.elementor-motion-effects-element-type-background) > .elementor-widget-wrap, .elementor-444 .elementor-element.elementor-element-98365e8 > .elementor-widget-wrap > .elementor-motion-effects-container > .elementor-motion-effects-layer{background-color:var( --e-global-color-78096eb );}.elementor-bc-flex-widget .elementor-444 .elementor-element.elementor-element-98365e8.elementor-column .elementor-widget-wrap{align-items:center;}.elementor-444 .elementor-element.elementor-element-98365e8.elementor-column.elementor-element[data-element_type=\"column\"] > .elementor-widget-wrap.elementor-element-populated{align-content:center;align-items:center;}.elementor-444 .elementor-element.elementor-element-98365e8 > .elementor-element-populated{transition:background 0.3s, border 0.3s, border-radius 0.3s, box-shadow 0.3s;margin:0px 0px 0px 0px;--e-column-margin-right:0px;--e-column-margin-left:0px;padding:10px 10px 10px 20px;}.elementor-444 .elementor-element.elementor-element-98365e8 > .elementor-element-populated > .elementor-background-overlay{transition:background 0.3s, border-radius 0.3s, opacity 0.3s;}.elementor-widget-heading .elementor-heading-title{font-family:var( --e-global-typography-primary-font-family ), Sans-serif;font-weight:var( --e-global-typography-primary-font-weight );color:var( --e-global-color-primary );}.elementor-444 .elementor-element.elementor-element-b72c5d0 > .elementor-widget-container{margin:10px 0px 0px 0px;padding:0px 0px 0px 0px;}.elementor-444 .elementor-element.elementor-element-b72c5d0 > .tippy-popper .tippy-tooltip .tippy-content{text-align:center;}.elementor-444 .elementor-element.elementor-element-b72c5d0 .elementor-heading-title{font-size:26px;font-weight:400;line-height:1.4em;color:var( --e-global-color-d8485a4 );}.elementor-444 .elementor-element.elementor-element-cd0b73e > .elementor-container{min-height:193px;}.elementor-444 .elementor-element.elementor-element-cd0b73e, .elementor-444 .elementor-element.elementor-element-cd0b73e > .elementor-background-overlay{border-radius:4px 4px 4px 4px;}.elementor-444 .elementor-element.elementor-element-cd0b73e{box-shadow:0px 4px 3px -2px rgba(0,0,0,0.5);}.elementor-widget-button .elementor-button{background-color:var( --e-global-color-accent );font-family:var( --e-global-typography-accent-font-family ), Sans-serif;font-weight:var( --e-global-typography-accent-font-weight );}.elementor-444 .elementor-element.elementor-element-1c38022 .elementor-button{background-color:#FFFFFF00;fill:var( --e-global-color-secondary );color:var( --e-global-color-secondary );padding:0px 0px 0px 0px;}.elementor-444 .elementor-element.elementor-element-1c38022 > .elementor-widget-container{margin:5px 0px 0px 15px;padding:0px 0px 0px 0px;}.elementor-444 .elementor-element.elementor-element-1c38022 > .tippy-popper .tippy-tooltip .tippy-content{text-align:center;}.elementor-444 .elementor-element.elementor-element-1c38022 .elementor-button-content-wrapper{flex-direction:row-reverse;}.elementor-444 .elementor-element.elementor-element-1c38022 .elementor-button .elementor-button-content-wrapper{gap:10px;}.elementor-444 .elementor-element.elementor-element-66887e8{margin-top:0px;margin-bottom:0px;padding:0px 0px 0px 0px;}.jet-listing-item.single-jet-engine.elementor-page-444 > .elementor{width:330px;margin-left:auto;margin-right:auto;}<\/style><div class=\"jet-listing-grid__item jet-listing-dynamic-post-648\" data-post-id=\"648\"><div class=\"jet-engine-listing-overlay-wrap\" data-url=\"https:\/\/unisinos.br\/vidamigrante\/componentes\/programa-de-mentorias-vida-migrante-empreendedora\">\t\t<div data-elementor-type=\"jet-listing-items\" data-elementor-id=\"444\" class=\"elementor elementor-444\" data-elementor-post-type=\"jet-engine\">\n\t\t\t\t\t\t<section class=\"elementor-section elementor-top-section elementor-element elementor-element-66887e8 elementor-section-boxed elementor-section-height-default elementor-section-height-default\" data-id=\"66887e8\" data-element_type=\"section\">\n\t\t\t\t\t\t<div class=\"elementor-container elementor-column-gap-default\">\n\t\t\t\t\t<div class=\"elementor-column elementor-col-100 elementor-top-column elementor-element elementor-element-fd79c10\" data-id=\"fd79c10\" data-element_type=\"column\">\n\t\t\t<div class=\"elementor-widget-wrap elementor-element-populated\">\n\t\t\t\t\t\t<section class=\"elementor-section elementor-inner-section elementor-element elementor-element-cd0b73e elementor-section-height-min-height elementor-section-boxed elementor-section-height-default\" data-id=\"cd0b73e\" data-element_type=\"section\">\n\t\t\t\t\t\t<div class=\"elementor-container elementor-column-gap-default\">\n\t\t\t\t\t<div class=\"elementor-column elementor-col-100 elementor-inner-column elementor-element elementor-element-98365e8\" data-id=\"98365e8\" data-element_type=\"column\" data-settings=\"{&quot;background_background&quot;:&quot;classic&quot;}\">\n\t\t\t<div class=\"elementor-widget-wrap elementor-element-populated\">\n\t\t\t\t\t\t<div class=\"elementor-element elementor-element-b72c5d0 elementor-widget elementor-widget-heading\" data-id=\"b72c5d0\" data-element_type=\"widget\" data-widget_type=\"heading.default\">\n\t\t\t\t<div class=\"elementor-widget-container\">\n\t\t\t\t\t<h6 class=\"elementor-heading-title elementor-size-default\">Programa de Mentorias \u201cVida Migrante Empreendedora\u201d<\/h6>\t\t\t\t<\/div>\n\t\t\t\t<\/div>\n\t\t\t\t\t<\/div>\n\t\t<\/div>\n\t\t\t\t\t<\/div>\n\t\t<\/section>\n\t\t\t\t<div class=\"elementor-element elementor-element-1c38022 elementor-widget elementor-widget-button\" data-id=\"1c38022\" data-element_type=\"widget\" data-widget_type=\"button.default\">\n\t\t\t\t<div class=\"elementor-widget-container\">\n\t\t\t\t\t\t\t\t\t<div class=\"elementor-button-wrapper\">\n\t\t\t\t\t<a class=\"elementor-button elementor-button-link elementor-size-sm\" href=\"https:\/\/unisinos.br\/vidamigrante\/componentes\/programa-de-mentorias-vida-migrante-empreendedora\">\n\t\t\t\t\t\t<span class=\"elementor-button-content-wrapper\">\n\t\t\t\t\t\t<span class=\"elementor-button-icon\">\n\t\t\t\t<i aria-hidden=\"true\" class=\"fas fa-long-arrow-alt-right\"><\/i>\t\t\t<\/span>\n\t\t\t\t\t\t\t\t\t<span class=\"elementor-button-text\">Saiba mais<\/span>\n\t\t\t\t\t<\/span>\n\t\t\t\t\t<\/a>\n\t\t\t\t<\/div>\n\t\t\t\t\t\t\t\t<\/div>\n\t\t\t\t<\/div>\n\t\t\t\t\t<\/div>\n\t\t<\/div>\n\t\t\t\t\t<\/div>\n\t\t<\/section>\n\t\t\t\t<\/div>\n\t\t<a href=\"https:\/\/unisinos.br\/vidamigrante\/componentes\/programa-de-mentorias-vida-migrante-empreendedora\" class=\"jet-engine-listing-overlay-link\"><\/a><\/div><\/div><div class=\"jet-listing-grid__item jet-listing-dynamic-post-570\" data-post-id=\"570\"><div class=\"jet-engine-listing-overlay-wrap\" data-url=\"https:\/\/unisinos.br\/vidamigrante\/componentes\/modulos-de-autoaprendizado-de-espanhol-basico\">\t\t<div data-elementor-type=\"jet-listing-items\" data-elementor-id=\"444\" class=\"elementor elementor-444\" data-elementor-post-type=\"jet-engine\">\n\t\t\t\t\t\t<section class=\"elementor-section elementor-top-section elementor-element elementor-element-66887e8 elementor-section-boxed elementor-section-height-default elementor-section-height-default\" data-id=\"66887e8\" data-element_type=\"section\">\n\t\t\t\t\t\t<div class=\"elementor-container elementor-column-gap-default\">\n\t\t\t\t\t<div class=\"elementor-column elementor-col-100 elementor-top-column elementor-element elementor-element-fd79c10\" data-id=\"fd79c10\" data-element_type=\"column\">\n\t\t\t<div class=\"elementor-widget-wrap elementor-element-populated\">\n\t\t\t\t\t\t<section class=\"elementor-section elementor-inner-section elementor-element elementor-element-cd0b73e elementor-section-height-min-height elementor-section-boxed elementor-section-height-default\" data-id=\"cd0b73e\" data-element_type=\"section\">\n\t\t\t\t\t\t<div class=\"elementor-container elementor-column-gap-default\">\n\t\t\t\t\t<div class=\"elementor-column elementor-col-100 elementor-inner-column elementor-element elementor-element-98365e8\" data-id=\"98365e8\" data-element_type=\"column\" data-settings=\"{&quot;background_background&quot;:&quot;classic&quot;}\">\n\t\t\t<div class=\"elementor-widget-wrap elementor-element-populated\">\n\t\t\t\t\t\t<div class=\"elementor-element elementor-element-b72c5d0 elementor-widget elementor-widget-heading\" data-id=\"b72c5d0\" data-element_type=\"widget\" data-widget_type=\"heading.default\">\n\t\t\t\t<div class=\"elementor-widget-container\">\n\t\t\t\t\t<h6 class=\"elementor-heading-title elementor-size-default\">M\u00f3dulos de autoaprendizado de Portugu\u00eas b\u00e1sico &#8211; instru\u00e7\u00f5es em espanhol<\/h6>\t\t\t\t<\/div>\n\t\t\t\t<\/div>\n\t\t\t\t\t<\/div>\n\t\t<\/div>\n\t\t\t\t\t<\/div>\n\t\t<\/section>\n\t\t\t\t<div class=\"elementor-element elementor-element-1c38022 elementor-widget elementor-widget-button\" data-id=\"1c38022\" data-element_type=\"widget\" data-widget_type=\"button.default\">\n\t\t\t\t<div class=\"elementor-widget-container\">\n\t\t\t\t\t\t\t\t\t<div class=\"elementor-button-wrapper\">\n\t\t\t\t\t<a class=\"elementor-button elementor-button-link elementor-size-sm\" href=\"https:\/\/unisinos.br\/vidamigrante\/componentes\/modulos-de-autoaprendizado-de-espanhol-basico\">\n\t\t\t\t\t\t<span class=\"elementor-button-content-wrapper\">\n\t\t\t\t\t\t<span class=\"elementor-button-icon\">\n\t\t\t\t<i aria-hidden=\"true\" class=\"fas fa-long-arrow-alt-right\"><\/i>\t\t\t<\/span>\n\t\t\t\t\t\t\t\t\t<span class=\"elementor-button-text\">Saiba mais<\/span>\n\t\t\t\t\t<\/span>\n\t\t\t\t\t<\/a>\n\t\t\t\t<\/div>\n\t\t\t\t\t\t\t\t<\/div>\n\t\t\t\t<\/div>\n\t\t\t\t\t<\/div>\n\t\t<\/div>\n\t\t\t\t\t<\/div>\n\t\t<\/section>\n\t\t\t\t<\/div>\n\t\t<a href=\"https:\/\/unisinos.br\/vidamigrante\/componentes\/modulos-de-autoaprendizado-de-espanhol-basico\" class=\"jet-engine-listing-overlay-link\"><\/a><\/div><\/div><div class=\"jet-listing-grid__item jet-listing-dynamic-post-556\" data-post-id=\"556\"><div class=\"jet-engine-listing-overlay-wrap\" data-url=\"https:\/\/unisinos.br\/vidamigrante\/componentes\/modulos-de-autoaprendizado-de-portugues-basico\">\t\t<div data-elementor-type=\"jet-listing-items\" data-elementor-id=\"444\" class=\"elementor elementor-444\" data-elementor-post-type=\"jet-engine\">\n\t\t\t\t\t\t<section class=\"elementor-section elementor-top-section elementor-element elementor-element-66887e8 elementor-section-boxed elementor-section-height-default elementor-section-height-default\" data-id=\"66887e8\" data-element_type=\"section\">\n\t\t\t\t\t\t<div class=\"elementor-container elementor-column-gap-default\">\n\t\t\t\t\t<div class=\"elementor-column elementor-col-100 elementor-top-column elementor-element elementor-element-fd79c10\" data-id=\"fd79c10\" data-element_type=\"column\">\n\t\t\t<div class=\"elementor-widget-wrap elementor-element-populated\">\n\t\t\t\t\t\t<section class=\"elementor-section elementor-inner-section elementor-element elementor-element-cd0b73e elementor-section-height-min-height elementor-section-boxed elementor-section-height-default\" data-id=\"cd0b73e\" data-element_type=\"section\">\n\t\t\t\t\t\t<div class=\"elementor-container elementor-column-gap-default\">\n\t\t\t\t\t<div class=\"elementor-column elementor-col-100 elementor-inner-column elementor-element elementor-element-98365e8\" data-id=\"98365e8\" data-element_type=\"column\" data-settings=\"{&quot;background_background&quot;:&quot;classic&quot;}\">\n\t\t\t<div class=\"elementor-widget-wrap elementor-element-populated\">\n\t\t\t\t\t\t<div class=\"elementor-element elementor-element-b72c5d0 elementor-widget elementor-widget-heading\" data-id=\"b72c5d0\" data-element_type=\"widget\" data-widget_type=\"heading.default\">\n\t\t\t\t<div class=\"elementor-widget-container\">\n\t\t\t\t\t<h6 class=\"elementor-heading-title elementor-size-default\">M\u00f3dulos de autoaprendizado de Portugu\u00eas b\u00e1sico &#8211; instru\u00e7\u00f5es em portugu\u00eas<\/h6>\t\t\t\t<\/div>\n\t\t\t\t<\/div>\n\t\t\t\t\t<\/div>\n\t\t<\/div>\n\t\t\t\t\t<\/div>\n\t\t<\/section>\n\t\t\t\t<div class=\"elementor-element elementor-element-1c38022 elementor-widget elementor-widget-button\" data-id=\"1c38022\" data-element_type=\"widget\" data-widget_type=\"button.default\">\n\t\t\t\t<div class=\"elementor-widget-container\">\n\t\t\t\t\t\t\t\t\t<div class=\"elementor-button-wrapper\">\n\t\t\t\t\t<a class=\"elementor-button elementor-button-link elementor-size-sm\" href=\"https:\/\/unisinos.br\/vidamigrante\/componentes\/modulos-de-autoaprendizado-de-portugues-basico\">\n\t\t\t\t\t\t<span class=\"elementor-button-content-wrapper\">\n\t\t\t\t\t\t<span class=\"elementor-button-icon\">\n\t\t\t\t<i aria-hidden=\"true\" class=\"fas fa-long-arrow-alt-right\"><\/i>\t\t\t<\/span>\n\t\t\t\t\t\t\t\t\t<span class=\"elementor-button-text\">Saiba mais<\/span>\n\t\t\t\t\t<\/span>\n\t\t\t\t\t<\/a>\n\t\t\t\t<\/div>\n\t\t\t\t\t\t\t\t<\/div>\n\t\t\t\t<\/div>\n\t\t\t\t\t<\/div>\n\t\t<\/div>\n\t\t\t\t\t<\/div>\n\t\t<\/section>\n\t\t\t\t<\/div>\n\t\t<a href=\"https:\/\/unisinos.br\/vidamigrante\/componentes\/modulos-de-autoaprendizado-de-portugues-basico\" class=\"jet-engine-listing-overlay-link\"><\/a><\/div><\/div><div class=\"jet-listing-grid__item jet-listing-dynamic-post-536\" data-post-id=\"536\"><div class=\"jet-engine-listing-overlay-wrap\" data-url=\"https:\/\/unisinos.br\/vidamigrante\/componentes\/pesquisas-sobre-migracoes-internacionais\">\t\t<div data-elementor-type=\"jet-listing-items\" data-elementor-id=\"444\" class=\"elementor elementor-444\" data-elementor-post-type=\"jet-engine\">\n\t\t\t\t\t\t<section class=\"elementor-section elementor-top-section elementor-element elementor-element-66887e8 elementor-section-boxed elementor-section-height-default elementor-section-height-default\" data-id=\"66887e8\" data-element_type=\"section\">\n\t\t\t\t\t\t<div class=\"elementor-container elementor-column-gap-default\">\n\t\t\t\t\t<div class=\"elementor-column elementor-col-100 elementor-top-column elementor-element elementor-element-fd79c10\" data-id=\"fd79c10\" data-element_type=\"column\">\n\t\t\t<div class=\"elementor-widget-wrap elementor-element-populated\">\n\t\t\t\t\t\t<section class=\"elementor-section elementor-inner-section elementor-element elementor-element-cd0b73e elementor-section-height-min-height elementor-section-boxed elementor-section-height-default\" data-id=\"cd0b73e\" data-element_type=\"section\">\n\t\t\t\t\t\t<div class=\"elementor-container elementor-column-gap-default\">\n\t\t\t\t\t<div class=\"elementor-column elementor-col-100 elementor-inner-column elementor-element elementor-element-98365e8\" data-id=\"98365e8\" data-element_type=\"column\" data-settings=\"{&quot;background_background&quot;:&quot;classic&quot;}\">\n\t\t\t<div class=\"elementor-widget-wrap elementor-element-populated\">\n\t\t\t\t\t\t<div class=\"elementor-element elementor-element-b72c5d0 elementor-widget elementor-widget-heading\" data-id=\"b72c5d0\" data-element_type=\"widget\" data-widget_type=\"heading.default\">\n\t\t\t\t<div class=\"elementor-widget-container\">\n\t\t\t\t\t<h6 class=\"elementor-heading-title elementor-size-default\">Pesquisas sobre Migra\u00e7\u00f5es Internacionais<\/h6>\t\t\t\t<\/div>\n\t\t\t\t<\/div>\n\t\t\t\t\t<\/div>\n\t\t<\/div>\n\t\t\t\t\t<\/div>\n\t\t<\/section>\n\t\t\t\t<div class=\"elementor-element elementor-element-1c38022 elementor-widget elementor-widget-button\" data-id=\"1c38022\" data-element_type=\"widget\" data-widget_type=\"button.default\">\n\t\t\t\t<div class=\"elementor-widget-container\">\n\t\t\t\t\t\t\t\t\t<div class=\"elementor-button-wrapper\">\n\t\t\t\t\t<a class=\"elementor-button elementor-button-link elementor-size-sm\" href=\"https:\/\/unisinos.br\/vidamigrante\/componentes\/pesquisas-sobre-migracoes-internacionais\">\n\t\t\t\t\t\t<span class=\"elementor-button-content-wrapper\">\n\t\t\t\t\t\t<span class=\"elementor-button-icon\">\n\t\t\t\t<i aria-hidden=\"true\" class=\"fas fa-long-arrow-alt-right\"><\/i>\t\t\t<\/span>\n\t\t\t\t\t\t\t\t\t<span class=\"elementor-button-text\">Saiba mais<\/span>\n\t\t\t\t\t<\/span>\n\t\t\t\t\t<\/a>\n\t\t\t\t<\/div>\n\t\t\t\t\t\t\t\t<\/div>\n\t\t\t\t<\/div>\n\t\t\t\t\t<\/div>\n\t\t<\/div>\n\t\t\t\t\t<\/div>\n\t\t<\/section>\n\t\t\t\t<\/div>\n\t\t<a href=\"https:\/\/unisinos.br\/vidamigrante\/componentes\/pesquisas-sobre-migracoes-internacionais\" class=\"jet-engine-listing-overlay-link\"><\/a><\/div><\/div><\/div><\/div>\t\t\t\t<\/div>\n\t\t\t\t<\/div>\n\t\t\t\t\t<\/div>\n\t\t<\/div>\n\t\t\t\t\t<\/div>\n\t\t<\/section>\n\t\t\t\t<\/div>\n\t\t","protected":false},"excerpt":{"rendered":"<p>Componentes Saiba mais Saiba mais Saiba mais Saiba mais<\/p>\n","protected":false},"author":1,"featured_media":0,"parent":0,"menu_order":0,"comment_status":"closed","ping_status":"closed","template":"","meta":{"_joinchat":[],"footnotes":""},"class_list":["post-623","page","type-page","status-publish","hentry"],"_links":{"self":[{"href":"https:\/\/unisinos.br\/vidamigrante\/wp-json\/wp\/v2\/pages\/623","targetHints":{"allow":["GET"]}}],"collection":[{"href":"https:\/\/unisinos.br\/vidamigrante\/wp-json\/wp\/v2\/pages"}],"about":[{"href":"https:\/\/unisinos.br\/vidamigrante\/wp-json\/wp\/v2\/types\/page"}],"author":[{"embeddable":true,"href":"https:\/\/unisinos.br\/vidamigrante\/wp-json\/wp\/v2\/users\/1"}],"replies":[{"embeddable":true,"href":"https:\/\/unisinos.br\/vidamigrante\/wp-json\/wp\/v2\/comments?post=623"}],"version-history":[{"count":14,"href":"https:\/\/unisinos.br\/vidamigrante\/wp-json\/wp\/v2\/pages\/623\/revisions"}],"predecessor-version":[{"id":873,"href":"https:\/\/unisinos.br\/vidamigrante\/wp-json\/wp\/v2\/pages\/623\/revisions\/873"}],"wp:attachment":[{"href":"https:\/\/unisinos.br\/vidamigrante\/wp-json\/wp\/v2\/media?parent=623"}],"curies":[{"name":"wp","href":"https:\/\/api.w.org\/{rel}","templated":true}]}}