{"id":8,"date":"2018-01-10T15:00:54","date_gmt":"2018-01-10T17:00:54","guid":{"rendered":"https:\/\/webhomserverphp82.asav.org.br\/softwarelab\/?page_id=8"},"modified":"2019-09-05T11:37:12","modified_gmt":"2019-09-05T14:37:12","slug":"sobre","status":"publish","type":"page","link":"https:\/\/unisinos.br\/softwarelab\/pt\/sobre\/","title":{"rendered":"Sobre"},"content":{"rendered":"<h1 style=\"text-align: left;\"><strong>Sobre<\/strong><\/h1>\n<p style=\"text-align: left;\">O SOFTWARELAB \u00e9 um N\u00facleo de Excel\u00eancia da Unisinos em Inova\u00e7\u00e3o no desenvolvimento de Software. O n\u00facleo desenvolve produtos e servi\u00e7os de software, muitas vezes combinados com sensores ou dispositivos m\u00f3veis, em parceria com a ind\u00fastria. O foco principal de atua\u00e7\u00e3o est\u00e1 relacionado com Internet das Coisas, Intelig\u00eancia Artificial, Vis\u00e3o Computacional e Aplica\u00e7\u00f5es Distribu\u00eddas. Dentre os temas explorados pelo SOFTWARELAB \u00e9 poss\u00edvel destacar Aprendizagem de M\u00e1quina, Computa\u00e7\u00e3o em Nuvem e de Neblina, Computa\u00e7\u00e3o de Alto Desempenho, Modelagem Sem\u00e2ntica, Aplica\u00e7\u00f5es M\u00f3veis e Ub\u00edquas, Aplica\u00e7\u00f5es Cientes de Contexto, Sensores e Wearables, Programa\u00e7\u00e3o em Linguagem Natural e aplica\u00e7\u00f5es na \u00c1rea da Sa\u00fade.<\/p>\n<p style=\"text-align: left;\">O SOFTWARELAB foi reconhecido oficialmente como n\u00facleo de excel\u00eancia da Unisinos em 2016, ap\u00f3s uma caminhada de mais de 10 anos da equipe envolvida no desenvolvimento de pesquisa aplicada com a ind\u00fastria. Essa hist\u00f3ria registra diversos cases de sucesso, incluindo mais de 20 registros de software e patentes, um time interdisciplinar e o envolvimento e forma\u00e7\u00e3o de mais de 200 profissionais em n\u00edvel de gradua\u00e7\u00e3o e mestrado e doutorado.<\/p>\n<p style=\"text-align: left;\">Cabe destacar como diferencial do n\u00facleo SOFTWARELAB o fato de aliar publica\u00e7\u00f5es de n\u00edvel internacional com pesquisa aplicada desenvolvida em parceria com a ind\u00fastria. No melhor do nosso conhecimento, somos um dos poucos grupos no pa\u00eds que consegue aliar produ\u00e7\u00e3o cient\u00edfica de qualidade e, ao mesmo tempo, desenvolvendo produtos inovadores em parceria com empresas.<\/p>\n<p><img decoding=\"async\" class=\"size-large-wp-image-564 aligncenter\" src=\"https:\/\/webhomserverphp82.asav.org.br\/softwarelab\/wp-content\/uploads\/2018\/07\/UNI_6995-300x199.jpg\" alt=\"Softwarelab\" width=\"500\" height=\"300\" \/><\/p>\n","protected":false},"excerpt":{"rendered":"<p>Sobre O SOFTWARELAB \u00e9 um N\u00facleo de Excel\u00eancia da Unisinos em Inova\u00e7\u00e3o no desenvolvimento de Software. O n\u00facleo desenvolve produtos e servi\u00e7os de software, muitas vezes combinados com sensores ou dispositivos m\u00f3veis, em parceria com a ind\u00fastria. O foco principal de atua\u00e7\u00e3o est\u00e1 relacionado com Internet das Coisas, Intelig\u00eancia Artificial, Vis\u00e3o Computacional e Aplica\u00e7\u00f5es Distribu\u00eddas. [&hellip;]<\/p>\n","protected":false},"author":6,"featured_media":0,"parent":0,"menu_order":0,"comment_status":"closed","ping_status":"closed","template":"","meta":{"footnotes":""},"class_list":["post-8","page","type-page","status-publish","hentry"],"_links":{"self":[{"href":"https:\/\/unisinos.br\/softwarelab\/wp-json\/wp\/v2\/pages\/8","targetHints":{"allow":["GET"]}}],"collection":[{"href":"https:\/\/unisinos.br\/softwarelab\/wp-json\/wp\/v2\/pages"}],"about":[{"href":"https:\/\/unisinos.br\/softwarelab\/wp-json\/wp\/v2\/types\/page"}],"author":[{"embeddable":true,"href":"https:\/\/unisinos.br\/softwarelab\/wp-json\/wp\/v2\/users\/6"}],"replies":[{"embeddable":true,"href":"https:\/\/unisinos.br\/softwarelab\/wp-json\/wp\/v2\/comments?post=8"}],"version-history":[{"count":12,"href":"https:\/\/unisinos.br\/softwarelab\/wp-json\/wp\/v2\/pages\/8\/revisions"}],"predecessor-version":[{"id":567,"href":"https:\/\/unisinos.br\/softwarelab\/wp-json\/wp\/v2\/pages\/8\/revisions\/567"}],"wp:attachment":[{"href":"https:\/\/unisinos.br\/softwarelab\/wp-json\/wp\/v2\/media?parent=8"}],"curies":[{"name":"wp","href":"https:\/\/api.w.org\/{rel}","templated":true}]}}