{"id":62,"date":"2018-03-07T17:52:21","date_gmt":"2018-03-07T20:52:21","guid":{"rendered":"https:\/\/webhomserverphp82.asav.org.br\/softwarelab\/?page_id=62"},"modified":"2019-09-05T11:37:07","modified_gmt":"2019-09-05T14:37:07","slug":"infraestrutura","status":"publish","type":"page","link":"https:\/\/unisinos.br\/softwarelab\/pt\/infraestrutura\/","title":{"rendered":"Infraestrutura"},"content":{"rendered":"<div class=\"fusion-fullwidth fullwidth-box fusion-builder-row-1 nonhundred-percent-fullwidth non-hundred-percent-height-scrolling\" style=\"--awb-border-radius-top-left:0px;--awb-border-radius-top-right:0px;--awb-border-radius-bottom-right:0px;--awb-border-radius-bottom-left:0px;--awb-flex-wrap:wrap;\" ><div class=\"fusion-builder-row fusion-row\"><div class=\"fusion-layout-column fusion_builder_column fusion-builder-column-0 fusion_builder_column_1_1 1_1 fusion-one-full fusion-column-first fusion-column-last\" style=\"--awb-bg-size:cover;\"><div class=\"fusion-column-wrapper fusion-flex-column-wrapper-legacy\"><div class=\"fusion-title title fusion-title-1 fusion-title-text fusion-title-size-one\"><h1 class=\"fusion-title-heading title-heading-left\" style=\"margin:0;\">Infraestrutura<\/h1><span class=\"awb-title-spacer\"><\/span><div class=\"title-sep-container\"><div class=\"title-sep sep-double sep-solid\" style=\"border-color:#e0dede;\"><\/div><\/div><\/div><div class=\"fusion-builder-row fusion-builder-row-inner fusion-row\"><div class=\"fusion-layout-column fusion_builder_column_inner fusion-builder-nested-column-0 fusion_builder_column_inner_1_2 1_2 fusion-one-half fusion-column-first\" style=\"--awb-bg-size:cover;width:50%;width:calc(50% - ( ( 4% ) * 0.5 ) );margin-right: 4%;\"><div class=\"fusion-column-wrapper fusion-flex-column-wrapper-legacy\"><div class=\"fusion-text fusion-text-1\"><p>A coordena\u00e7\u00e3o do SOFTWARELAB est\u00e1 localizada no Tecnosinos, no pr\u00e9dio Unitec 3. Nesse espa\u00e7o, o SOFTWARELAB possui salas de experimenta\u00e7\u00e3o e de desenvolvimento de pesquisa aplicada, incluindo uma sala cir\u00fargica simulada. Outros espa\u00e7os utilizados pelo Softwarelab est\u00e3o localizados no pr\u00e9dio C01, 4\u00ba andar, junto ao Programa de P\u00f3s-Gradua\u00e7\u00e3o em Computa\u00e7\u00e3o Aplicada. Al\u00e9m disso, o n\u00facleo utiliza espa\u00e7os disponibilizados pelo Portal de Inova\u00e7\u00e3o e pelos Institutos Tecnol\u00f3gicos da Unisinos.<\/p>\n<\/div><div class=\"fusion-clearfix\"><\/div><\/div><\/div><div class=\"fusion-layout-column fusion_builder_column_inner fusion-builder-nested-column-1 fusion_builder_column_inner_1_2 1_2 fusion-one-half fusion-column-last\" style=\"--awb-bg-size:cover;width:50%;width:calc(50% - ( ( 4% ) * 0.5 ) );\"><div class=\"fusion-column-wrapper fusion-flex-column-wrapper-legacy\"><div class=\"awb-gallery-wrapper awb-gallery-wrapper-1 button-span-no\"><div style=\"margin:-5px;--awb-bordersize:0px;\" class=\"fusion-gallery fusion-gallery-container fusion-grid-1 fusion-columns-total-1 fusion-gallery-layout-grid fusion-gallery-1\"><div style=\"padding:5px;\" class=\"fusion-grid-column fusion-gallery-column fusion-gallery-column-1 hover-type-none\"><div class=\"fusion-gallery-image\"><a href=\"https:\/\/unisinos.br\/softwarelab\/wp-content\/uploads\/2018\/07\/UNI_7018.jpg\" rel=\"noreferrer\" data-rel=\"iLightbox[gallery_image_1]\" class=\"fusion-lightbox\"><img decoding=\"async\" src=\"https:\/\/unisinos.br\/softwarelab\/wp-content\/uploads\/2018\/07\/UNI_7018.jpg\" width=\"3696\" height=\"2448\" alt=\"\" title=\"setup\" aria-label=\"setup\" class=\"img-responsive wp-image-568\" srcset=\"https:\/\/unisinos.br\/softwarelab\/wp-content\/uploads\/2018\/07\/UNI_7018-200x132.jpg 200w, https:\/\/unisinos.br\/softwarelab\/wp-content\/uploads\/2018\/07\/UNI_7018-400x265.jpg 400w, https:\/\/unisinos.br\/softwarelab\/wp-content\/uploads\/2018\/07\/UNI_7018-600x397.jpg 600w, https:\/\/unisinos.br\/softwarelab\/wp-content\/uploads\/2018\/07\/UNI_7018-800x530.jpg 800w, https:\/\/unisinos.br\/softwarelab\/wp-content\/uploads\/2018\/07\/UNI_7018-1200x795.jpg 1200w, https:\/\/unisinos.br\/softwarelab\/wp-content\/uploads\/2018\/07\/UNI_7018.jpg 3696w\" sizes=\"(min-width: 2200px) 100vw, (min-width: 640px) 1100px, \" \/><\/a><\/div><\/div><div class=\"clearfix\"><\/div><\/div><\/div><div class=\"fusion-clearfix\"><\/div><\/div><\/div><\/div><div class=\"fusion-builder-row fusion-builder-row-inner fusion-row\"><div class=\"fusion-layout-column fusion_builder_column_inner fusion-builder-nested-column-2 fusion_builder_column_inner_1_2 1_2 fusion-one-half fusion-column-first\" style=\"--awb-bg-size:cover;width:50%;width:calc(50% - ( ( 4% ) * 0.5 ) );margin-right: 4%;\"><div class=\"fusion-column-wrapper fusion-flex-column-wrapper-legacy\"><div class=\"fusion-text fusion-text-2\"><p>Em termos de equipamentos, o n\u00facleo de excel\u00eancia SOFTWARELAB est\u00e1 equipado com computadores de \u00faltima gera\u00e7\u00e3o, bem como tem acesso \u00e0 um cluster de alto desempenho e para o armazenamento atrav\u00e9s de uma nuvem computacional privada. Possui diversos dispositivos m\u00f3veis, incluindo smartphones (iOS e Android), tablets, sensores RFID e tags, equipamentos UWB, Beacons e dispositivos BLE, c\u00e2meras RGBD, equipamentos de realidade virtual e aumentada, Raspberry Pi, Ardu\u00ednos, dentre outros.<\/p>\n<\/div><div class=\"fusion-clearfix\"><\/div><\/div><\/div><div class=\"fusion-layout-column fusion_builder_column_inner fusion-builder-nested-column-3 fusion_builder_column_inner_1_2 1_2 fusion-one-half fusion-column-last\" style=\"--awb-bg-size:cover;width:50%;width:calc(50% - ( ( 4% ) * 0.5 ) );\"><div class=\"fusion-column-wrapper fusion-flex-column-wrapper-legacy\"><div class=\"awb-gallery-wrapper awb-gallery-wrapper-2 button-span-no\"><div style=\"margin:-5px;--awb-bordersize:0px;\" class=\"fusion-gallery fusion-gallery-container fusion-grid-1 fusion-columns-total-1 fusion-gallery-layout-grid fusion-gallery-2\"><div style=\"padding:5px;\" class=\"fusion-grid-column fusion-gallery-column fusion-gallery-column-1 hover-type-none\"><div class=\"fusion-gallery-image\"><a href=\"https:\/\/unisinos.br\/softwarelab\/wp-content\/uploads\/2019\/05\/cluster1-1.jpeg\" rel=\"noreferrer\" data-rel=\"iLightbox[gallery_image_2]\" class=\"fusion-lightbox\"><img decoding=\"async\" src=\"https:\/\/unisinos.br\/softwarelab\/wp-content\/uploads\/2019\/05\/cluster1-1.jpeg\" width=\"4032\" height=\"3024\" alt=\"\" title=\"cluster1\" aria-label=\"cluster1\" class=\"img-responsive wp-image-1324\" srcset=\"https:\/\/unisinos.br\/softwarelab\/wp-content\/uploads\/2019\/05\/cluster1-1-200x150.jpeg 200w, https:\/\/unisinos.br\/softwarelab\/wp-content\/uploads\/2019\/05\/cluster1-1-400x300.jpeg 400w, https:\/\/unisinos.br\/softwarelab\/wp-content\/uploads\/2019\/05\/cluster1-1-600x450.jpeg 600w, https:\/\/unisinos.br\/softwarelab\/wp-content\/uploads\/2019\/05\/cluster1-1-800x600.jpeg 800w, https:\/\/unisinos.br\/softwarelab\/wp-content\/uploads\/2019\/05\/cluster1-1-1200x900.jpeg 1200w, https:\/\/unisinos.br\/softwarelab\/wp-content\/uploads\/2019\/05\/cluster1-1.jpeg 4032w\" sizes=\"(min-width: 2200px) 100vw, (min-width: 640px) 1100px, \" \/><\/a><\/div><\/div><div class=\"clearfix\"><\/div><\/div><\/div><div class=\"fusion-clearfix\"><\/div><\/div><\/div><\/div><div class=\"fusion-clearfix\"><\/div><\/div><\/div><\/div><\/div>\n","protected":false},"excerpt":{"rendered":"","protected":false},"author":6,"featured_media":0,"parent":0,"menu_order":0,"comment_status":"closed","ping_status":"closed","template":"","meta":{"footnotes":""},"class_list":["post-62","page","type-page","status-publish","hentry"],"_links":{"self":[{"href":"https:\/\/unisinos.br\/softwarelab\/wp-json\/wp\/v2\/pages\/62","targetHints":{"allow":["GET"]}}],"collection":[{"href":"https:\/\/unisinos.br\/softwarelab\/wp-json\/wp\/v2\/pages"}],"about":[{"href":"https:\/\/unisinos.br\/softwarelab\/wp-json\/wp\/v2\/types\/page"}],"author":[{"embeddable":true,"href":"https:\/\/unisinos.br\/softwarelab\/wp-json\/wp\/v2\/users\/6"}],"replies":[{"embeddable":true,"href":"https:\/\/unisinos.br\/softwarelab\/wp-json\/wp\/v2\/comments?post=62"}],"version-history":[{"count":14,"href":"https:\/\/unisinos.br\/softwarelab\/wp-json\/wp\/v2\/pages\/62\/revisions"}],"predecessor-version":[{"id":1325,"href":"https:\/\/unisinos.br\/softwarelab\/wp-json\/wp\/v2\/pages\/62\/revisions\/1325"}],"wp:attachment":[{"href":"https:\/\/unisinos.br\/softwarelab\/wp-json\/wp\/v2\/media?parent=62"}],"curies":[{"name":"wp","href":"https:\/\/api.w.org\/{rel}","templated":true}]}}