{"id":57,"date":"2018-03-07T17:48:11","date_gmt":"2018-03-07T20:48:11","guid":{"rendered":"https:\/\/webhomserverphp82.asav.org.br\/softwarelab\/?page_id=57"},"modified":"2019-09-05T11:37:08","modified_gmt":"2019-09-05T14:37:08","slug":"publicacoes","status":"publish","type":"page","link":"https:\/\/unisinos.br\/softwarelab\/pt\/publicacoes\/","title":{"rendered":"Publica\u00e7\u00f5es"},"content":{"rendered":"<div class=\"fusion-fullwidth fullwidth-box fusion-builder-row-1 nonhundred-percent-fullwidth non-hundred-percent-height-scrolling\" style=\"--awb-border-radius-top-left:0px;--awb-border-radius-top-right:0px;--awb-border-radius-bottom-right:0px;--awb-border-radius-bottom-left:0px;--awb-flex-wrap:wrap;\" ><div class=\"fusion-builder-row fusion-row\"><div class=\"fusion-layout-column fusion_builder_column fusion-builder-column-0 fusion_builder_column_1_1 1_1 fusion-one-full fusion-column-first fusion-column-last\" style=\"--awb-bg-size:cover;\"><div class=\"fusion-column-wrapper fusion-flex-column-wrapper-legacy\"><div class=\"fusion-title title fusion-title-1 fusion-title-text fusion-title-size-one\"><h1 class=\"fusion-title-heading title-heading-left\" style=\"margin:0;\">Publica\u00e7\u00f5es<\/h1><span class=\"awb-title-spacer\"><\/span><div class=\"title-sep-container\"><div class=\"title-sep sep-double sep-solid\" style=\"border-color:#e0dede;\"><\/div><\/div><\/div><div class=\"fusion-text fusion-text-1\"><p>Confira as Publica\u00e7\u00f5es realizadas pela equipe do\u00a0SOFTWARELAB:<\/p>\n<\/div><div class=\"fusion-blog-shortcode fusion-blog-shortcode-1 fusion-blog-archive fusion-blog-layout-grid-wrapper fusion-blog-infinite\"><style type=\"text\/css\">.fusion-blog-shortcode-1 .fusion-blog-layout-grid .fusion-post-grid{padding:20px;}.fusion-blog-shortcode-1 .fusion-posts-container{margin-left: -20px !important; margin-right:-20px !important;}<\/style><div class=\"fusion-posts-container fusion-posts-container-infinite fusion-posts-container-load-more fusion-blog-layout-grid fusion-blog-layout-grid-4 isotope fusion-blog-equal-heights\" data-pages=\"30\" data-grid-col-space=\"40\" style=\"margin: -20px -20px 0;min-height:500px;\"><article id=\"blog-1-post-863\" class=\"fusion-post-grid post-863 post type-post status-publish format-standard has-post-thumbnail hentry category-cristiano-andre-da-costa category-publicacoes-2 category-publicacoes-vinicius-facco-rodrigues category-publicacoes-rodrigo-da-rosa-righi category-publicacoes-cristiano-andre-da-costa category-rodrigo-da-rosa-righi category-vinicius-facco-rodrigues\">\n<div class=\"fusion-post-wrapper\" style=\"background-color:rgba(255,255,255,0);border:1px solid #ebeaea;border-bottom-width:3px;\">\n\n\t\t\t<div class=\"fusion-flexslider flexslider fusion-flexslider-loading fusion-post-slideshow\" style=\"border-color:#ebeaea;\">\n\t\t<ul class=\"slides\">\n\t\t\t\n\t\t\t\t\t\t\t\t\t\t\t\t\t\t<li><div  class=\"fusion-image-wrapper\" aria-haspopup=\"true\">\n\t\t\t\t\t\t\t<a href=\"https:\/\/unisinos.br\/softwarelab\/pt\/pipel-exploiting-resource-reorganization-to-optimize-performance-of-pipeline-structured-applications-in-the-cloud\/\" aria-label=\"Pipel: Exploiting Resource Reorganization to Optimize Performance of Pipeline-Structured Applications in the Cloud\">\n\t\t\t\t\t\t\t<img decoding=\"async\" width=\"275\" height=\"196\" src=\"https:\/\/unisinos.br\/softwarelab\/wp-content\/uploads\/2018\/04\/thumb-publicacoes.jpg\" class=\"attachment-full size-full wp-post-image\" alt=\"\" srcset=\"https:\/\/unisinos.br\/softwarelab\/wp-content\/uploads\/2018\/04\/thumb-publicacoes-200x143.jpg 200w, https:\/\/unisinos.br\/softwarelab\/wp-content\/uploads\/2018\/04\/thumb-publicacoes.jpg 275w\" sizes=\"(min-width: 2200px) 100vw, (min-width: 856px) 245px, (min-width: 784px) 327px, (min-width: 712px) 490px, (min-width: 640px) 712px, \" \/>\t\t\t<\/a>\n\t\t\t\t\t\t\t<\/div>\n<\/li>\n\t\t\t\n\t\t\t\n\t\t\t\t\t\t\t\t\t\t\t\t\t\t\t\t\t\t\t\t\t\t\t\t\t\t\t\t\t\t\t\t\t\t\t\t\t\t\t\t\t\t\t\t\t\t\t\t\t\t\t\t\t\t\t\t\t\t\t\t\t\t\t\t\t\t\t\t<\/ul>\n\t<\/div>\n\t<div class=\"fusion-post-content-wrapper\" style=\"padding:30px 25px 20px 25px;\"><div class=\"fusion-post-content post-content\"><h2 class=\"blog-shortcode-post-title entry-title\"><a href=\"https:\/\/unisinos.br\/softwarelab\/pt\/pipel-exploiting-resource-reorganization-to-optimize-performance-of-pipeline-structured-applications-in-the-cloud\/\">Pipel: Exploiting Resource Reorganization to Optimize Performance of Pipeline-Structured Applications in the Cloud<\/a><\/h2><div class=\"fusion-content-sep sep-double sep-solid\"><\/div><\/div><div class=\"fusion-meta-info\"><div class=\"fusion-alignleft\"><a class=\"fusion-read-more\" href=\"https:\/\/unisinos.br\/softwarelab\/pt\/pipel-exploiting-resource-reorganization-to-optimize-performance-of-pipeline-structured-applications-in-the-cloud\/\" aria-label=\"More on Pipel: Exploiting Resource Reorganization to Optimize Performance of Pipeline-Structured Applications in the Cloud\">Read More<\/a><\/div><\/div><\/div><div class=\"fusion-clearfix\"><\/div><\/div>\n<\/article>\n<article id=\"blog-1-post-1135\" class=\"fusion-post-grid post-1135 post type-post status-publish format-standard has-post-thumbnail hentry category-cristiano-andre-da-costa category-publicacoes-rodrigo-da-rosa-righi category-publicacoes-cristiano-andre-da-costa category-publicacoes-2 category-rodrigo-da-rosa-righi\">\n<div class=\"fusion-post-wrapper\" style=\"background-color:rgba(255,255,255,0);border:1px solid #ebeaea;border-bottom-width:3px;\">\n\n\t\t\t<div class=\"fusion-flexslider flexslider fusion-flexslider-loading fusion-post-slideshow\" style=\"border-color:#ebeaea;\">\n\t\t<ul class=\"slides\">\n\t\t\t\n\t\t\t\t\t\t\t\t\t\t\t\t\t\t<li><div  class=\"fusion-image-wrapper\" aria-haspopup=\"true\">\n\t\t\t\t\t\t\t<a href=\"https:\/\/unisinos.br\/softwarelab\/pt\/nuoxus-a-proactive-caching-model-to-manage-multimedia-content-distribution-on-fog-radio-access-networks\/\" aria-label=\"Nuoxus: A proactive caching model to manage multimedia content distribution on fog radio access networks\">\n\t\t\t\t\t\t\t<img decoding=\"async\" width=\"275\" height=\"196\" src=\"https:\/\/unisinos.br\/softwarelab\/wp-content\/uploads\/2018\/04\/thumb-publicacoes.jpg\" class=\"attachment-full size-full wp-post-image\" alt=\"\" srcset=\"https:\/\/unisinos.br\/softwarelab\/wp-content\/uploads\/2018\/04\/thumb-publicacoes-200x143.jpg 200w, https:\/\/unisinos.br\/softwarelab\/wp-content\/uploads\/2018\/04\/thumb-publicacoes.jpg 275w\" sizes=\"(min-width: 2200px) 100vw, (min-width: 856px) 245px, (min-width: 784px) 327px, (min-width: 712px) 490px, (min-width: 640px) 712px, \" \/>\t\t\t<\/a>\n\t\t\t\t\t\t\t<\/div>\n<\/li>\n\t\t\t\n\t\t\t\n\t\t\t\t\t\t\t\t\t\t\t\t\t\t\t\t\t\t\t\t\t\t\t\t\t\t\t\t\t\t\t\t\t\t\t\t\t\t\t\t\t\t\t\t\t\t\t\t\t\t\t\t\t\t\t\t\t\t\t\t\t\t\t\t\t\t\t\t<\/ul>\n\t<\/div>\n\t<div class=\"fusion-post-content-wrapper\" style=\"padding:30px 25px 20px 25px;\"><div class=\"fusion-post-content post-content\"><h2 class=\"blog-shortcode-post-title entry-title\"><a href=\"https:\/\/unisinos.br\/softwarelab\/pt\/nuoxus-a-proactive-caching-model-to-manage-multimedia-content-distribution-on-fog-radio-access-networks\/\">Nuoxus: A proactive caching model to manage multimedia content distribution on fog radio access networks<\/a><\/h2><div class=\"fusion-content-sep sep-double sep-solid\"><\/div><\/div><div class=\"fusion-meta-info\"><div class=\"fusion-alignleft\"><a class=\"fusion-read-more\" href=\"https:\/\/unisinos.br\/softwarelab\/pt\/nuoxus-a-proactive-caching-model-to-manage-multimedia-content-distribution-on-fog-radio-access-networks\/\" aria-label=\"More on Nuoxus: A proactive caching model to manage multimedia content distribution on fog radio access networks\">Read More<\/a><\/div><\/div><\/div><div class=\"fusion-clearfix\"><\/div><\/div>\n<\/article>\n<article id=\"blog-1-post-1223\" class=\"fusion-post-grid post-1223 post type-post status-publish format-standard has-post-thumbnail hentry category-mauricio-roberto-veronez category-publicacoes-mauricio-roberto-veronez category-publicacoes-2\">\n<div class=\"fusion-post-wrapper\" style=\"background-color:rgba(255,255,255,0);border:1px solid #ebeaea;border-bottom-width:3px;\">\n\n\t\t\t<div class=\"fusion-flexslider flexslider fusion-flexslider-loading fusion-post-slideshow\" style=\"border-color:#ebeaea;\">\n\t\t<ul class=\"slides\">\n\t\t\t\n\t\t\t\t\t\t\t\t\t\t\t\t\t\t<li><div  class=\"fusion-image-wrapper\" aria-haspopup=\"true\">\n\t\t\t\t\t\t\t<a href=\"https:\/\/unisinos.br\/softwarelab\/pt\/a-half-century-of-baardas-concept-of-reliability-a-review-new-perspectives-and-applications\/\" aria-label=\"A half-century of Baarda\u2019s concept of reliability: a review, new perspectives, and applications\">\n\t\t\t\t\t\t\t<img decoding=\"async\" width=\"275\" height=\"196\" src=\"https:\/\/unisinos.br\/softwarelab\/wp-content\/uploads\/2018\/04\/thumb-publicacoes.jpg\" class=\"attachment-full size-full wp-post-image\" alt=\"\" srcset=\"https:\/\/unisinos.br\/softwarelab\/wp-content\/uploads\/2018\/04\/thumb-publicacoes-200x143.jpg 200w, https:\/\/unisinos.br\/softwarelab\/wp-content\/uploads\/2018\/04\/thumb-publicacoes.jpg 275w\" sizes=\"(min-width: 2200px) 100vw, (min-width: 856px) 245px, (min-width: 784px) 327px, (min-width: 712px) 490px, (min-width: 640px) 712px, \" \/>\t\t\t<\/a>\n\t\t\t\t\t\t\t<\/div>\n<\/li>\n\t\t\t\n\t\t\t\n\t\t\t\t\t\t\t\t\t\t\t\t\t\t\t\t\t\t\t\t\t\t\t\t\t\t\t\t\t\t\t\t\t\t\t\t\t\t\t\t\t\t\t\t\t\t\t\t\t\t\t\t\t\t\t\t\t\t\t\t\t\t\t\t\t\t\t\t<\/ul>\n\t<\/div>\n\t<div class=\"fusion-post-content-wrapper\" style=\"padding:30px 25px 20px 25px;\"><div class=\"fusion-post-content post-content\"><h2 class=\"blog-shortcode-post-title entry-title\"><a href=\"https:\/\/unisinos.br\/softwarelab\/pt\/a-half-century-of-baardas-concept-of-reliability-a-review-new-perspectives-and-applications\/\">A half-century of Baarda\u2019s concept of reliability: a review, new perspectives, and applications<\/a><\/h2><div class=\"fusion-content-sep sep-double sep-solid\"><\/div><\/div><div class=\"fusion-meta-info\"><div class=\"fusion-alignleft\"><a class=\"fusion-read-more\" href=\"https:\/\/unisinos.br\/softwarelab\/pt\/a-half-century-of-baardas-concept-of-reliability-a-review-new-perspectives-and-applications\/\" aria-label=\"More on A half-century of Baarda\u2019s concept of reliability: a review, new perspectives, and applications\">Read More<\/a><\/div><\/div><\/div><div class=\"fusion-clearfix\"><\/div><\/div>\n<\/article>\n<article id=\"blog-1-post-1030\" class=\"fusion-post-grid post-1030 post type-post status-publish format-standard has-post-thumbnail hentry category-jorge-luis-victoria-barbosa category-publicacoes-2 category-publicacoes-jorge-luis-victoria-barbosa\">\n<div class=\"fusion-post-wrapper\" style=\"background-color:rgba(255,255,255,0);border:1px solid #ebeaea;border-bottom-width:3px;\">\n\n\t\t\t<div class=\"fusion-flexslider flexslider fusion-flexslider-loading fusion-post-slideshow\" style=\"border-color:#ebeaea;\">\n\t\t<ul class=\"slides\">\n\t\t\t\n\t\t\t\t\t\t\t\t\t\t\t\t\t\t<li><div  class=\"fusion-image-wrapper\" aria-haspopup=\"true\">\n\t\t\t\t\t\t\t<a href=\"https:\/\/unisinos.br\/softwarelab\/pt\/an-anesthesia-alert-system-based-on-dynamic-profiles-inferred-through-the-medical-history-of-patients\/\" aria-label=\"An Anesthesia Alert System based on Dynamic Profiles Inferred through the Medical History of Patients\">\n\t\t\t\t\t\t\t<img decoding=\"async\" width=\"275\" height=\"196\" src=\"https:\/\/unisinos.br\/softwarelab\/wp-content\/uploads\/2018\/04\/thumb-publicacoes.jpg\" class=\"attachment-full size-full wp-post-image\" alt=\"\" srcset=\"https:\/\/unisinos.br\/softwarelab\/wp-content\/uploads\/2018\/04\/thumb-publicacoes-200x143.jpg 200w, https:\/\/unisinos.br\/softwarelab\/wp-content\/uploads\/2018\/04\/thumb-publicacoes.jpg 275w\" sizes=\"(min-width: 2200px) 100vw, (min-width: 856px) 245px, (min-width: 784px) 327px, (min-width: 712px) 490px, (min-width: 640px) 712px, \" \/>\t\t\t<\/a>\n\t\t\t\t\t\t\t<\/div>\n<\/li>\n\t\t\t\n\t\t\t\n\t\t\t\t\t\t\t\t\t\t\t\t\t\t\t\t\t\t\t\t\t\t\t\t\t\t\t\t\t\t\t\t\t\t\t\t\t\t\t\t\t\t\t\t\t\t\t\t\t\t\t\t\t\t\t\t\t\t\t\t\t\t\t\t\t\t\t\t<\/ul>\n\t<\/div>\n\t<div class=\"fusion-post-content-wrapper\" style=\"padding:30px 25px 20px 25px;\"><div class=\"fusion-post-content post-content\"><h2 class=\"blog-shortcode-post-title entry-title\"><a href=\"https:\/\/unisinos.br\/softwarelab\/pt\/an-anesthesia-alert-system-based-on-dynamic-profiles-inferred-through-the-medical-history-of-patients\/\">An Anesthesia Alert System based on Dynamic Profiles Inferred through the Medical History of Patients<\/a><\/h2><div class=\"fusion-content-sep sep-double sep-solid\"><\/div><\/div><div class=\"fusion-meta-info\"><div class=\"fusion-alignleft\"><a class=\"fusion-read-more\" href=\"https:\/\/unisinos.br\/softwarelab\/pt\/an-anesthesia-alert-system-based-on-dynamic-profiles-inferred-through-the-medical-history-of-patients\/\" aria-label=\"More on An Anesthesia Alert System based on Dynamic Profiles Inferred through the Medical History of Patients\">Read More<\/a><\/div><\/div><\/div><div class=\"fusion-clearfix\"><\/div><\/div>\n<\/article>\n<article id=\"blog-1-post-1018\" class=\"fusion-post-grid post-1018 post type-post status-publish format-standard has-post-thumbnail hentry category-jorge-luis-victoria-barbosa category-kleinner-silva-farias category-publicacoes-kleinner-silva-farias category-publicacoes-2 category-publicacoes-jorge-luis-victoria-barbosa\">\n<div class=\"fusion-post-wrapper\" style=\"background-color:rgba(255,255,255,0);border:1px solid #ebeaea;border-bottom-width:3px;\">\n\n\t\t\t<div class=\"fusion-flexslider flexslider fusion-flexslider-loading fusion-post-slideshow\" style=\"border-color:#ebeaea;\">\n\t\t<ul class=\"slides\">\n\t\t\t\n\t\t\t\t\t\t\t\t\t\t\t\t\t\t<li><div  class=\"fusion-image-wrapper\" aria-haspopup=\"true\">\n\t\t\t\t\t\t\t<a href=\"https:\/\/unisinos.br\/softwarelab\/pt\/integration-of-feature-models-a-systematic-mapping-study\/\" aria-label=\"Integration of feature models: A systematic mapping study\">\n\t\t\t\t\t\t\t<img decoding=\"async\" width=\"275\" height=\"196\" src=\"https:\/\/unisinos.br\/softwarelab\/wp-content\/uploads\/2018\/04\/thumb-publicacoes.jpg\" class=\"attachment-full size-full wp-post-image\" alt=\"\" srcset=\"https:\/\/unisinos.br\/softwarelab\/wp-content\/uploads\/2018\/04\/thumb-publicacoes-200x143.jpg 200w, https:\/\/unisinos.br\/softwarelab\/wp-content\/uploads\/2018\/04\/thumb-publicacoes.jpg 275w\" sizes=\"(min-width: 2200px) 100vw, (min-width: 856px) 245px, (min-width: 784px) 327px, (min-width: 712px) 490px, (min-width: 640px) 712px, \" \/>\t\t\t<\/a>\n\t\t\t\t\t\t\t<\/div>\n<\/li>\n\t\t\t\n\t\t\t\n\t\t\t\t\t\t\t\t\t\t\t\t\t\t\t\t\t\t\t\t\t\t\t\t\t\t\t\t\t\t\t\t\t\t\t\t\t\t\t\t\t\t\t\t\t\t\t\t\t\t\t\t\t\t\t\t\t\t\t\t\t\t\t\t\t\t\t\t<\/ul>\n\t<\/div>\n\t<div class=\"fusion-post-content-wrapper\" style=\"padding:30px 25px 20px 25px;\"><div class=\"fusion-post-content post-content\"><h2 class=\"blog-shortcode-post-title entry-title\"><a href=\"https:\/\/unisinos.br\/softwarelab\/pt\/integration-of-feature-models-a-systematic-mapping-study\/\">Integration of feature models: A systematic mapping study<\/a><\/h2><div class=\"fusion-content-sep sep-double sep-solid\"><\/div><\/div><div class=\"fusion-meta-info\"><div class=\"fusion-alignleft\"><a class=\"fusion-read-more\" href=\"https:\/\/unisinos.br\/softwarelab\/pt\/integration-of-feature-models-a-systematic-mapping-study\/\" aria-label=\"More on Integration of feature models: A systematic mapping study\">Read More<\/a><\/div><\/div><\/div><div class=\"fusion-clearfix\"><\/div><\/div>\n<\/article>\n<article id=\"blog-1-post-1015\" class=\"fusion-post-grid post-1015 post type-post status-publish format-standard has-post-thumbnail hentry category-jorge-luis-victoria-barbosa category-publicacoes-jorge-luis-victoria-barbosa category-publicacoes-2\">\n<div class=\"fusion-post-wrapper\" style=\"background-color:rgba(255,255,255,0);border:1px solid #ebeaea;border-bottom-width:3px;\">\n\n\t\t\t<div class=\"fusion-flexslider flexslider fusion-flexslider-loading fusion-post-slideshow\" style=\"border-color:#ebeaea;\">\n\t\t<ul class=\"slides\">\n\t\t\t\n\t\t\t\t\t\t\t\t\t\t\t\t\t\t<li><div  class=\"fusion-image-wrapper\" aria-haspopup=\"true\">\n\t\t\t\t\t\t\t<a href=\"https:\/\/unisinos.br\/softwarelab\/pt\/ebenezer-um-modelo-para-prevencao-ubiqua-de-acidentes-de-trabalho\/\" aria-label=\"Ebenezer: um modelo para preven\u00e7\u00e3o ub\u00edqua de acidentes de trabalho\">\n\t\t\t\t\t\t\t<img decoding=\"async\" width=\"275\" height=\"196\" src=\"https:\/\/unisinos.br\/softwarelab\/wp-content\/uploads\/2018\/04\/thumb-publicacoes.jpg\" class=\"attachment-full size-full wp-post-image\" alt=\"\" srcset=\"https:\/\/unisinos.br\/softwarelab\/wp-content\/uploads\/2018\/04\/thumb-publicacoes-200x143.jpg 200w, https:\/\/unisinos.br\/softwarelab\/wp-content\/uploads\/2018\/04\/thumb-publicacoes.jpg 275w\" sizes=\"(min-width: 2200px) 100vw, (min-width: 856px) 245px, (min-width: 784px) 327px, (min-width: 712px) 490px, (min-width: 640px) 712px, \" \/>\t\t\t<\/a>\n\t\t\t\t\t\t\t<\/div>\n<\/li>\n\t\t\t\n\t\t\t\n\t\t\t\t\t\t\t\t\t\t\t\t\t\t\t\t\t\t\t\t\t\t\t\t\t\t\t\t\t\t\t\t\t\t\t\t\t\t\t\t\t\t\t\t\t\t\t\t\t\t\t\t\t\t\t\t\t\t\t\t\t\t\t\t\t\t\t\t<\/ul>\n\t<\/div>\n\t<div class=\"fusion-post-content-wrapper\" style=\"padding:30px 25px 20px 25px;\"><div class=\"fusion-post-content post-content\"><h2 class=\"blog-shortcode-post-title entry-title\"><a href=\"https:\/\/unisinos.br\/softwarelab\/pt\/ebenezer-um-modelo-para-prevencao-ubiqua-de-acidentes-de-trabalho\/\">Ebenezer: um modelo para preven\u00e7\u00e3o ub\u00edqua de acidentes de trabalho<\/a><\/h2><div class=\"fusion-content-sep sep-double sep-solid\"><\/div><\/div><div class=\"fusion-meta-info\"><div class=\"fusion-alignleft\"><a class=\"fusion-read-more\" href=\"https:\/\/unisinos.br\/softwarelab\/pt\/ebenezer-um-modelo-para-prevencao-ubiqua-de-acidentes-de-trabalho\/\" aria-label=\"More on Ebenezer: um modelo para preven\u00e7\u00e3o ub\u00edqua de acidentes de trabalho\">Read More<\/a><\/div><\/div><\/div><div class=\"fusion-clearfix\"><\/div><\/div>\n<\/article>\n<div class=\"fusion-clearfix\"><\/div><\/div><div class=\"fusion-infinite-scroll-trigger\"><\/div><div class=\"pagination infinite-scroll clearfix\" style=\"display:none;\"><span class=\"current\">1<\/span><a href=\"https:\/\/unisinos.br\/softwarelab\/wp-json\/wp\/v2\/pages\/57\/page\/2\/\" class=\"inactive\">2<\/a><a class=\"pagination-next\" rel=\"next\" href=\"https:\/\/unisinos.br\/softwarelab\/wp-json\/wp\/v2\/pages\/57\/page\/2\/\"><span class=\"page-text\">Pr\u00f3ximo<\/span><span class=\"page-next\"><\/span><\/a><\/div><div class=\"fusion-clearfix\"><\/div><button class=\"fusion-load-more-button fusion-blog-button fusion-clearfix\">Load More Posts<\/button><\/div><div class=\"fusion-clearfix\"><\/div><\/div><\/div><\/div><\/div>\n","protected":false},"excerpt":{"rendered":"","protected":false},"author":6,"featured_media":0,"parent":0,"menu_order":0,"comment_status":"closed","ping_status":"closed","template":"","meta":{"footnotes":""},"class_list":["post-57","page","type-page","status-publish","hentry"],"_links":{"self":[{"href":"https:\/\/unisinos.br\/softwarelab\/wp-json\/wp\/v2\/pages\/57","targetHints":{"allow":["GET"]}}],"collection":[{"href":"https:\/\/unisinos.br\/softwarelab\/wp-json\/wp\/v2\/pages"}],"about":[{"href":"https:\/\/unisinos.br\/softwarelab\/wp-json\/wp\/v2\/types\/page"}],"author":[{"embeddable":true,"href":"https:\/\/unisinos.br\/softwarelab\/wp-json\/wp\/v2\/users\/6"}],"replies":[{"embeddable":true,"href":"https:\/\/unisinos.br\/softwarelab\/wp-json\/wp\/v2\/comments?post=57"}],"version-history":[{"count":6,"href":"https:\/\/unisinos.br\/softwarelab\/wp-json\/wp\/v2\/pages\/57\/revisions"}],"predecessor-version":[{"id":205,"href":"https:\/\/unisinos.br\/softwarelab\/wp-json\/wp\/v2\/pages\/57\/revisions\/205"}],"wp:attachment":[{"href":"https:\/\/unisinos.br\/softwarelab\/wp-json\/wp\/v2\/media?parent=57"}],"curies":[{"name":"wp","href":"https:\/\/api.w.org\/{rel}","templated":true}]}}