{"id":369,"date":"2018-07-04T12:06:04","date_gmt":"2018-07-04T15:06:04","guid":{"rendered":"https:\/\/webhomserverphp82.asav.org.br\/softwarelab\/?page_id=369"},"modified":"2019-09-05T11:37:03","modified_gmt":"2019-09-05T14:37:03","slug":"rodrigorighi","status":"publish","type":"page","link":"https:\/\/unisinos.br\/softwarelab\/pt\/equipe\/rodrigorighi\/","title":{"rendered":"Rodrigo Righi"},"content":{"rendered":"<div class=\"fusion-fullwidth fullwidth-box fusion-builder-row-1 nonhundred-percent-fullwidth non-hundred-percent-height-scrolling\" style=\"--awb-border-radius-top-left:0px;--awb-border-radius-top-right:0px;--awb-border-radius-bottom-right:0px;--awb-border-radius-bottom-left:0px;--awb-flex-wrap:wrap;\" ><div class=\"fusion-builder-row fusion-row\"><div class=\"fusion-layout-column fusion_builder_column fusion-builder-column-0 fusion_builder_column_1_1 1_1 fusion-one-full fusion-column-first fusion-column-last\" style=\"--awb-bg-size:cover;--awb-margin-bottom:0px;\"><div class=\"fusion-column-wrapper fusion-flex-column-wrapper-legacy\"><div class=\"fusion-builder-row fusion-builder-row-inner fusion-row\"><div class=\"fusion-layout-column fusion_builder_column_inner fusion-builder-nested-column-0 fusion_builder_column_inner_1_2 1_2 fusion-one-half fusion-column-first\" style=\"--awb-bg-size:cover;width:50%;width:calc(50% - ( ( 4% ) * 0.5 ) );margin-right: 4%;\"><div class=\"fusion-column-wrapper fusion-flex-column-wrapper-legacy\"><div class=\"fusion-image-element in-legacy-container\" style=\"--awb-caption-title-font-family:var(--h2_typography-font-family);--awb-caption-title-font-weight:var(--h2_typography-font-weight);--awb-caption-title-font-style:var(--h2_typography-font-style);--awb-caption-title-size:var(--h2_typography-font-size);--awb-caption-title-transform:var(--h2_typography-text-transform);--awb-caption-title-line-height:var(--h2_typography-line-height);--awb-caption-title-letter-spacing:var(--h2_typography-letter-spacing);\"><span class=\" fusion-imageframe imageframe-none imageframe-1 hover-type-none\"><img decoding=\"async\" width=\"1024\" height=\"853\" title=\"Rodrigo Righi\" src=\"https:\/\/webhomserverphp82.asav.org.br\/softwarelab\/wp-content\/uploads\/2018\/04\/Rodrigo-Righi-1024x853.jpg\" alt class=\"img-responsive wp-image-318\" srcset=\"https:\/\/unisinos.br\/softwarelab\/wp-content\/uploads\/2018\/04\/Rodrigo-Righi-200x167.jpg 200w, https:\/\/unisinos.br\/softwarelab\/wp-content\/uploads\/2018\/04\/Rodrigo-Righi-400x333.jpg 400w, https:\/\/unisinos.br\/softwarelab\/wp-content\/uploads\/2018\/04\/Rodrigo-Righi-600x500.jpg 600w, https:\/\/unisinos.br\/softwarelab\/wp-content\/uploads\/2018\/04\/Rodrigo-Righi-800x667.jpg 800w, https:\/\/unisinos.br\/softwarelab\/wp-content\/uploads\/2018\/04\/Rodrigo-Righi.jpg 1200w\" sizes=\"(max-width: 800px) 100vw, 600px\" \/><\/span><\/div><div class=\"fusion-clearfix\"><\/div><\/div><\/div><div class=\"fusion-layout-column fusion_builder_column_inner fusion-builder-nested-column-1 fusion_builder_column_inner_1_2 1_2 fusion-one-half fusion-column-last\" style=\"--awb-bg-size:cover;width:50%;width:calc(50% - ( ( 4% ) * 0.5 ) );\"><div class=\"fusion-column-wrapper fusion-flex-column-wrapper-legacy\"><div class=\"fusion-title title fusion-title-1 fusion-title-text fusion-title-size-one\"><h1 class=\"fusion-title-heading title-heading-left\" style=\"margin:0;\">Rodrigo da Rosa Righi<\/h1><span class=\"awb-title-spacer\"><\/span><div class=\"title-sep-container\"><div class=\"title-sep sep-double sep-solid\" style=\"border-color:#e0dede;\"><\/div><\/div><\/div><div class=\"fusion-text fusion-text-1\"><p>Doutor em Ci\u00eancia da Computa\u00e7\u00e3o<\/p>\n<p><strong>\u00c1reas de interesse:\u00a0<\/strong>Atua na \u00e1rea de Redes de Computadores e Sistemas Distribu\u00eddos com \u00eanfase em Avalia\u00e7\u00e3o de Desempenho, Migra\u00e7\u00e3o e Escalonamento de Processos, Balanceamento de Carga e Adapta\u00e7\u00e3o da Comunica\u00e7\u00e3o em Ambientes Distribu\u00eddos (clusters e grids).<\/p>\n<p><strong>Linha de Pesquisa:<\/strong> Internet das Coisas e Aplica\u00e7\u00f5es Distribu\u00eddas.<\/p>\n<p><a href=\"http:\/\/lattes.cnpq.br\/2332604239081900\">Curr\u00edculo Lattes<\/a><\/p>\n<p><a href=\"mailto:rrrighi@unisinos.br\" target=\"_blank\" rel=\"noopener noreferrer\">rrrighi@unisinos.br<\/a><\/p>\n<\/div><div class=\"fusion-clearfix\"><\/div><\/div><\/div><\/div><div class=\"fusion-blog-shortcode fusion-blog-shortcode-1 fusion-blog-archive fusion-blog-layout-grid-wrapper fusion-blog-infinite\"><style type=\"text\/css\">.fusion-blog-shortcode-1 .fusion-blog-layout-grid .fusion-post-grid{padding:20px;}.fusion-blog-shortcode-1 .fusion-posts-container{margin-left: -20px !important; margin-right:-20px !important;}<\/style><div class=\"fusion-posts-container fusion-posts-container-infinite fusion-blog-layout-grid fusion-blog-layout-grid-4 isotope\" data-pages=\"13\" data-grid-col-space=\"40\" style=\"margin: -20px -20px 0;min-height:500px;\"><article id=\"blog-1-post-1410\" class=\"fusion-post-grid post-1410 post type-post status-publish format-standard has-post-thumbnail hentry category-gabriel-ramos category-jorge-luis-victoria-barbosa category-kleinner-silva-farias category-projetos-jorge-luis-victoria-barbosa category-projetos-pt-rafael-kunst category-projetos-kleinner-silva-farias category-projetos-pt-gabriel-ramos category-projetos-2 category-projetos-rodrigo-da-rosa-righi category-rafael-kunst category-rodrigo-da-rosa-righi\">\n<div class=\"fusion-post-wrapper\" style=\"background-color:rgba(255,255,255,0);border:1px solid #ebeaea;border-bottom-width:3px;\">\n\n\t\t\t<div class=\"fusion-flexslider flexslider fusion-flexslider-loading fusion-post-slideshow\" style=\"border-color:#ebeaea;\">\n\t\t<ul class=\"slides\">\n\t\t\t\n\t\t\t\t\t\t\t\t\t\t\t\t\t\t<li><div  class=\"fusion-image-wrapper\" aria-haspopup=\"true\">\n\t\t\t\t\t\t\t<a href=\"https:\/\/unisinos.br\/softwarelab\/pt\/solucoes-baseadas-em-aprendizagem-de-maquina-e-fog-computing-para-gerenciamento-eficiente-da-infraestrutura-de-cidades-inteligentes\/\" aria-label=\"Solu\u00e7\u00f5es baseadas em Aprendizagem de M\u00e1quina e Fog Computing para Gerenciamento Eficiente da Infraestrutura de Cidades Inteligentes\">\n\t\t\t\t\t\t\t<img decoding=\"async\" width=\"275\" height=\"196\" src=\"https:\/\/unisinos.br\/softwarelab\/wp-content\/uploads\/2018\/04\/thumb-projetos.jpg\" class=\"attachment-full size-full wp-post-image\" alt=\"\" srcset=\"https:\/\/unisinos.br\/softwarelab\/wp-content\/uploads\/2018\/04\/thumb-projetos-200x143.jpg 200w, https:\/\/unisinos.br\/softwarelab\/wp-content\/uploads\/2018\/04\/thumb-projetos.jpg 275w\" sizes=\"(min-width: 2200px) 100vw, (min-width: 856px) 245px, (min-width: 784px) 327px, (min-width: 712px) 490px, (min-width: 640px) 712px, \" \/>\t\t\t<\/a>\n\t\t\t\t\t\t\t<\/div>\n<\/li>\n\t\t\t\n\t\t\t\n\t\t\t\t\t\t\t\t\t\t\t\t\t\t\t\t\t\t\t\t\t\t\t\t\t\t\t\t\t\t\t\t\t\t\t\t\t\t\t\t\t\t\t\t\t\t\t\t\t\t\t\t\t\t\t\t\t\t\t\t\t\t\t\t\t\t\t\t<\/ul>\n\t<\/div>\n\t<div class=\"fusion-post-content-wrapper\" style=\"padding:30px 25px 20px 25px;\"><div class=\"fusion-post-content post-content\"><h2 class=\"blog-shortcode-post-title entry-title\"><a href=\"https:\/\/unisinos.br\/softwarelab\/pt\/solucoes-baseadas-em-aprendizagem-de-maquina-e-fog-computing-para-gerenciamento-eficiente-da-infraestrutura-de-cidades-inteligentes\/\">Solu\u00e7\u00f5es baseadas em Aprendizagem de M\u00e1quina e Fog Computing para Gerenciamento Eficiente da Infraestrutura de Cidades Inteligentes<\/a><\/h2><div class=\"fusion-content-sep sep-double sep-solid\"><\/div><\/div><div class=\"fusion-meta-info\"><div class=\"fusion-alignleft\"><a class=\"fusion-read-more\" href=\"https:\/\/unisinos.br\/softwarelab\/pt\/solucoes-baseadas-em-aprendizagem-de-maquina-e-fog-computing-para-gerenciamento-eficiente-da-infraestrutura-de-cidades-inteligentes\/\" aria-label=\"More on Solu\u00e7\u00f5es baseadas em Aprendizagem de M\u00e1quina e Fog Computing para Gerenciamento Eficiente da Infraestrutura de Cidades Inteligentes\">Read More<\/a><\/div><\/div><\/div><div class=\"fusion-clearfix\"><\/div><\/div>\n<\/article>\n<article id=\"blog-1-post-863\" class=\"fusion-post-grid post-863 post type-post status-publish format-standard has-post-thumbnail hentry category-cristiano-andre-da-costa category-publicacoes-vinicius-facco-rodrigues category-publicacoes-rodrigo-da-rosa-righi category-publicacoes-cristiano-andre-da-costa category-publicacoes-2 category-rodrigo-da-rosa-righi category-vinicius-facco-rodrigues\">\n<div class=\"fusion-post-wrapper\" style=\"background-color:rgba(255,255,255,0);border:1px solid #ebeaea;border-bottom-width:3px;\">\n\n\t\t\t<div class=\"fusion-flexslider flexslider fusion-flexslider-loading fusion-post-slideshow\" style=\"border-color:#ebeaea;\">\n\t\t<ul class=\"slides\">\n\t\t\t\n\t\t\t\t\t\t\t\t\t\t\t\t\t\t<li><div  class=\"fusion-image-wrapper\" aria-haspopup=\"true\">\n\t\t\t\t\t\t\t<a href=\"https:\/\/unisinos.br\/softwarelab\/pt\/pipel-exploiting-resource-reorganization-to-optimize-performance-of-pipeline-structured-applications-in-the-cloud\/\" aria-label=\"Pipel: Exploiting Resource Reorganization to Optimize Performance of Pipeline-Structured Applications in the Cloud\">\n\t\t\t\t\t\t\t<img decoding=\"async\" width=\"275\" height=\"196\" src=\"https:\/\/unisinos.br\/softwarelab\/wp-content\/uploads\/2018\/04\/thumb-publicacoes.jpg\" class=\"attachment-full size-full wp-post-image\" alt=\"\" srcset=\"https:\/\/unisinos.br\/softwarelab\/wp-content\/uploads\/2018\/04\/thumb-publicacoes-200x143.jpg 200w, https:\/\/unisinos.br\/softwarelab\/wp-content\/uploads\/2018\/04\/thumb-publicacoes.jpg 275w\" sizes=\"(min-width: 2200px) 100vw, (min-width: 856px) 245px, (min-width: 784px) 327px, (min-width: 712px) 490px, (min-width: 640px) 712px, \" \/>\t\t\t<\/a>\n\t\t\t\t\t\t\t<\/div>\n<\/li>\n\t\t\t\n\t\t\t\n\t\t\t\t\t\t\t\t\t\t\t\t\t\t\t\t\t\t\t\t\t\t\t\t\t\t\t\t\t\t\t\t\t\t\t\t\t\t\t\t\t\t\t\t\t\t\t\t\t\t\t\t\t\t\t\t\t\t\t\t\t\t\t\t\t\t\t\t<\/ul>\n\t<\/div>\n\t<div class=\"fusion-post-content-wrapper\" style=\"padding:30px 25px 20px 25px;\"><div class=\"fusion-post-content post-content\"><h2 class=\"blog-shortcode-post-title entry-title\"><a href=\"https:\/\/unisinos.br\/softwarelab\/pt\/pipel-exploiting-resource-reorganization-to-optimize-performance-of-pipeline-structured-applications-in-the-cloud\/\">Pipel: Exploiting Resource Reorganization to Optimize Performance of Pipeline-Structured Applications in the Cloud<\/a><\/h2><div class=\"fusion-content-sep sep-double sep-solid\"><\/div><\/div><div class=\"fusion-meta-info\"><div class=\"fusion-alignleft\"><a class=\"fusion-read-more\" href=\"https:\/\/unisinos.br\/softwarelab\/pt\/pipel-exploiting-resource-reorganization-to-optimize-performance-of-pipeline-structured-applications-in-the-cloud\/\" aria-label=\"More on Pipel: Exploiting Resource Reorganization to Optimize Performance of Pipeline-Structured Applications in the Cloud\">Read More<\/a><\/div><\/div><\/div><div class=\"fusion-clearfix\"><\/div><\/div>\n<\/article>\n<article id=\"blog-1-post-1398\" class=\"fusion-post-grid post-1398 post type-post status-publish format-standard has-post-thumbnail hentry category-gabriel-ramos category-jorge-luis-victoria-barbosa category-projetos-pt-gabriel-ramos category-projetos-sandro-jose-rigo-sandro-jose-rigo category-projetos-2 category-projetos-rodrigo-da-rosa-righi category-projetos-pt-rafael-kunst category-projetos-jorge-luis-victoria-barbosa category-rafael-kunst category-rodrigo-da-rosa-righi category-sandro-jose-rigo\">\n<div class=\"fusion-post-wrapper\" style=\"background-color:rgba(255,255,255,0);border:1px solid #ebeaea;border-bottom-width:3px;\">\n\n\t\t\t<div class=\"fusion-flexslider flexslider fusion-flexslider-loading fusion-post-slideshow\" style=\"border-color:#ebeaea;\">\n\t\t<ul class=\"slides\">\n\t\t\t\n\t\t\t\t\t\t\t\t\t\t\t\t\t\t<li><div  class=\"fusion-image-wrapper\" aria-haspopup=\"true\">\n\t\t\t\t\t\t\t<a href=\"https:\/\/unisinos.br\/softwarelab\/pt\/contribuindo-para-a-concepcao-de-cidades-inteligentes-atraves-de-inteligencia-artificial\/\" aria-label=\"Contribuindo para a concep\u00e7\u00e3o de cidades inteligentes atrav\u00e9s de intelig\u00eancia artificial\">\n\t\t\t\t\t\t\t<img decoding=\"async\" width=\"275\" height=\"196\" src=\"https:\/\/unisinos.br\/softwarelab\/wp-content\/uploads\/2018\/04\/thumb-projetos.jpg\" class=\"attachment-full size-full wp-post-image\" alt=\"\" srcset=\"https:\/\/unisinos.br\/softwarelab\/wp-content\/uploads\/2018\/04\/thumb-projetos-200x143.jpg 200w, https:\/\/unisinos.br\/softwarelab\/wp-content\/uploads\/2018\/04\/thumb-projetos.jpg 275w\" sizes=\"(min-width: 2200px) 100vw, (min-width: 856px) 245px, (min-width: 784px) 327px, (min-width: 712px) 490px, (min-width: 640px) 712px, \" \/>\t\t\t<\/a>\n\t\t\t\t\t\t\t<\/div>\n<\/li>\n\t\t\t\n\t\t\t\n\t\t\t\t\t\t\t\t\t\t\t\t\t\t\t\t\t\t\t\t\t\t\t\t\t\t\t\t\t\t\t\t\t\t\t\t\t\t\t\t\t\t\t\t\t\t\t\t\t\t\t\t\t\t\t\t\t\t\t\t\t\t\t\t\t\t\t\t<\/ul>\n\t<\/div>\n\t<div class=\"fusion-post-content-wrapper\" style=\"padding:30px 25px 20px 25px;\"><div class=\"fusion-post-content post-content\"><h2 class=\"blog-shortcode-post-title entry-title\"><a href=\"https:\/\/unisinos.br\/softwarelab\/pt\/contribuindo-para-a-concepcao-de-cidades-inteligentes-atraves-de-inteligencia-artificial\/\">Contribuindo para a concep\u00e7\u00e3o de cidades inteligentes atrav\u00e9s de intelig\u00eancia artificial<\/a><\/h2><div class=\"fusion-content-sep sep-double sep-solid\"><\/div><\/div><div class=\"fusion-meta-info\"><div class=\"fusion-alignleft\"><a class=\"fusion-read-more\" href=\"https:\/\/unisinos.br\/softwarelab\/pt\/contribuindo-para-a-concepcao-de-cidades-inteligentes-atraves-de-inteligencia-artificial\/\" aria-label=\"More on Contribuindo para a concep\u00e7\u00e3o de cidades inteligentes atrav\u00e9s de intelig\u00eancia artificial\">Read More<\/a><\/div><\/div><\/div><div class=\"fusion-clearfix\"><\/div><\/div>\n<\/article>\n<article id=\"blog-1-post-1421\" class=\"fusion-post-grid post-1421 post type-post status-publish format-standard has-post-thumbnail hentry category-projetos-rodrigo-da-rosa-righi category-projetos-2 category-rodrigo-da-rosa-righi\">\n<div class=\"fusion-post-wrapper\" style=\"background-color:rgba(255,255,255,0);border:1px solid #ebeaea;border-bottom-width:3px;\">\n\n\t\t\t<div class=\"fusion-flexslider flexslider fusion-flexslider-loading fusion-post-slideshow\" style=\"border-color:#ebeaea;\">\n\t\t<ul class=\"slides\">\n\t\t\t\n\t\t\t\t\t\t\t\t\t\t\t\t\t\t<li><div  class=\"fusion-image-wrapper\" aria-haspopup=\"true\">\n\t\t\t\t\t\t\t<a href=\"https:\/\/unisinos.br\/softwarelab\/pt\/probehavior-gerenciamento-de-padrooes-de-comportamento-e-da-elasticidade-proativa-de-recursos-em-aplicac%cc%a7o%cc%83es-cientificas\/\" aria-label=\"ProBehavior: Gerenciamento de Padro\u00f5es de Comportamento e da Elasticidade ProAtiva de Recursos em Aplicac\u0327o\u0303es Cienti\u0301ficas\">\n\t\t\t\t\t\t\t<img decoding=\"async\" width=\"275\" height=\"196\" src=\"https:\/\/unisinos.br\/softwarelab\/wp-content\/uploads\/2018\/04\/thumb-projetos.jpg\" class=\"attachment-full size-full wp-post-image\" alt=\"\" srcset=\"https:\/\/unisinos.br\/softwarelab\/wp-content\/uploads\/2018\/04\/thumb-projetos-200x143.jpg 200w, https:\/\/unisinos.br\/softwarelab\/wp-content\/uploads\/2018\/04\/thumb-projetos.jpg 275w\" sizes=\"(min-width: 2200px) 100vw, (min-width: 856px) 245px, (min-width: 784px) 327px, (min-width: 712px) 490px, (min-width: 640px) 712px, \" \/>\t\t\t<\/a>\n\t\t\t\t\t\t\t<\/div>\n<\/li>\n\t\t\t\n\t\t\t\n\t\t\t\t\t\t\t\t\t\t\t\t\t\t\t\t\t\t\t\t\t\t\t\t\t\t\t\t\t\t\t\t\t\t\t\t\t\t\t\t\t\t\t\t\t\t\t\t\t\t\t\t\t\t\t\t\t\t\t\t\t\t\t\t\t\t\t\t<\/ul>\n\t<\/div>\n\t<div class=\"fusion-post-content-wrapper\" style=\"padding:30px 25px 20px 25px;\"><div class=\"fusion-post-content post-content\"><h2 class=\"blog-shortcode-post-title entry-title\"><a href=\"https:\/\/unisinos.br\/softwarelab\/pt\/probehavior-gerenciamento-de-padrooes-de-comportamento-e-da-elasticidade-proativa-de-recursos-em-aplicac%cc%a7o%cc%83es-cientificas\/\">ProBehavior: Gerenciamento de Padro\u00f5es de Comportamento e da Elasticidade ProAtiva de Recursos em Aplicac\u0327o\u0303es Cienti\u0301ficas<\/a><\/h2><div class=\"fusion-content-sep sep-double sep-solid\"><\/div><\/div><div class=\"fusion-meta-info\"><div class=\"fusion-alignleft\"><a class=\"fusion-read-more\" href=\"https:\/\/unisinos.br\/softwarelab\/pt\/probehavior-gerenciamento-de-padrooes-de-comportamento-e-da-elasticidade-proativa-de-recursos-em-aplicac%cc%a7o%cc%83es-cientificas\/\" aria-label=\"More on ProBehavior: Gerenciamento de Padro\u00f5es de Comportamento e da Elasticidade ProAtiva de Recursos em Aplicac\u0327o\u0303es Cienti\u0301ficas\">Read More<\/a><\/div><\/div><\/div><div class=\"fusion-clearfix\"><\/div><\/div>\n<\/article>\n<article id=\"blog-1-post-1135\" class=\"fusion-post-grid post-1135 post type-post status-publish format-standard has-post-thumbnail hentry category-cristiano-andre-da-costa category-publicacoes-rodrigo-da-rosa-righi category-publicacoes-cristiano-andre-da-costa category-publicacoes-2 category-rodrigo-da-rosa-righi\">\n<div class=\"fusion-post-wrapper\" style=\"background-color:rgba(255,255,255,0);border:1px solid #ebeaea;border-bottom-width:3px;\">\n\n\t\t\t<div class=\"fusion-flexslider flexslider fusion-flexslider-loading fusion-post-slideshow\" style=\"border-color:#ebeaea;\">\n\t\t<ul class=\"slides\">\n\t\t\t\n\t\t\t\t\t\t\t\t\t\t\t\t\t\t<li><div  class=\"fusion-image-wrapper\" aria-haspopup=\"true\">\n\t\t\t\t\t\t\t<a href=\"https:\/\/unisinos.br\/softwarelab\/pt\/nuoxus-a-proactive-caching-model-to-manage-multimedia-content-distribution-on-fog-radio-access-networks\/\" aria-label=\"Nuoxus: A proactive caching model to manage multimedia content distribution on fog radio access networks\">\n\t\t\t\t\t\t\t<img decoding=\"async\" width=\"275\" height=\"196\" src=\"https:\/\/unisinos.br\/softwarelab\/wp-content\/uploads\/2018\/04\/thumb-publicacoes.jpg\" class=\"attachment-full size-full wp-post-image\" alt=\"\" srcset=\"https:\/\/unisinos.br\/softwarelab\/wp-content\/uploads\/2018\/04\/thumb-publicacoes-200x143.jpg 200w, https:\/\/unisinos.br\/softwarelab\/wp-content\/uploads\/2018\/04\/thumb-publicacoes.jpg 275w\" sizes=\"(min-width: 2200px) 100vw, (min-width: 856px) 245px, (min-width: 784px) 327px, (min-width: 712px) 490px, (min-width: 640px) 712px, \" \/>\t\t\t<\/a>\n\t\t\t\t\t\t\t<\/div>\n<\/li>\n\t\t\t\n\t\t\t\n\t\t\t\t\t\t\t\t\t\t\t\t\t\t\t\t\t\t\t\t\t\t\t\t\t\t\t\t\t\t\t\t\t\t\t\t\t\t\t\t\t\t\t\t\t\t\t\t\t\t\t\t\t\t\t\t\t\t\t\t\t\t\t\t\t\t\t\t<\/ul>\n\t<\/div>\n\t<div class=\"fusion-post-content-wrapper\" style=\"padding:30px 25px 20px 25px;\"><div class=\"fusion-post-content post-content\"><h2 class=\"blog-shortcode-post-title entry-title\"><a href=\"https:\/\/unisinos.br\/softwarelab\/pt\/nuoxus-a-proactive-caching-model-to-manage-multimedia-content-distribution-on-fog-radio-access-networks\/\">Nuoxus: A proactive caching model to manage multimedia content distribution on fog radio access networks<\/a><\/h2><div class=\"fusion-content-sep sep-double sep-solid\"><\/div><\/div><div class=\"fusion-meta-info\"><div class=\"fusion-alignleft\"><a class=\"fusion-read-more\" href=\"https:\/\/unisinos.br\/softwarelab\/pt\/nuoxus-a-proactive-caching-model-to-manage-multimedia-content-distribution-on-fog-radio-access-networks\/\" aria-label=\"More on Nuoxus: A proactive caching model to manage multimedia content distribution on fog radio access networks\">Read More<\/a><\/div><\/div><\/div><div class=\"fusion-clearfix\"><\/div><\/div>\n<\/article>\n<article id=\"blog-1-post-1381\" class=\"fusion-post-grid post-1381 post type-post status-publish format-standard has-post-thumbnail hentry category-cristiano-andre-da-costa category-jorge-luis-victoria-barbosa category-luiz-gonzaga-da-silveira-junior category-projetos-rodolfo-stoffel-antunes category-projetos-rodrigo-da-rosa-righi category-projetos-jorge-luis-victoria-barbosa category-projetos-sandro-jose-rigo-sandro-jose-rigo category-projetos-luiz-gonzaga-da-silveira-junior category-projetos-2 category-projetos-cristiano-andre-da-costa category-rodolfo-stoffel-antunes category-rodrigo-da-rosa-righi category-sandro-jose-rigo\">\n<div class=\"fusion-post-wrapper\" style=\"background-color:rgba(255,255,255,0);border:1px solid #ebeaea;border-bottom-width:3px;\">\n\n\t\t\t<div class=\"fusion-flexslider flexslider fusion-flexslider-loading fusion-post-slideshow\" style=\"border-color:#ebeaea;\">\n\t\t<ul class=\"slides\">\n\t\t\t\n\t\t\t\t\t\t\t\t\t\t\t\t\t\t<li><div  class=\"fusion-image-wrapper\" aria-haspopup=\"true\">\n\t\t\t\t\t\t\t<a href=\"https:\/\/unisinos.br\/softwarelab\/pt\/hospital-do-futuro-o-uso-da-internet-das-coisas-e-do-aprendizado-de-maquina-em-beneficio-da-saude-das-pessoas\/\" aria-label=\"Hospital do Futuro: O Uso da Internet das Coisas e do Aprendizado de M\u00e1quina em benef\u00edcio da sa\u00fade das pessoas\">\n\t\t\t\t\t\t\t<img decoding=\"async\" width=\"275\" height=\"196\" src=\"https:\/\/unisinos.br\/softwarelab\/wp-content\/uploads\/2018\/04\/thumb-projetos.jpg\" class=\"attachment-full size-full wp-post-image\" alt=\"\" srcset=\"https:\/\/unisinos.br\/softwarelab\/wp-content\/uploads\/2018\/04\/thumb-projetos-200x143.jpg 200w, https:\/\/unisinos.br\/softwarelab\/wp-content\/uploads\/2018\/04\/thumb-projetos.jpg 275w\" sizes=\"(min-width: 2200px) 100vw, (min-width: 856px) 245px, (min-width: 784px) 327px, (min-width: 712px) 490px, (min-width: 640px) 712px, \" \/>\t\t\t<\/a>\n\t\t\t\t\t\t\t<\/div>\n<\/li>\n\t\t\t\n\t\t\t\n\t\t\t\t\t\t\t\t\t\t\t\t\t\t\t\t\t\t\t\t\t\t\t\t\t\t\t\t\t\t\t\t\t\t\t\t\t\t\t\t\t\t\t\t\t\t\t\t\t\t\t\t\t\t\t\t\t\t\t\t\t\t\t\t\t\t\t\t<\/ul>\n\t<\/div>\n\t<div class=\"fusion-post-content-wrapper\" style=\"padding:30px 25px 20px 25px;\"><div class=\"fusion-post-content post-content\"><h2 class=\"blog-shortcode-post-title entry-title\"><a href=\"https:\/\/unisinos.br\/softwarelab\/pt\/hospital-do-futuro-o-uso-da-internet-das-coisas-e-do-aprendizado-de-maquina-em-beneficio-da-saude-das-pessoas\/\">Hospital do Futuro: O Uso da Internet das Coisas e do Aprendizado de M\u00e1quina em benef\u00edcio da sa\u00fade das pessoas<\/a><\/h2><div class=\"fusion-content-sep sep-double sep-solid\"><\/div><\/div><div class=\"fusion-meta-info\"><div class=\"fusion-alignleft\"><a class=\"fusion-read-more\" href=\"https:\/\/unisinos.br\/softwarelab\/pt\/hospital-do-futuro-o-uso-da-internet-das-coisas-e-do-aprendizado-de-maquina-em-beneficio-da-saude-das-pessoas\/\" aria-label=\"More on Hospital do Futuro: O Uso da Internet das Coisas e do Aprendizado de M\u00e1quina em benef\u00edcio da sa\u00fade das pessoas\">Read More<\/a><\/div><\/div><\/div><div class=\"fusion-clearfix\"><\/div><\/div>\n<\/article>\n<div class=\"fusion-clearfix\"><\/div><\/div><div class=\"fusion-infinite-scroll-trigger\"><\/div><div class=\"pagination infinite-scroll clearfix\" style=\"display:none;\"><span class=\"current\">1<\/span><a href=\"https:\/\/unisinos.br\/softwarelab\/wp-json\/wp\/v2\/pages\/369\/page\/2\/\" class=\"inactive\">2<\/a><a class=\"pagination-next\" rel=\"next\" href=\"https:\/\/unisinos.br\/softwarelab\/wp-json\/wp\/v2\/pages\/369\/page\/2\/\"><span class=\"page-text\">Pr\u00f3ximo<\/span><span class=\"page-next\"><\/span><\/a><\/div><div class=\"fusion-clearfix\"><\/div><\/div><div class=\"fusion-clearfix\"><\/div><\/div><\/div><\/div><\/div>\n","protected":false},"excerpt":{"rendered":"","protected":false},"author":8,"featured_media":0,"parent":10,"menu_order":0,"comment_status":"closed","ping_status":"closed","template":"","meta":{"footnotes":""},"class_list":["post-369","page","type-page","status-publish","hentry"],"_links":{"self":[{"href":"https:\/\/unisinos.br\/softwarelab\/wp-json\/wp\/v2\/pages\/369","targetHints":{"allow":["GET"]}}],"collection":[{"href":"https:\/\/unisinos.br\/softwarelab\/wp-json\/wp\/v2\/pages"}],"about":[{"href":"https:\/\/unisinos.br\/softwarelab\/wp-json\/wp\/v2\/types\/page"}],"author":[{"embeddable":true,"href":"https:\/\/unisinos.br\/softwarelab\/wp-json\/wp\/v2\/users\/8"}],"replies":[{"embeddable":true,"href":"https:\/\/unisinos.br\/softwarelab\/wp-json\/wp\/v2\/comments?post=369"}],"version-history":[{"count":6,"href":"https:\/\/unisinos.br\/softwarelab\/wp-json\/wp\/v2\/pages\/369\/revisions"}],"predecessor-version":[{"id":1335,"href":"https:\/\/unisinos.br\/softwarelab\/wp-json\/wp\/v2\/pages\/369\/revisions\/1335"}],"up":[{"embeddable":true,"href":"https:\/\/unisinos.br\/softwarelab\/wp-json\/wp\/v2\/pages\/10"}],"wp:attachment":[{"href":"https:\/\/unisinos.br\/softwarelab\/wp-json\/wp\/v2\/media?parent=369"}],"curies":[{"name":"wp","href":"https:\/\/api.w.org\/{rel}","templated":true}]}}