{"id":21,"date":"2018-01-10T15:05:39","date_gmt":"2018-01-10T17:05:39","guid":{"rendered":"https:\/\/webhomserverphp82.asav.org.br\/softwarelab\/?page_id=21"},"modified":"2019-09-05T11:37:09","modified_gmt":"2019-09-05T14:37:09","slug":"projects","status":"publish","type":"page","link":"https:\/\/unisinos.br\/softwarelab\/en\/projects\/","title":{"rendered":"Projects"},"content":{"rendered":"<div class=\"fusion-fullwidth fullwidth-box fusion-builder-row-1 nonhundred-percent-fullwidth non-hundred-percent-height-scrolling\" style=\"--awb-border-radius-top-left:0px;--awb-border-radius-top-right:0px;--awb-border-radius-bottom-right:0px;--awb-border-radius-bottom-left:0px;--awb-flex-wrap:wrap;\" ><div class=\"fusion-builder-row fusion-row\"><div class=\"fusion-layout-column fusion_builder_column fusion-builder-column-0 fusion_builder_column_1_1 1_1 fusion-one-full fusion-column-first fusion-column-last\" style=\"--awb-bg-size:cover;--awb-margin-bottom:0px;\"><div class=\"fusion-column-wrapper fusion-flex-column-wrapper-legacy\"><div class=\"fusion-title title fusion-title-1 fusion-title-text fusion-title-size-one\"><h1 class=\"fusion-title-heading title-heading-left\" style=\"margin:0;\">Projects<\/h1><span class=\"awb-title-spacer\"><\/span><div class=\"title-sep-container\"><div class=\"title-sep sep-double sep-solid\" style=\"border-color:#e0dede;\"><\/div><\/div><\/div><div class=\"fusion-sep-clear\"><\/div><div class=\"fusion-separator fusion-full-width-sep\" style=\"margin-left: auto;margin-right: auto;margin-top:15px;margin-bottom:15px;width:100%;\"><\/div><div class=\"fusion-sep-clear\"><\/div><div class=\"fusion-blog-shortcode fusion-blog-shortcode-1 fusion-blog-archive fusion-blog-layout-grid-wrapper fusion-blog-infinite\"><style type=\"text\/css\">.fusion-blog-shortcode-1 .fusion-blog-layout-grid .fusion-post-grid{padding:20px;}.fusion-blog-shortcode-1 .fusion-posts-container{margin-left: -20px !important; margin-right:-20px !important;}<\/style><div class=\"fusion-posts-container fusion-posts-container-infinite fusion-blog-layout-grid fusion-blog-layout-grid-4 isotope fusion-blog-equal-heights\" data-pages=\"2\" data-grid-col-space=\"40\" style=\"margin: -20px -20px 0;min-height:500px;\"><article id=\"blog-1-post-725\" class=\"fusion-post-grid post-725 post type-post status-publish format-standard has-post-thumbnail hentry category-cristiano-andre-da-costa category-gabriel-ramos category-jorge-luis-victoria-barbosa category-projetos-rodrigo-da-rosa-righi category-projetos-jorge-luis-victoria-barbosa category-projetos-cristiano-andre-da-costa category-projetos-2 category-projetos-pt-gabriel-ramos category-rodrigo-da-rosa-righi tag-ingles\">\n<div class=\"fusion-post-wrapper\" style=\"background-color:rgba(255,255,255,0);border:1px solid #ebeaea;border-bottom-width:3px;\">\n\n\t\t\t<div class=\"fusion-flexslider flexslider fusion-flexslider-loading fusion-post-slideshow\" style=\"border-color:#ebeaea;\">\n\t\t<ul class=\"slides\">\n\t\t\t\n\t\t\t\t\t\t\t\t\t\t\t\t\t\t<li><div  class=\"fusion-image-wrapper\" aria-haspopup=\"true\">\n\t\t\t\t\t\t\t<a href=\"https:\/\/unisinos.br\/softwarelab\/pt\/intelligent-factory-otimizacao-do-custo-operacional-de-fabricas-para-microeletronica-via-internet-das-coisas-iot\/\" aria-label=\"Intelligent Factory: Otimiza\u00e7\u00e3o do Custo Operacional de F\u00e1bricas para Microeletr\u00f4nica via Internet das Coisas (IoT)\">\n\t\t\t\t\t\t\t<img decoding=\"async\" width=\"275\" height=\"196\" src=\"https:\/\/unisinos.br\/softwarelab\/wp-content\/uploads\/2018\/04\/thumb-projetos.jpg\" class=\"attachment-full size-full wp-post-image\" alt=\"\" srcset=\"https:\/\/unisinos.br\/softwarelab\/wp-content\/uploads\/2018\/04\/thumb-projetos-200x143.jpg 200w, https:\/\/unisinos.br\/softwarelab\/wp-content\/uploads\/2018\/04\/thumb-projetos.jpg 275w\" sizes=\"(min-width: 2200px) 100vw, (min-width: 856px) 245px, (min-width: 784px) 327px, (min-width: 712px) 490px, (min-width: 640px) 712px, \" \/>\t\t\t<\/a>\n\t\t\t\t\t\t\t<\/div>\n<\/li>\n\t\t\t\n\t\t\t\n\t\t\t\t\t\t\t\t\t\t\t\t\t\t\t\t\t\t\t\t\t\t\t\t\t\t\t\t\t\t\t\t\t\t\t\t\t\t\t\t\t\t\t\t\t\t\t\t\t\t\t\t\t\t\t\t\t\t\t\t\t\t\t\t\t\t\t\t<\/ul>\n\t<\/div>\n\t<div class=\"fusion-post-content-wrapper\" style=\"padding:30px 25px 20px 25px;\"><div class=\"fusion-post-content post-content\"><h2 class=\"blog-shortcode-post-title entry-title\"><a href=\"https:\/\/unisinos.br\/softwarelab\/pt\/intelligent-factory-otimizacao-do-custo-operacional-de-fabricas-para-microeletronica-via-internet-das-coisas-iot\/\">Intelligent Factory: Otimiza\u00e7\u00e3o do Custo Operacional de F\u00e1bricas para Microeletr\u00f4nica via Internet das Coisas (IoT)<\/a><\/h2><div class=\"fusion-content-sep sep-double sep-solid\"><\/div><\/div><div class=\"fusion-meta-info\"><div class=\"fusion-alignleft\"><a class=\"fusion-read-more\" href=\"https:\/\/unisinos.br\/softwarelab\/pt\/intelligent-factory-otimizacao-do-custo-operacional-de-fabricas-para-microeletronica-via-internet-das-coisas-iot\/\" aria-label=\"More on Intelligent Factory: Otimiza\u00e7\u00e3o do Custo Operacional de F\u00e1bricas para Microeletr\u00f4nica via Internet das Coisas (IoT)\">Read More<\/a><\/div><\/div><\/div><div class=\"fusion-clearfix\"><\/div><\/div>\n<\/article>\n<article id=\"blog-1-post-723\" class=\"fusion-post-grid post-723 post type-post status-publish format-standard has-post-thumbnail hentry category-cristiano-andre-da-costa category-jorge-luis-victoria-barbosa category-projetos-rodrigo-da-rosa-righi category-projetos-jorge-luis-victoria-barbosa category-projetos-cristiano-andre-da-costa category-projetos-2 category-rodrigo-da-rosa-righi tag-ingles\">\n<div class=\"fusion-post-wrapper\" style=\"background-color:rgba(255,255,255,0);border:1px solid #ebeaea;border-bottom-width:3px;\">\n\n\t\t\t<div class=\"fusion-flexslider flexslider fusion-flexslider-loading fusion-post-slideshow\" style=\"border-color:#ebeaea;\">\n\t\t<ul class=\"slides\">\n\t\t\t\n\t\t\t\t\t\t\t\t\t\t\t\t\t\t<li><div  class=\"fusion-image-wrapper\" aria-haspopup=\"true\">\n\t\t\t\t\t\t\t<a href=\"https:\/\/unisinos.br\/softwarelab\/pt\/um-framework-para-servicos-ativados-por-voz-no-escopo-da-internet-das-coisas\/\" aria-label=\"Um Framework para Servi\u00e7os Ativados por Voz no escopo da Internet das Coisas\">\n\t\t\t\t\t\t\t<img decoding=\"async\" width=\"275\" height=\"196\" src=\"https:\/\/unisinos.br\/softwarelab\/wp-content\/uploads\/2018\/04\/thumb-projetos.jpg\" class=\"attachment-full size-full wp-post-image\" alt=\"\" srcset=\"https:\/\/unisinos.br\/softwarelab\/wp-content\/uploads\/2018\/04\/thumb-projetos-200x143.jpg 200w, https:\/\/unisinos.br\/softwarelab\/wp-content\/uploads\/2018\/04\/thumb-projetos.jpg 275w\" sizes=\"(min-width: 2200px) 100vw, (min-width: 856px) 245px, (min-width: 784px) 327px, (min-width: 712px) 490px, (min-width: 640px) 712px, \" \/>\t\t\t<\/a>\n\t\t\t\t\t\t\t<\/div>\n<\/li>\n\t\t\t\n\t\t\t\n\t\t\t\t\t\t\t\t\t\t\t\t\t\t\t\t\t\t\t\t\t\t\t\t\t\t\t\t\t\t\t\t\t\t\t\t\t\t\t\t\t\t\t\t\t\t\t\t\t\t\t\t\t\t\t\t\t\t\t\t\t\t\t\t\t\t\t\t<\/ul>\n\t<\/div>\n\t<div class=\"fusion-post-content-wrapper\" style=\"padding:30px 25px 20px 25px;\"><div class=\"fusion-post-content post-content\"><h2 class=\"blog-shortcode-post-title entry-title\"><a href=\"https:\/\/unisinos.br\/softwarelab\/pt\/um-framework-para-servicos-ativados-por-voz-no-escopo-da-internet-das-coisas\/\">Um Framework para Servi\u00e7os Ativados por Voz no escopo da Internet das Coisas<\/a><\/h2><div class=\"fusion-content-sep sep-double sep-solid\"><\/div><\/div><div class=\"fusion-meta-info\"><div class=\"fusion-alignleft\"><a class=\"fusion-read-more\" href=\"https:\/\/unisinos.br\/softwarelab\/pt\/um-framework-para-servicos-ativados-por-voz-no-escopo-da-internet-das-coisas\/\" aria-label=\"More on Um Framework para Servi\u00e7os Ativados por Voz no escopo da Internet das Coisas\">Read More<\/a><\/div><\/div><\/div><div class=\"fusion-clearfix\"><\/div><\/div>\n<\/article>\n<article id=\"blog-1-post-720\" class=\"fusion-post-grid post-720 post type-post status-publish format-standard has-post-thumbnail hentry category-cristiano-andre-da-costa category-projetos-rodrigo-da-rosa-righi category-projetos-cristiano-andre-da-costa category-projetos-sandro-jose-rigo-sandro-jose-rigo category-projetos-2 category-rodrigo-da-rosa-righi category-sandro-jose-rigo tag-ingles\">\n<div class=\"fusion-post-wrapper\" style=\"background-color:rgba(255,255,255,0);border:1px solid #ebeaea;border-bottom-width:3px;\">\n\n\t\t\t<div class=\"fusion-flexslider flexslider fusion-flexslider-loading fusion-post-slideshow\" style=\"border-color:#ebeaea;\">\n\t\t<ul class=\"slides\">\n\t\t\t\n\t\t\t\t\t\t\t\t\t\t\t\t\t\t<li><div  class=\"fusion-image-wrapper\" aria-haspopup=\"true\">\n\t\t\t\t\t\t\t<a href=\"https:\/\/unisinos.br\/softwarelab\/pt\/um-modelo-interoperavel-e-baseado-em-blockchain-para-prontuarios-eletronicos-no-ambito-do-uhospital\/\" aria-label=\"Um Modelo Interoper\u00e1vel e baseado em Blockchain para Prontu\u00e1rios Eletr\u00f4nicos no \u00e2mbito do uHospital\">\n\t\t\t\t\t\t\t<img decoding=\"async\" width=\"275\" height=\"196\" src=\"https:\/\/unisinos.br\/softwarelab\/wp-content\/uploads\/2018\/04\/thumb-projetos.jpg\" class=\"attachment-full size-full wp-post-image\" alt=\"\" srcset=\"https:\/\/unisinos.br\/softwarelab\/wp-content\/uploads\/2018\/04\/thumb-projetos-200x143.jpg 200w, https:\/\/unisinos.br\/softwarelab\/wp-content\/uploads\/2018\/04\/thumb-projetos.jpg 275w\" sizes=\"(min-width: 2200px) 100vw, (min-width: 856px) 245px, (min-width: 784px) 327px, (min-width: 712px) 490px, (min-width: 640px) 712px, \" \/>\t\t\t<\/a>\n\t\t\t\t\t\t\t<\/div>\n<\/li>\n\t\t\t\n\t\t\t\n\t\t\t\t\t\t\t\t\t\t\t\t\t\t\t\t\t\t\t\t\t\t\t\t\t\t\t\t\t\t\t\t\t\t\t\t\t\t\t\t\t\t\t\t\t\t\t\t\t\t\t\t\t\t\t\t\t\t\t\t\t\t\t\t\t\t\t\t<\/ul>\n\t<\/div>\n\t<div class=\"fusion-post-content-wrapper\" style=\"padding:30px 25px 20px 25px;\"><div class=\"fusion-post-content post-content\"><h2 class=\"blog-shortcode-post-title entry-title\"><a href=\"https:\/\/unisinos.br\/softwarelab\/pt\/um-modelo-interoperavel-e-baseado-em-blockchain-para-prontuarios-eletronicos-no-ambito-do-uhospital\/\">Um Modelo Interoper\u00e1vel e baseado em Blockchain para Prontu\u00e1rios Eletr\u00f4nicos no \u00e2mbito do uHospital<\/a><\/h2><div class=\"fusion-content-sep sep-double sep-solid\"><\/div><\/div><div class=\"fusion-meta-info\"><div class=\"fusion-alignleft\"><a class=\"fusion-read-more\" href=\"https:\/\/unisinos.br\/softwarelab\/pt\/um-modelo-interoperavel-e-baseado-em-blockchain-para-prontuarios-eletronicos-no-ambito-do-uhospital\/\" aria-label=\"More on Um Modelo Interoper\u00e1vel e baseado em Blockchain para Prontu\u00e1rios Eletr\u00f4nicos no \u00e2mbito do uHospital\">Read More<\/a><\/div><\/div><\/div><div class=\"fusion-clearfix\"><\/div><\/div>\n<\/article>\n<article id=\"blog-1-post-733\" class=\"fusion-post-grid post-733 post type-post status-publish format-standard has-post-thumbnail hentry category-cristiano-andre-da-costa category-projetos-cristiano-andre-da-costa category-projetos-sandro-jose-rigo-sandro-jose-rigo category-projetos-2 category-projetos-rodrigo-da-rosa-righi category-rodrigo-da-rosa-righi category-sandro-jose-rigo tag-ingles\">\n<div class=\"fusion-post-wrapper\" style=\"background-color:rgba(255,255,255,0);border:1px solid #ebeaea;border-bottom-width:3px;\">\n\n\t\t\t<div class=\"fusion-flexslider flexslider fusion-flexslider-loading fusion-post-slideshow\" style=\"border-color:#ebeaea;\">\n\t\t<ul class=\"slides\">\n\t\t\t\n\t\t\t\t\t\t\t\t\t\t\t\t\t\t<li><div  class=\"fusion-image-wrapper\" aria-haspopup=\"true\">\n\t\t\t\t\t\t\t<a href=\"https:\/\/unisinos.br\/softwarelab\/pt\/analisando-recursos-e-aplicacoes-para-melhorar-o-desempenho-de-sistemas-dell\/\" aria-label=\"Analisando Recursos e Aplica\u00e7\u00f5es para Melhorar o Desempenho de Sistemas Dell\">\n\t\t\t\t\t\t\t<img decoding=\"async\" width=\"275\" height=\"196\" src=\"https:\/\/unisinos.br\/softwarelab\/wp-content\/uploads\/2018\/04\/thumb-projetos.jpg\" class=\"attachment-full size-full wp-post-image\" alt=\"\" srcset=\"https:\/\/unisinos.br\/softwarelab\/wp-content\/uploads\/2018\/04\/thumb-projetos-200x143.jpg 200w, https:\/\/unisinos.br\/softwarelab\/wp-content\/uploads\/2018\/04\/thumb-projetos.jpg 275w\" sizes=\"(min-width: 2200px) 100vw, (min-width: 856px) 245px, (min-width: 784px) 327px, (min-width: 712px) 490px, (min-width: 640px) 712px, \" \/>\t\t\t<\/a>\n\t\t\t\t\t\t\t<\/div>\n<\/li>\n\t\t\t\n\t\t\t\n\t\t\t\t\t\t\t\t\t\t\t\t\t\t\t\t\t\t\t\t\t\t\t\t\t\t\t\t\t\t\t\t\t\t\t\t\t\t\t\t\t\t\t\t\t\t\t\t\t\t\t\t\t\t\t\t\t\t\t\t\t\t\t\t\t\t\t\t<\/ul>\n\t<\/div>\n\t<div class=\"fusion-post-content-wrapper\" style=\"padding:30px 25px 20px 25px;\"><div class=\"fusion-post-content post-content\"><h2 class=\"blog-shortcode-post-title entry-title\"><a href=\"https:\/\/unisinos.br\/softwarelab\/pt\/analisando-recursos-e-aplicacoes-para-melhorar-o-desempenho-de-sistemas-dell\/\">Analisando Recursos e Aplica\u00e7\u00f5es para Melhorar o Desempenho de Sistemas Dell<\/a><\/h2><div class=\"fusion-content-sep sep-double sep-solid\"><\/div><\/div><div class=\"fusion-meta-info\"><div class=\"fusion-alignleft\"><a class=\"fusion-read-more\" href=\"https:\/\/unisinos.br\/softwarelab\/pt\/analisando-recursos-e-aplicacoes-para-melhorar-o-desempenho-de-sistemas-dell\/\" aria-label=\"More on Analisando Recursos e Aplica\u00e7\u00f5es para Melhorar o Desempenho de Sistemas Dell\">Read More<\/a><\/div><\/div><\/div><div class=\"fusion-clearfix\"><\/div><\/div>\n<\/article>\n<article id=\"blog-1-post-731\" class=\"fusion-post-grid post-731 post type-post status-publish format-standard has-post-thumbnail hentry category-cristiano-andre-da-costa category-projetos-rodrigo-da-rosa-righi category-projetos-cristiano-andre-da-costa category-projetos-sandro-jose-rigo-sandro-jose-rigo category-projetos-2 category-rodrigo-da-rosa-righi category-sandro-jose-rigo tag-ingles\">\n<div class=\"fusion-post-wrapper\" style=\"background-color:rgba(255,255,255,0);border:1px solid #ebeaea;border-bottom-width:3px;\">\n\n\t\t\t<div class=\"fusion-flexslider flexslider fusion-flexslider-loading fusion-post-slideshow\" style=\"border-color:#ebeaea;\">\n\t\t<ul class=\"slides\">\n\t\t\t\n\t\t\t\t\t\t\t\t\t\t\t\t\t\t<li><div  class=\"fusion-image-wrapper\" aria-haspopup=\"true\">\n\t\t\t\t\t\t\t<a href=\"https:\/\/unisinos.br\/softwarelab\/pt\/modelagem-semantica-para-o-diagnostico-de-sepse-em-emergencia\/\" aria-label=\"Modelagem Sem\u00e2ntica para o diagn\u00f3stico de Sepse em Emerg\u00eancia\">\n\t\t\t\t\t\t\t<img decoding=\"async\" width=\"275\" height=\"196\" src=\"https:\/\/unisinos.br\/softwarelab\/wp-content\/uploads\/2018\/04\/thumb-projetos.jpg\" class=\"attachment-full size-full wp-post-image\" alt=\"\" srcset=\"https:\/\/unisinos.br\/softwarelab\/wp-content\/uploads\/2018\/04\/thumb-projetos-200x143.jpg 200w, https:\/\/unisinos.br\/softwarelab\/wp-content\/uploads\/2018\/04\/thumb-projetos.jpg 275w\" sizes=\"(min-width: 2200px) 100vw, (min-width: 856px) 245px, (min-width: 784px) 327px, (min-width: 712px) 490px, (min-width: 640px) 712px, \" \/>\t\t\t<\/a>\n\t\t\t\t\t\t\t<\/div>\n<\/li>\n\t\t\t\n\t\t\t\n\t\t\t\t\t\t\t\t\t\t\t\t\t\t\t\t\t\t\t\t\t\t\t\t\t\t\t\t\t\t\t\t\t\t\t\t\t\t\t\t\t\t\t\t\t\t\t\t\t\t\t\t\t\t\t\t\t\t\t\t\t\t\t\t\t\t\t\t<\/ul>\n\t<\/div>\n\t<div class=\"fusion-post-content-wrapper\" style=\"padding:30px 25px 20px 25px;\"><div class=\"fusion-post-content post-content\"><h2 class=\"blog-shortcode-post-title entry-title\"><a href=\"https:\/\/unisinos.br\/softwarelab\/pt\/modelagem-semantica-para-o-diagnostico-de-sepse-em-emergencia\/\">Modelagem Sem\u00e2ntica para o diagn\u00f3stico de Sepse em Emerg\u00eancia<\/a><\/h2><div class=\"fusion-content-sep sep-double sep-solid\"><\/div><\/div><div class=\"fusion-meta-info\"><div class=\"fusion-alignleft\"><a class=\"fusion-read-more\" href=\"https:\/\/unisinos.br\/softwarelab\/pt\/modelagem-semantica-para-o-diagnostico-de-sepse-em-emergencia\/\" aria-label=\"More on Modelagem Sem\u00e2ntica para o diagn\u00f3stico de Sepse em Emerg\u00eancia\">Read More<\/a><\/div><\/div><\/div><div class=\"fusion-clearfix\"><\/div><\/div>\n<\/article>\n<article id=\"blog-1-post-729\" class=\"fusion-post-grid post-729 post type-post status-publish format-standard has-post-thumbnail hentry category-cristiano-andre-da-costa category-projetos-rodrigo-da-rosa-righi category-projetos-cristiano-andre-da-costa category-projetos-2 category-projetos-vinicius-facco-rodrigues category-rodrigo-da-rosa-righi category-vinicius-facco-rodrigues tag-ingles\">\n<div class=\"fusion-post-wrapper\" style=\"background-color:rgba(255,255,255,0);border:1px solid #ebeaea;border-bottom-width:3px;\">\n\n\t\t\t<div class=\"fusion-flexslider flexslider fusion-flexslider-loading fusion-post-slideshow\" style=\"border-color:#ebeaea;\">\n\t\t<ul class=\"slides\">\n\t\t\t\n\t\t\t\t\t\t\t\t\t\t\t\t\t\t<li><div  class=\"fusion-image-wrapper\" aria-haspopup=\"true\">\n\t\t\t\t\t\t\t<a href=\"https:\/\/unisinos.br\/softwarelab\/pt\/combinando-elasticidade-multi-metrica-em-nuvem-nas-modalidades-vertical-e-horizontal-para-analise-de-genes-e-reducao-de-pragas-agricolas\/\" aria-label=\"Combinando Elasticidade Multi-M\u00e9trica em Nuvem nas Modalidades Vertical e Horizontal para An\u00e1lise de Genes e Redu\u00e7\u00e3o de Pragas Agr\u00edcolas\">\n\t\t\t\t\t\t\t<img decoding=\"async\" width=\"275\" height=\"196\" src=\"https:\/\/unisinos.br\/softwarelab\/wp-content\/uploads\/2018\/04\/thumb-projetos.jpg\" class=\"attachment-full size-full wp-post-image\" alt=\"\" srcset=\"https:\/\/unisinos.br\/softwarelab\/wp-content\/uploads\/2018\/04\/thumb-projetos-200x143.jpg 200w, https:\/\/unisinos.br\/softwarelab\/wp-content\/uploads\/2018\/04\/thumb-projetos.jpg 275w\" sizes=\"(min-width: 2200px) 100vw, (min-width: 856px) 245px, (min-width: 784px) 327px, (min-width: 712px) 490px, (min-width: 640px) 712px, \" \/>\t\t\t<\/a>\n\t\t\t\t\t\t\t<\/div>\n<\/li>\n\t\t\t\n\t\t\t\n\t\t\t\t\t\t\t\t\t\t\t\t\t\t\t\t\t\t\t\t\t\t\t\t\t\t\t\t\t\t\t\t\t\t\t\t\t\t\t\t\t\t\t\t\t\t\t\t\t\t\t\t\t\t\t\t\t\t\t\t\t\t\t\t\t\t\t\t<\/ul>\n\t<\/div>\n\t<div class=\"fusion-post-content-wrapper\" style=\"padding:30px 25px 20px 25px;\"><div class=\"fusion-post-content post-content\"><h2 class=\"blog-shortcode-post-title entry-title\"><a href=\"https:\/\/unisinos.br\/softwarelab\/pt\/combinando-elasticidade-multi-metrica-em-nuvem-nas-modalidades-vertical-e-horizontal-para-analise-de-genes-e-reducao-de-pragas-agricolas\/\">Combinando Elasticidade Multi-M\u00e9trica em Nuvem nas Modalidades Vertical e Horizontal para An\u00e1lise de Genes e Redu\u00e7\u00e3o de Pragas Agr\u00edcolas<\/a><\/h2><div class=\"fusion-content-sep sep-double sep-solid\"><\/div><\/div><div class=\"fusion-meta-info\"><div class=\"fusion-alignleft\"><a class=\"fusion-read-more\" href=\"https:\/\/unisinos.br\/softwarelab\/pt\/combinando-elasticidade-multi-metrica-em-nuvem-nas-modalidades-vertical-e-horizontal-para-analise-de-genes-e-reducao-de-pragas-agricolas\/\" aria-label=\"More on Combinando Elasticidade Multi-M\u00e9trica em Nuvem nas Modalidades Vertical e Horizontal para An\u00e1lise de Genes e Redu\u00e7\u00e3o de Pragas Agr\u00edcolas\">Read More<\/a><\/div><\/div><\/div><div class=\"fusion-clearfix\"><\/div><\/div>\n<\/article>\n<div class=\"fusion-clearfix\"><\/div><\/div><div class=\"fusion-infinite-scroll-trigger\"><\/div><div class=\"pagination infinite-scroll clearfix\" style=\"display:none;\"><span class=\"current\">1<\/span><a href=\"https:\/\/unisinos.br\/softwarelab\/wp-json\/wp\/v2\/pages\/21\/page\/2\/\" class=\"inactive\">2<\/a><a class=\"pagination-next\" rel=\"next\" href=\"https:\/\/unisinos.br\/softwarelab\/wp-json\/wp\/v2\/pages\/21\/page\/2\/\"><span class=\"page-text\">Pr\u00f3ximo<\/span><span class=\"page-next\"><\/span><\/a><\/div><div class=\"fusion-clearfix\"><\/div><\/div><div class=\"fusion-clearfix\"><\/div><\/div><\/div><\/div><\/div>\n","protected":false},"excerpt":{"rendered":"","protected":false},"author":6,"featured_media":0,"parent":0,"menu_order":0,"comment_status":"closed","ping_status":"closed","template":"","meta":{"footnotes":""},"class_list":["post-21","page","type-page","status-publish","hentry"],"_links":{"self":[{"href":"https:\/\/unisinos.br\/softwarelab\/wp-json\/wp\/v2\/pages\/21","targetHints":{"allow":["GET"]}}],"collection":[{"href":"https:\/\/unisinos.br\/softwarelab\/wp-json\/wp\/v2\/pages"}],"about":[{"href":"https:\/\/unisinos.br\/softwarelab\/wp-json\/wp\/v2\/types\/page"}],"author":[{"embeddable":true,"href":"https:\/\/unisinos.br\/softwarelab\/wp-json\/wp\/v2\/users\/6"}],"replies":[{"embeddable":true,"href":"https:\/\/unisinos.br\/softwarelab\/wp-json\/wp\/v2\/comments?post=21"}],"version-history":[{"count":4,"href":"https:\/\/unisinos.br\/softwarelab\/wp-json\/wp\/v2\/pages\/21\/revisions"}],"predecessor-version":[{"id":1330,"href":"https:\/\/unisinos.br\/softwarelab\/wp-json\/wp\/v2\/pages\/21\/revisions\/1330"}],"wp:attachment":[{"href":"https:\/\/unisinos.br\/softwarelab\/wp-json\/wp\/v2\/media?parent=21"}],"curies":[{"name":"wp","href":"https:\/\/api.w.org\/{rel}","templated":true}]}}