{"id":2,"date":"2017-12-20T11:38:45","date_gmt":"2017-12-20T11:38:45","guid":{"rendered":"https:\/\/webhomserverphp82.asav.org.br\/softwarelab\/?page_id=2"},"modified":"2019-09-05T11:37:12","modified_gmt":"2019-09-05T14:37:12","slug":"projetos","status":"publish","type":"page","link":"https:\/\/unisinos.br\/softwarelab\/pt\/projetos\/","title":{"rendered":"Projetos"},"content":{"rendered":"<div class=\"fusion-fullwidth fullwidth-box fusion-builder-row-1 nonhundred-percent-fullwidth non-hundred-percent-height-scrolling\" style=\"--awb-border-radius-top-left:0px;--awb-border-radius-top-right:0px;--awb-border-radius-bottom-right:0px;--awb-border-radius-bottom-left:0px;--awb-flex-wrap:wrap;\" ><div class=\"fusion-builder-row fusion-row\"><div class=\"fusion-layout-column fusion_builder_column fusion-builder-column-0 fusion_builder_column_1_1 1_1 fusion-one-full fusion-column-first fusion-column-last\" style=\"--awb-bg-size:cover;--awb-margin-bottom:0px;\"><div class=\"fusion-column-wrapper fusion-flex-column-wrapper-legacy\"><div class=\"fusion-title title fusion-title-1 fusion-title-text fusion-title-size-one\"><h1 class=\"fusion-title-heading title-heading-left\" style=\"margin:0;\">Projetos<\/h1><span class=\"awb-title-spacer\"><\/span><div class=\"title-sep-container\"><div class=\"title-sep sep-double sep-solid\" style=\"border-color:#e0dede;\"><\/div><\/div><\/div><div class=\"fusion-text fusion-text-1\"><p>Conhe\u00e7a os Projetos desenvolvidos pela equipe do SOFTWARELAB:<\/p>\n<\/div><div class=\"fusion-sep-clear\"><\/div><div class=\"fusion-separator fusion-full-width-sep\" style=\"margin-left: auto;margin-right: auto;margin-top:15px;margin-bottom:15px;width:100%;\"><\/div><div class=\"fusion-sep-clear\"><\/div><div class=\"fusion-blog-shortcode fusion-blog-shortcode-1 fusion-blog-archive fusion-blog-layout-grid-wrapper fusion-blog-infinite\"><style type=\"text\/css\">.fusion-blog-shortcode-1 .fusion-blog-layout-grid .fusion-post-grid{padding:20px;}.fusion-blog-shortcode-1 .fusion-posts-container{margin-left: -20px !important; margin-right:-20px !important;}<\/style><div class=\"fusion-posts-container fusion-posts-container-infinite fusion-blog-layout-grid fusion-blog-layout-grid-4 isotope fusion-blog-equal-heights\" data-pages=\"6\" data-grid-col-space=\"40\" style=\"margin: -20px -20px 0;min-height:500px;\"><article id=\"blog-1-post-1369\" class=\"fusion-post-grid post-1369 post type-post status-publish format-standard has-post-thumbnail hentry category-cristiano-andre-da-costa category-projetos-cristiano-andre-da-costa category-projetos-sandro-jose-rigo-sandro-jose-rigo category-projetos-2 category-sandro-jose-rigo\">\n<div class=\"fusion-post-wrapper\" style=\"background-color:rgba(255,255,255,0);border:1px solid #ebeaea;border-bottom-width:3px;\">\n\n\t\t\t<div class=\"fusion-flexslider flexslider fusion-flexslider-loading fusion-post-slideshow\" style=\"border-color:#ebeaea;\">\n\t\t<ul class=\"slides\">\n\t\t\t\n\t\t\t\t\t\t\t\t\t\t\t\t\t\t<li><div  class=\"fusion-image-wrapper\" aria-haspopup=\"true\">\n\t\t\t\t\t\t\t<a href=\"https:\/\/unisinos.br\/softwarelab\/pt\/classificacao-e-predicao-de-padroes-de-estresse-psicosocial-com-uso-de-multiplos-sinais-fisiologicos\/\" aria-label=\"Classifica\u00e7\u00e3o e predi\u00e7\u00e3o de padr\u00f5es de estresse psicosocial com uso de m\u00faltiplos sinais fisiol\u00f3gicos\">\n\t\t\t\t\t\t\t<img decoding=\"async\" width=\"275\" height=\"196\" src=\"https:\/\/unisinos.br\/softwarelab\/wp-content\/uploads\/2018\/04\/thumb-projetos.jpg\" class=\"attachment-full size-full wp-post-image\" alt=\"\" srcset=\"https:\/\/unisinos.br\/softwarelab\/wp-content\/uploads\/2018\/04\/thumb-projetos-200x143.jpg 200w, https:\/\/unisinos.br\/softwarelab\/wp-content\/uploads\/2018\/04\/thumb-projetos.jpg 275w\" sizes=\"(min-width: 2200px) 100vw, (min-width: 856px) 245px, (min-width: 784px) 327px, (min-width: 712px) 490px, (min-width: 640px) 712px, \" \/>\t\t\t<\/a>\n\t\t\t\t\t\t\t<\/div>\n<\/li>\n\t\t\t\n\t\t\t\n\t\t\t\t\t\t\t\t\t\t\t\t\t\t\t\t\t\t\t\t\t\t\t\t\t\t\t\t\t\t\t\t\t\t\t\t\t\t\t\t\t\t\t\t\t\t\t\t\t\t\t\t\t\t\t\t\t\t\t\t\t\t\t\t\t\t\t\t<\/ul>\n\t<\/div>\n\t<div class=\"fusion-post-content-wrapper\" style=\"padding:30px 25px 20px 25px;\"><div class=\"fusion-post-content post-content\"><h2 class=\"blog-shortcode-post-title entry-title\"><a href=\"https:\/\/unisinos.br\/softwarelab\/pt\/classificacao-e-predicao-de-padroes-de-estresse-psicosocial-com-uso-de-multiplos-sinais-fisiologicos\/\">Classifica\u00e7\u00e3o e predi\u00e7\u00e3o de padr\u00f5es de estresse psicosocial com uso de m\u00faltiplos sinais fisiol\u00f3gicos<\/a><\/h2><div class=\"fusion-content-sep sep-double sep-solid\"><\/div><\/div><div class=\"fusion-meta-info\"><div class=\"fusion-alignleft\"><a class=\"fusion-read-more\" href=\"https:\/\/unisinos.br\/softwarelab\/pt\/classificacao-e-predicao-de-padroes-de-estresse-psicosocial-com-uso-de-multiplos-sinais-fisiologicos\/\" aria-label=\"More on Classifica\u00e7\u00e3o e predi\u00e7\u00e3o de padr\u00f5es de estresse psicosocial com uso de m\u00faltiplos sinais fisiol\u00f3gicos\">Read More<\/a><\/div><\/div><\/div><div class=\"fusion-clearfix\"><\/div><\/div>\n<\/article>\n<article id=\"blog-1-post-1410\" class=\"fusion-post-grid post-1410 post type-post status-publish format-standard has-post-thumbnail hentry category-gabriel-ramos category-jorge-luis-victoria-barbosa category-kleinner-silva-farias category-projetos-rodrigo-da-rosa-righi category-projetos-jorge-luis-victoria-barbosa category-projetos-pt-rafael-kunst category-projetos-kleinner-silva-farias category-projetos-pt-gabriel-ramos category-projetos-2 category-rafael-kunst category-rodrigo-da-rosa-righi\">\n<div class=\"fusion-post-wrapper\" style=\"background-color:rgba(255,255,255,0);border:1px solid #ebeaea;border-bottom-width:3px;\">\n\n\t\t\t<div class=\"fusion-flexslider flexslider fusion-flexslider-loading fusion-post-slideshow\" style=\"border-color:#ebeaea;\">\n\t\t<ul class=\"slides\">\n\t\t\t\n\t\t\t\t\t\t\t\t\t\t\t\t\t\t<li><div  class=\"fusion-image-wrapper\" aria-haspopup=\"true\">\n\t\t\t\t\t\t\t<a href=\"https:\/\/unisinos.br\/softwarelab\/pt\/solucoes-baseadas-em-aprendizagem-de-maquina-e-fog-computing-para-gerenciamento-eficiente-da-infraestrutura-de-cidades-inteligentes\/\" aria-label=\"Solu\u00e7\u00f5es baseadas em Aprendizagem de M\u00e1quina e Fog Computing para Gerenciamento Eficiente da Infraestrutura de Cidades Inteligentes\">\n\t\t\t\t\t\t\t<img decoding=\"async\" width=\"275\" height=\"196\" src=\"https:\/\/unisinos.br\/softwarelab\/wp-content\/uploads\/2018\/04\/thumb-projetos.jpg\" class=\"attachment-full size-full wp-post-image\" alt=\"\" srcset=\"https:\/\/unisinos.br\/softwarelab\/wp-content\/uploads\/2018\/04\/thumb-projetos-200x143.jpg 200w, https:\/\/unisinos.br\/softwarelab\/wp-content\/uploads\/2018\/04\/thumb-projetos.jpg 275w\" sizes=\"(min-width: 2200px) 100vw, (min-width: 856px) 245px, (min-width: 784px) 327px, (min-width: 712px) 490px, (min-width: 640px) 712px, \" \/>\t\t\t<\/a>\n\t\t\t\t\t\t\t<\/div>\n<\/li>\n\t\t\t\n\t\t\t\n\t\t\t\t\t\t\t\t\t\t\t\t\t\t\t\t\t\t\t\t\t\t\t\t\t\t\t\t\t\t\t\t\t\t\t\t\t\t\t\t\t\t\t\t\t\t\t\t\t\t\t\t\t\t\t\t\t\t\t\t\t\t\t\t\t\t\t\t<\/ul>\n\t<\/div>\n\t<div class=\"fusion-post-content-wrapper\" style=\"padding:30px 25px 20px 25px;\"><div class=\"fusion-post-content post-content\"><h2 class=\"blog-shortcode-post-title entry-title\"><a href=\"https:\/\/unisinos.br\/softwarelab\/pt\/solucoes-baseadas-em-aprendizagem-de-maquina-e-fog-computing-para-gerenciamento-eficiente-da-infraestrutura-de-cidades-inteligentes\/\">Solu\u00e7\u00f5es baseadas em Aprendizagem de M\u00e1quina e Fog Computing para Gerenciamento Eficiente da Infraestrutura de Cidades Inteligentes<\/a><\/h2><div class=\"fusion-content-sep sep-double sep-solid\"><\/div><\/div><div class=\"fusion-meta-info\"><div class=\"fusion-alignleft\"><a class=\"fusion-read-more\" href=\"https:\/\/unisinos.br\/softwarelab\/pt\/solucoes-baseadas-em-aprendizagem-de-maquina-e-fog-computing-para-gerenciamento-eficiente-da-infraestrutura-de-cidades-inteligentes\/\" aria-label=\"More on Solu\u00e7\u00f5es baseadas em Aprendizagem de M\u00e1quina e Fog Computing para Gerenciamento Eficiente da Infraestrutura de Cidades Inteligentes\">Read More<\/a><\/div><\/div><\/div><div class=\"fusion-clearfix\"><\/div><\/div>\n<\/article>\n<article id=\"blog-1-post-1408\" class=\"fusion-post-grid post-1408 post type-post status-publish format-standard has-post-thumbnail hentry category-jorge-luis-victoria-barbosa category-projetos-2 category-projetos-jorge-luis-victoria-barbosa\">\n<div class=\"fusion-post-wrapper\" style=\"background-color:rgba(255,255,255,0);border:1px solid #ebeaea;border-bottom-width:3px;\">\n\n\t\t\t<div class=\"fusion-flexslider flexslider fusion-flexslider-loading fusion-post-slideshow\" style=\"border-color:#ebeaea;\">\n\t\t<ul class=\"slides\">\n\t\t\t\n\t\t\t\t\t\t\t\t\t\t\t\t\t\t<li><div  class=\"fusion-image-wrapper\" aria-haspopup=\"true\">\n\t\t\t\t\t\t\t<a href=\"https:\/\/unisinos.br\/softwarelab\/pt\/determinacao-direta-de-nitrogenio-em-tecido-vegetal-por-espectroscopia-no-infravermelho-proximo-uma-metodologia-inovadora-para-analise-foliar\/\" aria-label=\"Determina\u00e7\u00e3o direta de nitrog\u00eanio em tecido vegetal por espectroscopia no infravermelho pr\u00f3ximo, uma metodologia inovadora para an\u00e1lise foliar\">\n\t\t\t\t\t\t\t<img decoding=\"async\" width=\"275\" height=\"196\" src=\"https:\/\/unisinos.br\/softwarelab\/wp-content\/uploads\/2018\/04\/thumb-projetos.jpg\" class=\"attachment-full size-full wp-post-image\" alt=\"\" srcset=\"https:\/\/unisinos.br\/softwarelab\/wp-content\/uploads\/2018\/04\/thumb-projetos-200x143.jpg 200w, https:\/\/unisinos.br\/softwarelab\/wp-content\/uploads\/2018\/04\/thumb-projetos.jpg 275w\" sizes=\"(min-width: 2200px) 100vw, (min-width: 856px) 245px, (min-width: 784px) 327px, (min-width: 712px) 490px, (min-width: 640px) 712px, \" \/>\t\t\t<\/a>\n\t\t\t\t\t\t\t<\/div>\n<\/li>\n\t\t\t\n\t\t\t\n\t\t\t\t\t\t\t\t\t\t\t\t\t\t\t\t\t\t\t\t\t\t\t\t\t\t\t\t\t\t\t\t\t\t\t\t\t\t\t\t\t\t\t\t\t\t\t\t\t\t\t\t\t\t\t\t\t\t\t\t\t\t\t\t\t\t\t\t<\/ul>\n\t<\/div>\n\t<div class=\"fusion-post-content-wrapper\" style=\"padding:30px 25px 20px 25px;\"><div class=\"fusion-post-content post-content\"><h2 class=\"blog-shortcode-post-title entry-title\"><a href=\"https:\/\/unisinos.br\/softwarelab\/pt\/determinacao-direta-de-nitrogenio-em-tecido-vegetal-por-espectroscopia-no-infravermelho-proximo-uma-metodologia-inovadora-para-analise-foliar\/\">Determina\u00e7\u00e3o direta de nitrog\u00eanio em tecido vegetal por espectroscopia no infravermelho pr\u00f3ximo, uma metodologia inovadora para an\u00e1lise foliar<\/a><\/h2><div class=\"fusion-content-sep sep-double sep-solid\"><\/div><\/div><div class=\"fusion-meta-info\"><div class=\"fusion-alignleft\"><a class=\"fusion-read-more\" href=\"https:\/\/unisinos.br\/softwarelab\/pt\/determinacao-direta-de-nitrogenio-em-tecido-vegetal-por-espectroscopia-no-infravermelho-proximo-uma-metodologia-inovadora-para-analise-foliar\/\" aria-label=\"More on Determina\u00e7\u00e3o direta de nitrog\u00eanio em tecido vegetal por espectroscopia no infravermelho pr\u00f3ximo, uma metodologia inovadora para an\u00e1lise foliar\">Read More<\/a><\/div><\/div><\/div><div class=\"fusion-clearfix\"><\/div><\/div>\n<\/article>\n<article id=\"blog-1-post-1398\" class=\"fusion-post-grid post-1398 post type-post status-publish format-standard has-post-thumbnail hentry category-gabriel-ramos category-jorge-luis-victoria-barbosa category-projetos-rodrigo-da-rosa-righi category-projetos-pt-rafael-kunst category-projetos-jorge-luis-victoria-barbosa category-projetos-pt-gabriel-ramos category-projetos-sandro-jose-rigo-sandro-jose-rigo category-projetos-2 category-rafael-kunst category-rodrigo-da-rosa-righi category-sandro-jose-rigo\">\n<div class=\"fusion-post-wrapper\" style=\"background-color:rgba(255,255,255,0);border:1px solid #ebeaea;border-bottom-width:3px;\">\n\n\t\t\t<div class=\"fusion-flexslider flexslider fusion-flexslider-loading fusion-post-slideshow\" style=\"border-color:#ebeaea;\">\n\t\t<ul class=\"slides\">\n\t\t\t\n\t\t\t\t\t\t\t\t\t\t\t\t\t\t<li><div  class=\"fusion-image-wrapper\" aria-haspopup=\"true\">\n\t\t\t\t\t\t\t<a href=\"https:\/\/unisinos.br\/softwarelab\/pt\/contribuindo-para-a-concepcao-de-cidades-inteligentes-atraves-de-inteligencia-artificial\/\" aria-label=\"Contribuindo para a concep\u00e7\u00e3o de cidades inteligentes atrav\u00e9s de intelig\u00eancia artificial\">\n\t\t\t\t\t\t\t<img decoding=\"async\" width=\"275\" height=\"196\" src=\"https:\/\/unisinos.br\/softwarelab\/wp-content\/uploads\/2018\/04\/thumb-projetos.jpg\" class=\"attachment-full size-full wp-post-image\" alt=\"\" srcset=\"https:\/\/unisinos.br\/softwarelab\/wp-content\/uploads\/2018\/04\/thumb-projetos-200x143.jpg 200w, https:\/\/unisinos.br\/softwarelab\/wp-content\/uploads\/2018\/04\/thumb-projetos.jpg 275w\" sizes=\"(min-width: 2200px) 100vw, (min-width: 856px) 245px, (min-width: 784px) 327px, (min-width: 712px) 490px, (min-width: 640px) 712px, \" \/>\t\t\t<\/a>\n\t\t\t\t\t\t\t<\/div>\n<\/li>\n\t\t\t\n\t\t\t\n\t\t\t\t\t\t\t\t\t\t\t\t\t\t\t\t\t\t\t\t\t\t\t\t\t\t\t\t\t\t\t\t\t\t\t\t\t\t\t\t\t\t\t\t\t\t\t\t\t\t\t\t\t\t\t\t\t\t\t\t\t\t\t\t\t\t\t\t<\/ul>\n\t<\/div>\n\t<div class=\"fusion-post-content-wrapper\" style=\"padding:30px 25px 20px 25px;\"><div class=\"fusion-post-content post-content\"><h2 class=\"blog-shortcode-post-title entry-title\"><a href=\"https:\/\/unisinos.br\/softwarelab\/pt\/contribuindo-para-a-concepcao-de-cidades-inteligentes-atraves-de-inteligencia-artificial\/\">Contribuindo para a concep\u00e7\u00e3o de cidades inteligentes atrav\u00e9s de intelig\u00eancia artificial<\/a><\/h2><div class=\"fusion-content-sep sep-double sep-solid\"><\/div><\/div><div class=\"fusion-meta-info\"><div class=\"fusion-alignleft\"><a class=\"fusion-read-more\" href=\"https:\/\/unisinos.br\/softwarelab\/pt\/contribuindo-para-a-concepcao-de-cidades-inteligentes-atraves-de-inteligencia-artificial\/\" aria-label=\"More on Contribuindo para a concep\u00e7\u00e3o de cidades inteligentes atrav\u00e9s de intelig\u00eancia artificial\">Read More<\/a><\/div><\/div><\/div><div class=\"fusion-clearfix\"><\/div><\/div>\n<\/article>\n<article id=\"blog-1-post-1426\" class=\"fusion-post-grid post-1426 post type-post status-publish format-standard has-post-thumbnail hentry category-jorge-luis-victoria-barbosa category-projetos-2 category-projetos-jorge-luis-victoria-barbosa category-projetos-pt-rafael-kunst category-rafael-kunst\">\n<div class=\"fusion-post-wrapper\" style=\"background-color:rgba(255,255,255,0);border:1px solid #ebeaea;border-bottom-width:3px;\">\n\n\t\t\t<div class=\"fusion-flexslider flexslider fusion-flexslider-loading fusion-post-slideshow\" style=\"border-color:#ebeaea;\">\n\t\t<ul class=\"slides\">\n\t\t\t\n\t\t\t\t\t\t\t\t\t\t\t\t\t\t<li><div  class=\"fusion-image-wrapper\" aria-haspopup=\"true\">\n\t\t\t\t\t\t\t<a href=\"https:\/\/unisinos.br\/softwarelab\/pt\/holocare-um-modelo-para-cuidados-ubiquos-em-ambientes-inteligentes-2\/\" aria-label=\"HoloCare: Um Modelo para Cuidados Ub\u00edquos em Ambientes Inteligentes\">\n\t\t\t\t\t\t\t<img decoding=\"async\" width=\"275\" height=\"196\" src=\"https:\/\/unisinos.br\/softwarelab\/wp-content\/uploads\/2018\/04\/thumb-projetos.jpg\" class=\"attachment-full size-full wp-post-image\" alt=\"\" srcset=\"https:\/\/unisinos.br\/softwarelab\/wp-content\/uploads\/2018\/04\/thumb-projetos-200x143.jpg 200w, https:\/\/unisinos.br\/softwarelab\/wp-content\/uploads\/2018\/04\/thumb-projetos.jpg 275w\" sizes=\"(min-width: 2200px) 100vw, (min-width: 856px) 245px, (min-width: 784px) 327px, (min-width: 712px) 490px, (min-width: 640px) 712px, \" \/>\t\t\t<\/a>\n\t\t\t\t\t\t\t<\/div>\n<\/li>\n\t\t\t\n\t\t\t\n\t\t\t\t\t\t\t\t\t\t\t\t\t\t\t\t\t\t\t\t\t\t\t\t\t\t\t\t\t\t\t\t\t\t\t\t\t\t\t\t\t\t\t\t\t\t\t\t\t\t\t\t\t\t\t\t\t\t\t\t\t\t\t\t\t\t\t\t<\/ul>\n\t<\/div>\n\t<div class=\"fusion-post-content-wrapper\" style=\"padding:30px 25px 20px 25px;\"><div class=\"fusion-post-content post-content\"><h2 class=\"blog-shortcode-post-title entry-title\"><a href=\"https:\/\/unisinos.br\/softwarelab\/pt\/holocare-um-modelo-para-cuidados-ubiquos-em-ambientes-inteligentes-2\/\">HoloCare: Um Modelo para Cuidados Ub\u00edquos em Ambientes Inteligentes<\/a><\/h2><div class=\"fusion-content-sep sep-double sep-solid\"><\/div><\/div><div class=\"fusion-meta-info\"><div class=\"fusion-alignleft\"><a class=\"fusion-read-more\" href=\"https:\/\/unisinos.br\/softwarelab\/pt\/holocare-um-modelo-para-cuidados-ubiquos-em-ambientes-inteligentes-2\/\" aria-label=\"More on HoloCare: Um Modelo para Cuidados Ub\u00edquos em Ambientes Inteligentes\">Read More<\/a><\/div><\/div><\/div><div class=\"fusion-clearfix\"><\/div><\/div>\n<\/article>\n<article id=\"blog-1-post-1421\" class=\"fusion-post-grid post-1421 post type-post status-publish format-standard has-post-thumbnail hentry category-projetos-2 category-projetos-rodrigo-da-rosa-righi category-rodrigo-da-rosa-righi\">\n<div class=\"fusion-post-wrapper\" style=\"background-color:rgba(255,255,255,0);border:1px solid #ebeaea;border-bottom-width:3px;\">\n\n\t\t\t<div class=\"fusion-flexslider flexslider fusion-flexslider-loading fusion-post-slideshow\" style=\"border-color:#ebeaea;\">\n\t\t<ul class=\"slides\">\n\t\t\t\n\t\t\t\t\t\t\t\t\t\t\t\t\t\t<li><div  class=\"fusion-image-wrapper\" aria-haspopup=\"true\">\n\t\t\t\t\t\t\t<a href=\"https:\/\/unisinos.br\/softwarelab\/pt\/probehavior-gerenciamento-de-padrooes-de-comportamento-e-da-elasticidade-proativa-de-recursos-em-aplicac%cc%a7o%cc%83es-cientificas\/\" aria-label=\"ProBehavior: Gerenciamento de Padro\u00f5es de Comportamento e da Elasticidade ProAtiva de Recursos em Aplicac\u0327o\u0303es Cienti\u0301ficas\">\n\t\t\t\t\t\t\t<img decoding=\"async\" width=\"275\" height=\"196\" src=\"https:\/\/unisinos.br\/softwarelab\/wp-content\/uploads\/2018\/04\/thumb-projetos.jpg\" class=\"attachment-full size-full wp-post-image\" alt=\"\" srcset=\"https:\/\/unisinos.br\/softwarelab\/wp-content\/uploads\/2018\/04\/thumb-projetos-200x143.jpg 200w, https:\/\/unisinos.br\/softwarelab\/wp-content\/uploads\/2018\/04\/thumb-projetos.jpg 275w\" sizes=\"(min-width: 2200px) 100vw, (min-width: 856px) 245px, (min-width: 784px) 327px, (min-width: 712px) 490px, (min-width: 640px) 712px, \" \/>\t\t\t<\/a>\n\t\t\t\t\t\t\t<\/div>\n<\/li>\n\t\t\t\n\t\t\t\n\t\t\t\t\t\t\t\t\t\t\t\t\t\t\t\t\t\t\t\t\t\t\t\t\t\t\t\t\t\t\t\t\t\t\t\t\t\t\t\t\t\t\t\t\t\t\t\t\t\t\t\t\t\t\t\t\t\t\t\t\t\t\t\t\t\t\t\t<\/ul>\n\t<\/div>\n\t<div class=\"fusion-post-content-wrapper\" style=\"padding:30px 25px 20px 25px;\"><div class=\"fusion-post-content post-content\"><h2 class=\"blog-shortcode-post-title entry-title\"><a href=\"https:\/\/unisinos.br\/softwarelab\/pt\/probehavior-gerenciamento-de-padrooes-de-comportamento-e-da-elasticidade-proativa-de-recursos-em-aplicac%cc%a7o%cc%83es-cientificas\/\">ProBehavior: Gerenciamento de Padro\u00f5es de Comportamento e da Elasticidade ProAtiva de Recursos em Aplicac\u0327o\u0303es Cienti\u0301ficas<\/a><\/h2><div class=\"fusion-content-sep sep-double sep-solid\"><\/div><\/div><div class=\"fusion-meta-info\"><div class=\"fusion-alignleft\"><a class=\"fusion-read-more\" href=\"https:\/\/unisinos.br\/softwarelab\/pt\/probehavior-gerenciamento-de-padrooes-de-comportamento-e-da-elasticidade-proativa-de-recursos-em-aplicac%cc%a7o%cc%83es-cientificas\/\" aria-label=\"More on ProBehavior: Gerenciamento de Padro\u00f5es de Comportamento e da Elasticidade ProAtiva de Recursos em Aplicac\u0327o\u0303es Cienti\u0301ficas\">Read More<\/a><\/div><\/div><\/div><div class=\"fusion-clearfix\"><\/div><\/div>\n<\/article>\n<div class=\"fusion-clearfix\"><\/div><\/div><div class=\"fusion-infinite-scroll-trigger\"><\/div><div class=\"pagination infinite-scroll clearfix\" style=\"display:none;\"><span class=\"current\">1<\/span><a href=\"https:\/\/unisinos.br\/softwarelab\/wp-json\/wp\/v2\/pages\/2\/page\/2\/\" class=\"inactive\">2<\/a><a class=\"pagination-next\" rel=\"next\" href=\"https:\/\/unisinos.br\/softwarelab\/wp-json\/wp\/v2\/pages\/2\/page\/2\/\"><span class=\"page-text\">Pr\u00f3ximo<\/span><span class=\"page-next\"><\/span><\/a><\/div><div class=\"fusion-clearfix\"><\/div><\/div><div class=\"fusion-clearfix\"><\/div><\/div><\/div><\/div><\/div>\n","protected":false},"excerpt":{"rendered":"","protected":false},"author":1,"featured_media":0,"parent":0,"menu_order":0,"comment_status":"closed","ping_status":"open","template":"","meta":{"footnotes":""},"class_list":["post-2","page","type-page","status-publish","hentry"],"_links":{"self":[{"href":"https:\/\/unisinos.br\/softwarelab\/wp-json\/wp\/v2\/pages\/2","targetHints":{"allow":["GET"]}}],"collection":[{"href":"https:\/\/unisinos.br\/softwarelab\/wp-json\/wp\/v2\/pages"}],"about":[{"href":"https:\/\/unisinos.br\/softwarelab\/wp-json\/wp\/v2\/types\/page"}],"author":[{"embeddable":true,"href":"https:\/\/unisinos.br\/softwarelab\/wp-json\/wp\/v2\/users\/1"}],"replies":[{"embeddable":true,"href":"https:\/\/unisinos.br\/softwarelab\/wp-json\/wp\/v2\/comments?post=2"}],"version-history":[{"count":11,"href":"https:\/\/unisinos.br\/softwarelab\/wp-json\/wp\/v2\/pages\/2\/revisions"}],"predecessor-version":[{"id":505,"href":"https:\/\/unisinos.br\/softwarelab\/wp-json\/wp\/v2\/pages\/2\/revisions\/505"}],"wp:attachment":[{"href":"https:\/\/unisinos.br\/softwarelab\/wp-json\/wp\/v2\/media?parent=2"}],"curies":[{"name":"wp","href":"https:\/\/api.w.org\/{rel}","templated":true}]}}