{"id":671,"date":"2020-09-16T18:57:42","date_gmt":"2020-09-16T18:57:42","guid":{"rendered":"http:\/\/rieonlife.com\/?page_id=671"},"modified":"2020-09-16T21:24:40","modified_gmt":"2020-09-16T21:24:40","slug":"contato","status":"publish","type":"page","link":"https:\/\/unisinos.br\/rieonlife\/contato\/","title":{"rendered":"Contato"},"content":{"rendered":"\t\t<div data-elementor-type=\"wp-page\" data-elementor-id=\"671\" class=\"elementor elementor-671\" data-elementor-post-type=\"page\">\n\t\t\t\t\t\t<section class=\"elementor-section elementor-top-section elementor-element elementor-element-a4cfe39 elementor-section-boxed elementor-section-height-default elementor-section-height-default\" data-id=\"a4cfe39\" data-element_type=\"section\" data-e-type=\"section\">\n\t\t\t\t\t\t<div class=\"elementor-container elementor-column-gap-default\">\n\t\t\t\t\t<div class=\"elementor-column elementor-col-100 elementor-top-column elementor-element elementor-element-f66110c\" data-id=\"f66110c\" data-element_type=\"column\" data-e-type=\"column\">\n\t\t\t<div class=\"elementor-widget-wrap elementor-element-populated\">\n\t\t\t\t\t\t<div class=\"elementor-element elementor-element-b8c165a elementor-widget elementor-widget-heading\" data-id=\"b8c165a\" data-element_type=\"widget\" data-e-type=\"widget\" data-widget_type=\"heading.default\">\n\t\t\t\t<div class=\"elementor-widget-container\">\n\t\t\t\t\t<h2 class=\"elementor-heading-title elementor-size-default\">Conecte-se \u00e0 RIEOnLIFE!<\/h2>\t\t\t\t<\/div>\n\t\t\t\t<\/div>\n\t\t\t\t<div class=\"elementor-element elementor-element-229506e elementor-widget elementor-widget-heading\" data-id=\"229506e\" data-element_type=\"widget\" data-e-type=\"widget\" data-widget_type=\"heading.default\">\n\t\t\t\t<div class=\"elementor-widget-container\">\n\t\t\t\t\t<h5 class=\"elementor-heading-title elementor-size-default\">Formul\u00e1rio de Interesse<\/h5>\t\t\t\t<\/div>\n\t\t\t\t<\/div>\n\t\t\t\t<div class=\"elementor-element elementor-element-5e929c1 elementor-widget elementor-widget-shortcode\" data-id=\"5e929c1\" data-element_type=\"widget\" data-e-type=\"widget\" data-widget_type=\"shortcode.default\">\n\t\t\t\t<div class=\"elementor-widget-container\">\n\t\t\t\t\t\t\t<div class=\"elementor-shortcode\">\n<div class=\"wpcf7 no-js\" id=\"wpcf7-f672-o1\" lang=\"pt-BR\" dir=\"ltr\" data-wpcf7-id=\"672\">\n<div class=\"screen-reader-response\"><p role=\"status\" aria-live=\"polite\" aria-atomic=\"true\"><\/p> <ul><\/ul><\/div>\n<form action=\"\/rieonlife\/wp-json\/wp\/v2\/pages\/671#wpcf7-f672-o1\" method=\"post\" class=\"wpcf7-form init\" aria-label=\"Formul\u00e1rios de contato\" novalidate=\"novalidate\" data-status=\"init\">\n<fieldset class=\"hidden-fields-container\"><input type=\"hidden\" name=\"_wpcf7\" value=\"672\" \/><input type=\"hidden\" name=\"_wpcf7_version\" value=\"6.1.5\" \/><input type=\"hidden\" name=\"_wpcf7_locale\" value=\"pt_BR\" \/><input type=\"hidden\" name=\"_wpcf7_unit_tag\" value=\"wpcf7-f672-o1\" \/><input type=\"hidden\" name=\"_wpcf7_container_post\" value=\"0\" \/><input type=\"hidden\" name=\"_wpcf7_posted_data_hash\" value=\"\" \/>\n<\/fieldset>\n<p>[vc_row][vc_column]<br \/>\n<span class=\"wpcf7-form-control-wrap\" data-name=\"field-header\"><input size=\"40\" maxlength=\"400\" class=\"wpcf7-form-control wpcf7-text wpcf7-validates-as-required\" aria-required=\"true\" aria-invalid=\"false\" placeholder=\"Nome\" value=\"\" type=\"text\" name=\"field-header\" \/><\/span><br \/>\n[\/vc_column][vc_empty_space height=\"2px\"]<br \/>\n[vc_column]<br \/>\n<span class=\"wpcf7-form-control-wrap\" data-name=\"field-header2\"><input size=\"40\" maxlength=\"400\" class=\"wpcf7-form-control wpcf7-text wpcf7-validates-as-required\" aria-required=\"true\" aria-invalid=\"false\" placeholder=\"Institui\u00e7\u00e3o\" value=\"\" type=\"text\" name=\"field-header2\" \/><\/span><br \/>\n[\/vc_column][vc_empty_space height=\"2px\"]<br \/>\n[vc_column]<br \/>\n<span class=\"wpcf7-form-control-wrap\" data-name=\"field-header2\"><input size=\"40\" maxlength=\"400\" class=\"wpcf7-form-control wpcf7-text wpcf7-validates-as-required\" aria-required=\"true\" aria-invalid=\"false\" placeholder=\"E-mail\" value=\"\" type=\"text\" name=\"field-header2\" \/><\/span><br \/>\n[\/vc_column][vc_empty_space height=\"2px\"]<br \/>\n[vc_column]<br \/>\n<span class=\"wpcf7-form-control-wrap\" data-name=\"field-header3\"><input size=\"40\" maxlength=\"400\" class=\"wpcf7-form-control wpcf7-text wpcf7-validates-as-required\" aria-required=\"true\" aria-invalid=\"false\" placeholder=\"Telefone\" value=\"\" type=\"text\" name=\"field-header3\" \/><\/span><br \/>\n[\/vc_column][vc_empty_space height=\"2px\"]<br \/>\n[vc_column]<br \/>\n<span class=\"wpcf7-form-control-wrap\" data-name=\"field-header4\"><input size=\"40\" maxlength=\"400\" class=\"wpcf7-form-control wpcf7-text wpcf7-validates-as-required\" aria-required=\"true\" aria-invalid=\"false\" placeholder=\"Cidade\" value=\"\" type=\"text\" name=\"field-header4\" \/><\/span><br \/>\n[\/vc_column][vc_empty_space height=\"2px\"]<br \/>\n[vc_column]<br \/>\n<span class=\"wpcf7-form-control-wrap\" data-name=\"field-header5\"><input size=\"40\" maxlength=\"400\" class=\"wpcf7-form-control wpcf7-text wpcf7-validates-as-required\" aria-required=\"true\" aria-invalid=\"false\" placeholder=\"Estado\" value=\"\" type=\"text\" name=\"field-header5\" \/><\/span><br \/>\n[\/vc_column][vc_empty_space height=\"2px\"]<br \/>\n[vc_column]<br \/>\n<span class=\"wpcf7-form-control-wrap\" data-name=\"field-header6\"><input size=\"40\" maxlength=\"400\" class=\"wpcf7-form-control wpcf7-text wpcf7-validates-as-required\" aria-required=\"true\" aria-invalid=\"false\" placeholder=\"CEP\" value=\"\" type=\"text\" name=\"field-header6\" \/><\/span><br \/>\n[\/vc_column][vc_empty_space height=\"2px\"]<br \/>\n[vc_column]<br \/>\n<span class=\"wpcf7-form-control-wrap\" data-name=\"field-header7\"><input size=\"40\" maxlength=\"400\" class=\"wpcf7-form-control wpcf7-text wpcf7-validates-as-required\" aria-required=\"true\" aria-invalid=\"false\" placeholder=\"UF\" value=\"\" type=\"text\" name=\"field-header7\" \/><\/span><br \/>\n[\/vc_column][vc_empty_space height=\"2px\"]<br \/>\n[vc_column]<br \/>\n<span class=\"wpcf7-form-control-wrap\" data-name=\"servico\"><select class=\"wpcf7-form-control wpcf7-select wpcf7-validates-as-required\" aria-required=\"true\" aria-invalid=\"false\" name=\"servico\"><option value=\"\u00c1rea de interesse\">\u00c1rea de interesse<\/option><option value=\"Conecta KaT\">Conecta KaT<\/option><option value=\"Lives internacionais\">Lives internacionais<\/option><option value=\"Lives nacionais\">Lives nacionais<\/option><option value=\"Wearable, e-t\u00eaxteis e IoT\">Wearable, e-t\u00eaxteis e IoT<\/option><option value=\"Museu\">Museu<\/option><option value=\"Educa\u00e7\u00e3o Infantil\">Educa\u00e7\u00e3o Infantil<\/option><option value=\"Literaturaliza\u00e7\u00e3o das ci\u00eancias\">Literaturaliza\u00e7\u00e3o das ci\u00eancias<\/option><option value=\"S\u00e9rie ConversA\u00c7\u00d5ES\">S\u00e9rie ConversA\u00c7\u00d5ES<\/option><option value=\"S\u00e9rie CompartilhA\u00c7\u00d5ES\">S\u00e9rie CompartilhA\u00c7\u00d5ES<\/option><option value=\"Outros\">Outros<\/option><\/select><\/span><br \/>\n[\/vc_column][vc_empty_space height=\"2px\"]<br \/>\n[vc_column]<br \/>\n<span class=\"wpcf7-form-control-wrap\" data-name=\"field-header-8\"><textarea cols=\"40\" rows=\"10\" maxlength=\"2000\" class=\"wpcf7-form-control wpcf7-textarea wpcf7-validates-as-required\" aria-required=\"true\" aria-invalid=\"false\" placeholder=\"Qual seu objetivo ao integrar a RIEOnLIFE?\" name=\"field-header-8\"><\/textarea><\/span><br \/>\n[\/vc_column][vc_empty_space height=\"2px\"]<br \/>\n[vc_column]<br \/>\n<span class=\"wpcf7-form-control-wrap\" data-name=\"field-header-9\"><textarea cols=\"40\" rows=\"10\" maxlength=\"2000\" class=\"wpcf7-form-control wpcf7-textarea wpcf7-validates-as-required\" aria-required=\"true\" aria-invalid=\"false\" placeholder=\"Como voc\u00ea pode contribuir com a RIEOnLIFE?\" name=\"field-header-9\"><\/textarea><\/span><br \/>\n[\/vc_column][vc_empty_space height=\"2px\"]<br \/>\n[vc_column]<br \/>\nAo me conectar, concordo em participar ativamente da RIEOnLIFE.<br \/>\n[\/vc_column][\/vc_row]<br \/>\n<span class=\"wpcf7-form-control-wrap\" data-name=\"your-accept\"><span class=\"wpcf7-form-control wpcf7-checkbox wpcf7-validates-as-required wpcf7-exclusive-checkbox\"><span class=\"wpcf7-list-item first last\"><input type=\"checkbox\" name=\"your-accept\" value=\"Eu Aceito\" \/><span class=\"wpcf7-list-item-label\">Eu Aceito<\/span><\/span><\/span><\/span>\n<\/p>\n<p><span class=\"input-group-append\"><br \/>\n<button class=\"btn  color-hover-black\" style=\"background-color:#21b24d\" type=\"submit\">Enviar<\/button><br \/>\n<\/span>\n<\/p><div class=\"wpcf7-response-output\" aria-hidden=\"true\"><\/div>\n<\/form>\n<\/div>\n<\/div>\n\t\t\t\t\t\t<\/div>\n\t\t\t\t<\/div>\n\t\t\t\t\t<\/div>\n\t\t<\/div>\n\t\t\t\t\t<\/div>\n\t\t<\/section>\n\t\t\t\t<\/div>\n\t\t","protected":false},"excerpt":{"rendered":"<p>Conecte-se \u00e0 RIEOnLIFE! Formul\u00e1rio de Interesse<\/p>\n","protected":false},"author":5,"featured_media":0,"parent":0,"menu_order":0,"comment_status":"closed","ping_status":"closed","template":"","meta":{"_monsterinsights_skip_tracking":false,"_monsterinsights_sitenote_active":false,"_monsterinsights_sitenote_note":"","_monsterinsights_sitenote_category":0,"footnotes":""},"class_list":["post-671","page","type-page","status-publish","hentry"],"_links":{"self":[{"href":"https:\/\/unisinos.br\/rieonlife\/wp-json\/wp\/v2\/pages\/671","targetHints":{"allow":["GET"]}}],"collection":[{"href":"https:\/\/unisinos.br\/rieonlife\/wp-json\/wp\/v2\/pages"}],"about":[{"href":"https:\/\/unisinos.br\/rieonlife\/wp-json\/wp\/v2\/types\/page"}],"author":[{"embeddable":true,"href":"https:\/\/unisinos.br\/rieonlife\/wp-json\/wp\/v2\/users\/5"}],"replies":[{"embeddable":true,"href":"https:\/\/unisinos.br\/rieonlife\/wp-json\/wp\/v2\/comments?post=671"}],"version-history":[{"count":6,"href":"https:\/\/unisinos.br\/rieonlife\/wp-json\/wp\/v2\/pages\/671\/revisions"}],"predecessor-version":[{"id":679,"href":"https:\/\/unisinos.br\/rieonlife\/wp-json\/wp\/v2\/pages\/671\/revisions\/679"}],"wp:attachment":[{"href":"https:\/\/unisinos.br\/rieonlife\/wp-json\/wp\/v2\/media?parent=671"}],"curies":[{"name":"wp","href":"https:\/\/api.w.org\/{rel}","templated":true}]}}