{"id":1435,"date":"2023-05-01T16:14:14","date_gmt":"2023-05-01T16:14:14","guid":{"rendered":"https:\/\/webhomserverphp82.asav.org.br\/rieonlife\/?page_id=1435"},"modified":"2024-01-23T14:53:47","modified_gmt":"2024-01-23T14:53:47","slug":"conversacoes-e-compartilhacoes-educacao-onlife-na-era-das-hiperinteligencias","status":"publish","type":"page","link":"https:\/\/unisinos.br\/rieonlife\/hiperinteligencias-no-paradigma-da-educacao-onlife\/conversacoes-e-compartilhacoes-educacao-onlife-na-era-das-hiperinteligencias\/","title":{"rendered":"COnversA\u00c7\u00d5ES e COMpartilhA\u00c7\u00d5ES: Educa\u00e7\u00e3o OnLIFE na Era das Hiperintelig\u00eancias"},"content":{"rendered":"\t\t<div data-elementor-type=\"wp-page\" data-elementor-id=\"1435\" class=\"elementor elementor-1435\" data-elementor-post-type=\"page\">\n\t\t\t\t\t\t<section class=\"elementor-section elementor-top-section elementor-element elementor-element-3d48e00 elementor-section-boxed elementor-section-height-default elementor-section-height-default\" data-id=\"3d48e00\" data-element_type=\"section\" data-e-type=\"section\">\n\t\t\t\t\t\t<div class=\"elementor-container elementor-column-gap-default\">\n\t\t\t\t\t<div class=\"elementor-column elementor-col-50 elementor-top-column elementor-element elementor-element-0ca1654\" data-id=\"0ca1654\" data-element_type=\"column\" data-e-type=\"column\">\n\t\t\t<div class=\"elementor-widget-wrap elementor-element-populated\">\n\t\t\t\t\t\t<div class=\"elementor-element elementor-element-6abda9d elementor-widget elementor-widget-video\" data-id=\"6abda9d\" data-element_type=\"widget\" data-e-type=\"widget\" data-settings=\"{&quot;youtube_url&quot;:&quot;https:\\\/\\\/www.youtube.com\\\/embed\\\/ujgXeEpl92U?si=TTHY87PsxNCE9bqv&quot;,&quot;video_type&quot;:&quot;youtube&quot;,&quot;controls&quot;:&quot;yes&quot;}\" data-widget_type=\"video.default\">\n\t\t\t\t<div class=\"elementor-widget-container\">\n\t\t\t\t\t\t\t<div class=\"elementor-wrapper elementor-open-inline\">\n\t\t\t<div class=\"elementor-video\"><\/div>\t\t<\/div>\n\t\t\t\t\t\t<\/div>\n\t\t\t\t<\/div>\n\t\t\t\t<div class=\"elementor-element elementor-element-479eb5b elementor-widget elementor-widget-heading\" data-id=\"479eb5b\" data-element_type=\"widget\" data-e-type=\"widget\" data-widget_type=\"heading.default\">\n\t\t\t\t<div class=\"elementor-widget-container\">\n\t\t\t\t\t<h6 class=\"elementor-heading-title elementor-size-default\">IV RIEOnLIFE e VIII Festival WLC - COnversA\u00c7\u00d5ES: I.A. em tempos de Ecologias Inteligentes<\/h6>\t\t\t\t<\/div>\n\t\t\t\t<\/div>\n\t\t\t\t<div class=\"elementor-element elementor-element-4abf865 elementor-widget elementor-widget-text-editor\" data-id=\"4abf865\" data-element_type=\"widget\" data-e-type=\"widget\" data-widget_type=\"text-editor.default\">\n\t\t\t\t<div class=\"elementor-widget-container\">\n\t\t\t\t\t\t\t\t\t<p>No IV RIEOnLIFE e VIII Festival WLC, constituiu-se um espa\u00e7o de problematiza\u00e7\u00e3o com os professores convidados Sandro Jos\u00e9 Rigo &#8211; UNISINOS, Jorge Artur Coelho &#8211; UFAL e Patr\u00edcia Scherer Bassani &#8211; FEEVALE, para dialogar sobre&nbsp;<span style=\"font-family: var(--font-main), sans-serif; background-color: var(--white); color: var(--black-text);\">Intelig\u00eancia Artificial em tempos de Ecologias Inteligentes.<\/span><\/p>\t\t\t\t\t\t\t\t<\/div>\n\t\t\t\t<\/div>\n\t\t\t\t\t<\/div>\n\t\t<\/div>\n\t\t\t\t<div class=\"elementor-column elementor-col-50 elementor-top-column elementor-element elementor-element-c1741c2\" data-id=\"c1741c2\" data-element_type=\"column\" data-e-type=\"column\">\n\t\t\t<div class=\"elementor-widget-wrap elementor-element-populated\">\n\t\t\t\t\t\t<div class=\"elementor-element elementor-element-d3d0add elementor-widget elementor-widget-video\" data-id=\"d3d0add\" data-element_type=\"widget\" data-e-type=\"widget\" data-settings=\"{&quot;youtube_url&quot;:&quot;https:\\\/\\\/youtu.be\\\/FUxcqCBCCj4&quot;,&quot;show_image_overlay&quot;:&quot;yes&quot;,&quot;image_overlay&quot;:{&quot;url&quot;:&quot;https:\\\/\\\/webhomserverphp82.asav.org.br\\\/rieonlife\\\/wp-content\\\/uploads\\\/2023\\\/05\\\/EscutACOES-Apresentacao-169.jpg&quot;,&quot;id&quot;:1441,&quot;size&quot;:&quot;&quot;,&quot;alt&quot;:&quot;&quot;,&quot;source&quot;:&quot;library&quot;},&quot;video_type&quot;:&quot;youtube&quot;,&quot;controls&quot;:&quot;yes&quot;}\" data-widget_type=\"video.default\">\n\t\t\t\t<div class=\"elementor-widget-container\">\n\t\t\t\t\t\t\t<div class=\"elementor-wrapper elementor-open-inline\">\n\t\t\t<div class=\"elementor-video\"><\/div>\t\t\t\t<div class=\"elementor-custom-embed-image-overlay\" style=\"background-image: url(https:\/\/unisinos.br\/rieonlife\/wp-content\/uploads\/2023\/05\/EscutACOES-Apresentacao-169.jpg);\">\n\t\t\t\t\t\t\t\t\t\t\t\t\t\t<\/div>\n\t\t\t\t\t<\/div>\n\t\t\t\t\t\t<\/div>\n\t\t\t\t<\/div>\n\t\t\t\t<div class=\"elementor-element elementor-element-5ce45fc elementor-widget elementor-widget-heading\" data-id=\"5ce45fc\" data-element_type=\"widget\" data-e-type=\"widget\" data-widget_type=\"heading.default\">\n\t\t\t\t<div class=\"elementor-widget-container\">\n\t\t\t\t\t<h6 class=\"elementor-heading-title elementor-size-default\">COnversA\u00c7\u00d5ES: Nada sobre n\u00f3s sem n\u00f3s - o conhecimento na Era das Hiperintelig\u00eancias<\/h6>\t\t\t\t<\/div>\n\t\t\t\t<\/div>\n\t\t\t\t<div class=\"elementor-element elementor-element-44bb4e6 elementor-widget elementor-widget-text-editor\" data-id=\"44bb4e6\" data-element_type=\"widget\" data-e-type=\"widget\" data-widget_type=\"text-editor.default\">\n\t\t\t\t<div class=\"elementor-widget-container\">\n\t\t\t\t\t\t\t\t\t<p>No segundo movimento do Hub \u2013 <b>COnversA\u00c7\u00d5ES<\/b>\u00a0 \u2013 constituiu-se um espa\u00e7o de problematiza\u00e7\u00e3o e discuss\u00e3o da tem\u00e1tica, trazendo para uma conversa aprofundada os professores Dr. Massimo Di Felice (Atopos\/USP) e Dra. Eliane Schlemmer (GPe-dU\/UNISINOS), juntamente com pesquisadores de diversas \u00e1reas do conhecimento, a fim melhor compreender os desafios e oportunidades de uma Educa\u00e7\u00e3o OnLIFE na Era das Hiperintelig\u00eancias.\u00a0\u00a0<\/p>\t\t\t\t\t\t\t\t<\/div>\n\t\t\t\t<\/div>\n\t\t\t\t\t<\/div>\n\t\t<\/div>\n\t\t\t\t\t<\/div>\n\t\t<\/section>\n\t\t\t\t<section class=\"elementor-section elementor-top-section elementor-element elementor-element-1c2e8b4 elementor-section-boxed elementor-section-height-default elementor-section-height-default\" data-id=\"1c2e8b4\" data-element_type=\"section\" data-e-type=\"section\">\n\t\t\t\t\t\t<div class=\"elementor-container elementor-column-gap-default\">\n\t\t\t\t\t<div class=\"elementor-column elementor-col-50 elementor-top-column elementor-element elementor-element-d254d10\" data-id=\"d254d10\" data-element_type=\"column\" data-e-type=\"column\">\n\t\t\t<div class=\"elementor-widget-wrap elementor-element-populated\">\n\t\t\t\t\t\t<div class=\"elementor-element elementor-element-a4ecaed elementor-widget elementor-widget-video\" data-id=\"a4ecaed\" data-element_type=\"widget\" data-e-type=\"widget\" data-settings=\"{&quot;youtube_url&quot;:&quot;https:\\\/\\\/www.youtube.com\\\/watch?v=mwxzHIsGIKE&quot;,&quot;image_overlay&quot;:{&quot;url&quot;:&quot;https:\\\/\\\/webhomserverphp82.asav.org.br\\\/rieonlife\\\/wp-content\\\/uploads\\\/2023\\\/11\\\/WhatsApp-Image-2023-11-08-at-15.57.04.jpeg&quot;,&quot;id&quot;:1520,&quot;size&quot;:&quot;&quot;,&quot;alt&quot;:&quot;&quot;,&quot;source&quot;:&quot;library&quot;},&quot;show_image_overlay&quot;:&quot;yes&quot;,&quot;video_type&quot;:&quot;youtube&quot;,&quot;controls&quot;:&quot;yes&quot;}\" data-widget_type=\"video.default\">\n\t\t\t\t<div class=\"elementor-widget-container\">\n\t\t\t\t\t\t\t<div class=\"elementor-wrapper elementor-open-inline\">\n\t\t\t<div class=\"elementor-video\"><\/div>\t\t\t\t<div class=\"elementor-custom-embed-image-overlay\" style=\"background-image: url(https:\/\/unisinos.br\/rieonlife\/wp-content\/uploads\/2023\/11\/WhatsApp-Image-2023-11-08-at-15.57.04.jpeg);\">\n\t\t\t\t\t\t\t\t\t\t\t\t\t\t<\/div>\n\t\t\t\t\t<\/div>\n\t\t\t\t\t\t<\/div>\n\t\t\t\t<\/div>\n\t\t\t\t<div class=\"elementor-element elementor-element-d0efc34 elementor-widget elementor-widget-heading\" data-id=\"d0efc34\" data-element_type=\"widget\" data-e-type=\"widget\" data-widget_type=\"heading.default\">\n\t\t\t\t<div class=\"elementor-widget-container\">\n\t\t\t\t\t<h6 class=\"elementor-heading-title elementor-size-default\">Da Intelig\u00eancia Artificial para as Hiperintelig\u00eancias: as linguagens estoc\u00e1sticas LLM (ChatGPT, Bing, Bard) e as propriedades conectivas da comunica\u00e7\u00e3o em rede<\/h6>\t\t\t\t<\/div>\n\t\t\t\t<\/div>\n\t\t\t\t<div class=\"elementor-element elementor-element-2bab90b elementor-widget elementor-widget-text-editor\" data-id=\"2bab90b\" data-element_type=\"widget\" data-e-type=\"widget\" data-widget_type=\"text-editor.default\">\n\t\t\t\t<div class=\"elementor-widget-container\">\n\t\t\t\t\t\t\t\t\t<p>O Centro Internacional de Pesquisa Atopos USP e a Plataforma Internacional para a Cidadania Digital \u2013 Cidig, em parceria com a Escola de Comunica\u00e7\u00f5es e Artes (ECA) da\u00a0<a class=\"x1i10hfl xjbqb8w x6umtig x1b1mbwd xaqea5y xav7gou x9f619 x1ypdohk xt0psk2 xe8uvvx xdj266r x11i5rnm xat24cr x1mh8g0r xexx8yu x4uap5 x18d9i69 xkhd6sd x16tdsg8 x1hl2dhg xggy1nq x1a2a7pz notranslate _a6hd\" tabindex=\"0\" role=\"link\" href=\"https:\/\/www.instagram.com\/Usp.oficial\/\">@Usp.oficial<\/a>\u00a0e o CRP-ECA\/USP, realizam o evento internacional sobre a tem\u00e1tica &#8220;Da intelig\u00eancia artificial para as hiperintelig\u00eancias: as linguagens estoc\u00e1sticas LLM (ChatGPT, Bing, Bard) e as propriedades conectivas da comunica\u00e7\u00e3o em rede&#8221;.\u00a0<span style=\"font-family: var(--font-main), sans-serif; background-color: var(--white); color: var(--black-text);\">Importantes pesquisadores brasileiros e estrangeiros refletir\u00e3o sobre os significados das qualidades simpoi\u00e9ticas das redes e a passagem da AI (Artificial Intelligence) para a OI (Organoid Intelligence).<\/span><\/p>\t\t\t\t\t\t\t\t<\/div>\n\t\t\t\t<\/div>\n\t\t\t\t\t<\/div>\n\t\t<\/div>\n\t\t\t\t<div class=\"elementor-column elementor-col-50 elementor-top-column elementor-element elementor-element-c7538a7\" data-id=\"c7538a7\" data-element_type=\"column\" data-e-type=\"column\">\n\t\t\t<div class=\"elementor-widget-wrap elementor-element-populated\">\n\t\t\t\t\t\t<div class=\"elementor-element elementor-element-c58f5c5 elementor-widget elementor-widget-video\" data-id=\"c58f5c5\" data-element_type=\"widget\" data-e-type=\"widget\" data-settings=\"{&quot;youtube_url&quot;:&quot;https:\\\/\\\/www.youtube.com\\\/watch?v=OYPNuxxtDDs&quot;,&quot;show_image_overlay&quot;:&quot;yes&quot;,&quot;image_overlay&quot;:{&quot;url&quot;:&quot;https:\\\/\\\/webhomserverphp82.asav.org.br\\\/rieonlife\\\/wp-content\\\/uploads\\\/2023\\\/11\\\/WhatsApp-Image-2023-11-08-at-15.57.04.jpeg&quot;,&quot;id&quot;:1520,&quot;size&quot;:&quot;&quot;,&quot;alt&quot;:&quot;&quot;,&quot;source&quot;:&quot;library&quot;},&quot;video_type&quot;:&quot;youtube&quot;,&quot;controls&quot;:&quot;yes&quot;}\" data-widget_type=\"video.default\">\n\t\t\t\t<div class=\"elementor-widget-container\">\n\t\t\t\t\t\t\t<div class=\"elementor-wrapper elementor-open-inline\">\n\t\t\t<div class=\"elementor-video\"><\/div>\t\t\t\t<div class=\"elementor-custom-embed-image-overlay\" style=\"background-image: url(https:\/\/unisinos.br\/rieonlife\/wp-content\/uploads\/2023\/11\/WhatsApp-Image-2023-11-08-at-15.57.04.jpeg);\">\n\t\t\t\t\t\t\t\t\t\t\t\t\t\t<\/div>\n\t\t\t\t\t<\/div>\n\t\t\t\t\t\t<\/div>\n\t\t\t\t<\/div>\n\t\t\t\t<div class=\"elementor-element elementor-element-b991357 elementor-widget elementor-widget-heading\" data-id=\"b991357\" data-element_type=\"widget\" data-e-type=\"widget\" data-widget_type=\"heading.default\">\n\t\t\t\t<div class=\"elementor-widget-container\">\n\t\t\t\t\t<h6 class=\"elementor-heading-title elementor-size-default\">Da Intelig\u00eancia Artificial para as Hiperintelig\u00eancias: as linguagens estoc\u00e1sticas LLM (ChatGPT, Bing, Bard) e as propriedades conectivas da comunica\u00e7\u00e3o em rede<\/h6>\t\t\t\t<\/div>\n\t\t\t\t<\/div>\n\t\t\t\t<div class=\"elementor-element elementor-element-6337e23 elementor-widget elementor-widget-text-editor\" data-id=\"6337e23\" data-element_type=\"widget\" data-e-type=\"widget\" data-widget_type=\"text-editor.default\">\n\t\t\t\t<div class=\"elementor-widget-container\">\n\t\t\t\t\t\t\t\t\t<p>O Centro Internacional de Pesquisa Atopos USP e a Plataforma Internacional para a Cidadania Digital \u2013 Cidig, em parceria com a Escola de Comunica\u00e7\u00f5es e Artes (ECA) da\u00a0<a class=\"x1i10hfl xjbqb8w x6umtig x1b1mbwd xaqea5y xav7gou x9f619 x1ypdohk xt0psk2 xe8uvvx xdj266r x11i5rnm xat24cr x1mh8g0r xexx8yu x4uap5 x18d9i69 xkhd6sd x16tdsg8 x1hl2dhg xggy1nq x1a2a7pz notranslate _a6hd\" style=\"background-color: #ffffff;\" tabindex=\"0\" role=\"link\" href=\"https:\/\/www.instagram.com\/Usp.oficial\/\">@Usp.oficial<\/a>\u00a0e o CRP-ECA\/USP, realizam o evento internacional sobre a tem\u00e1tica &#8220;Da intelig\u00eancia artificial para as hiperintelig\u00eancias: as linguagens estoc\u00e1sticas LLM (ChatGPT, Bing, Bard) e as propriedades conectivas da comunica\u00e7\u00e3o em rede&#8221;.\u00a0<span style=\"color: var(--black-text); font-family: var(--font-main), sans-serif; background-color: var(--white);\">Importantes pesquisadores brasileiros e estrangeiros refletir\u00e3o sobre os significados das qualidades simpoi\u00e9ticas das redes e a passagem da AI (Artificial Intelligence) para a OI (Organoid Intelligence).<\/span><\/p>\t\t\t\t\t\t\t\t<\/div>\n\t\t\t\t<\/div>\n\t\t\t\t\t<\/div>\n\t\t<\/div>\n\t\t\t\t\t<\/div>\n\t\t<\/section>\n\t\t\t\t<section class=\"elementor-section elementor-top-section elementor-element elementor-element-172b2b2 elementor-section-boxed elementor-section-height-default elementor-section-height-default\" data-id=\"172b2b2\" data-element_type=\"section\" data-e-type=\"section\">\n\t\t\t\t\t\t<div class=\"elementor-container elementor-column-gap-default\">\n\t\t\t\t\t<div class=\"elementor-column elementor-col-50 elementor-top-column elementor-element elementor-element-797e5b9\" data-id=\"797e5b9\" data-element_type=\"column\" data-e-type=\"column\">\n\t\t\t<div class=\"elementor-widget-wrap elementor-element-populated\">\n\t\t\t\t\t\t<div class=\"elementor-element elementor-element-31c078b elementor-widget elementor-widget-video\" data-id=\"31c078b\" data-element_type=\"widget\" data-e-type=\"widget\" data-settings=\"{&quot;youtube_url&quot;:&quot;https:\\\/\\\/www.youtube.com\\\/watch?v=VGFJhmY7u74&quot;,&quot;show_image_overlay&quot;:&quot;yes&quot;,&quot;image_overlay&quot;:{&quot;url&quot;:&quot;https:\\\/\\\/webhomserverphp82.asav.org.br\\\/rieonlife\\\/wp-content\\\/uploads\\\/2023\\\/10\\\/LANCAMENTO.jpg&quot;,&quot;id&quot;:1513,&quot;size&quot;:&quot;&quot;,&quot;alt&quot;:&quot;&quot;,&quot;source&quot;:&quot;library&quot;},&quot;video_type&quot;:&quot;youtube&quot;,&quot;controls&quot;:&quot;yes&quot;}\" data-widget_type=\"video.default\">\n\t\t\t\t<div class=\"elementor-widget-container\">\n\t\t\t\t\t\t\t<div class=\"elementor-wrapper elementor-open-inline\">\n\t\t\t<div class=\"elementor-video\"><\/div>\t\t\t\t<div class=\"elementor-custom-embed-image-overlay\" style=\"background-image: url(https:\/\/unisinos.br\/rieonlife\/wp-content\/uploads\/2023\/10\/LANCAMENTO.jpg);\">\n\t\t\t\t\t\t\t\t\t\t\t\t\t\t<\/div>\n\t\t\t\t\t<\/div>\n\t\t\t\t\t\t<\/div>\n\t\t\t\t<\/div>\n\t\t\t\t<div class=\"elementor-element elementor-element-0543869 elementor-widget elementor-widget-heading\" data-id=\"0543869\" data-element_type=\"widget\" data-e-type=\"widget\" data-widget_type=\"heading.default\">\n\t\t\t\t<div class=\"elementor-widget-container\">\n\t\t\t\t\t<h6 class=\"elementor-heading-title elementor-size-default\">Depois da Intelig\u00eancia Artificial e dos Metaversos: A forma\u00e7\u00e3o das ecologias conectivas em tempos de hiperintelig\u00eancias - Se\u00e7\u00e3o I<\/h6>\t\t\t\t<\/div>\n\t\t\t\t<\/div>\n\t\t\t\t<div class=\"elementor-element elementor-element-8951737 elementor-widget elementor-widget-text-editor\" data-id=\"8951737\" data-element_type=\"widget\" data-e-type=\"widget\" data-widget_type=\"text-editor.default\">\n\t\t\t\t<div class=\"elementor-widget-container\">\n\t\t\t\t\t\t\t\t\t<p><span style=\"font-weight: 400;\">Recusando os conceitos de \u201cartificial\u201d e de \u201cnatural\u201d, o evento apresenta a voca\u00e7\u00e3o conectiva das hiperintelig\u00eancias, ressaltando as qualidades emergentes e\u00a0 n\u00e3o ontol\u00f3gicas de suas ecologias.\u00a0<\/span><span style=\"font-family: var(--font-main), sans-serif; background-color: var(--white); color: var(--black-text);\">\u00c9 a partir dessa compreens\u00e3o e no contexto da articula\u00e7\u00e3o do HUB Educa\u00e7\u00e3o OnLIFE na Era das Hiperintelig\u00eancias e do HUB Educa\u00e7\u00e3o OnLIFE em Metaversos, ambos criados no contexto da Rede Internacional de Educa\u00e7\u00e3o OnLIFE &#8211; RIEOnLIFE, e do Projeto CAPES PrInt: \u201cTransforma\u00e7\u00e3o Digital e Humanidades: Educa\u00e7\u00e3o e Comunica\u00e7\u00e3o em Movimento\u201d que realizamos o II Encontro Itinerante e H\u00edbrido de Imers\u00e3o em Pesquisa ATOPOS-USP &amp; GPe-dU-UNISINOS (II EIHIP Atopos\/GPe-dU).<\/span><\/p>\t\t\t\t\t\t\t\t<\/div>\n\t\t\t\t<\/div>\n\t\t\t\t\t<\/div>\n\t\t<\/div>\n\t\t\t\t<div class=\"elementor-column elementor-col-50 elementor-top-column elementor-element elementor-element-4e13398\" data-id=\"4e13398\" data-element_type=\"column\" data-e-type=\"column\">\n\t\t\t<div class=\"elementor-widget-wrap elementor-element-populated\">\n\t\t\t\t\t\t<div class=\"elementor-element elementor-element-f710406 elementor-widget elementor-widget-video\" data-id=\"f710406\" data-element_type=\"widget\" data-e-type=\"widget\" data-settings=\"{&quot;youtube_url&quot;:&quot;https:\\\/\\\/www.youtube.com\\\/watch?v=BVvENnv_L3g&quot;,&quot;show_image_overlay&quot;:&quot;yes&quot;,&quot;image_overlay&quot;:{&quot;url&quot;:&quot;https:\\\/\\\/webhomserverphp82.asav.org.br\\\/rieonlife\\\/wp-content\\\/uploads\\\/2023\\\/10\\\/LANCAMENTO.jpg&quot;,&quot;id&quot;:1513,&quot;size&quot;:&quot;&quot;,&quot;alt&quot;:&quot;&quot;,&quot;source&quot;:&quot;library&quot;},&quot;video_type&quot;:&quot;youtube&quot;,&quot;controls&quot;:&quot;yes&quot;}\" data-widget_type=\"video.default\">\n\t\t\t\t<div class=\"elementor-widget-container\">\n\t\t\t\t\t\t\t<div class=\"elementor-wrapper elementor-open-inline\">\n\t\t\t<div class=\"elementor-video\"><\/div>\t\t\t\t<div class=\"elementor-custom-embed-image-overlay\" style=\"background-image: url(https:\/\/unisinos.br\/rieonlife\/wp-content\/uploads\/2023\/10\/LANCAMENTO.jpg);\">\n\t\t\t\t\t\t\t\t\t\t\t\t\t\t<\/div>\n\t\t\t\t\t<\/div>\n\t\t\t\t\t\t<\/div>\n\t\t\t\t<\/div>\n\t\t\t\t<div class=\"elementor-element elementor-element-bc3f980 elementor-widget elementor-widget-heading\" data-id=\"bc3f980\" data-element_type=\"widget\" data-e-type=\"widget\" data-widget_type=\"heading.default\">\n\t\t\t\t<div class=\"elementor-widget-container\">\n\t\t\t\t\t<h6 class=\"elementor-heading-title elementor-size-default\">Depois da Intelig\u00eancia Artificial e dos Metaversos: A forma\u00e7\u00e3o das ecologias conectivas em tempos de hiperintelig\u00eancias - Se\u00e7\u00e3o II<\/h6>\t\t\t\t<\/div>\n\t\t\t\t<\/div>\n\t\t\t\t<div class=\"elementor-element elementor-element-5887ae2 elementor-widget elementor-widget-text-editor\" data-id=\"5887ae2\" data-element_type=\"widget\" data-e-type=\"widget\" data-widget_type=\"text-editor.default\">\n\t\t\t\t<div class=\"elementor-widget-container\">\n\t\t\t\t\t\t\t\t\t<p>Recusando os conceitos de \u201cartificial\u201d e de \u201cnatural\u201d, o evento apresenta a voca\u00e7\u00e3o conectiva das hiperintelig\u00eancias, ressaltando as qualidades emergentes e\u00a0 n\u00e3o ontol\u00f3gicas de suas ecologias.\u00a0<span style=\"color: var(--black-text); font-family: var(--font-main), sans-serif; background-color: var(--white);\">\u00c9 a partir dessa compreens\u00e3o e no contexto da articula\u00e7\u00e3o do HUB Educa\u00e7\u00e3o OnLIFE na Era das Hiperintelig\u00eancias e do HUB Educa\u00e7\u00e3o OnLIFE em Metaversos, ambos criados no contexto da Rede Internacional de Educa\u00e7\u00e3o OnLIFE &#8211; RIEOnLIFE, e do Projeto CAPES PrInt: \u201cTransforma\u00e7\u00e3o Digital e Humanidades: Educa\u00e7\u00e3o e Comunica\u00e7\u00e3o em Movimento\u201d que realizamos o II Encontro Itinerante e H\u00edbrido de Imers\u00e3o em Pesquisa ATOPOS-USP &amp; GPe-dU-UNISINOS (II EIHIP Atopos\/GPe-dU).<\/span><\/p>\t\t\t\t\t\t\t\t<\/div>\n\t\t\t\t<\/div>\n\t\t\t\t\t<\/div>\n\t\t<\/div>\n\t\t\t\t\t<\/div>\n\t\t<\/section>\n\t\t\t\t<section class=\"elementor-section elementor-top-section elementor-element elementor-element-95ee05e elementor-section-boxed elementor-section-height-default elementor-section-height-default\" data-id=\"95ee05e\" data-element_type=\"section\" data-e-type=\"section\">\n\t\t\t\t\t\t<div class=\"elementor-container elementor-column-gap-default\">\n\t\t\t\t\t<div class=\"elementor-column elementor-col-100 elementor-top-column elementor-element elementor-element-79dd825\" data-id=\"79dd825\" data-element_type=\"column\" data-e-type=\"column\">\n\t\t\t<div class=\"elementor-widget-wrap\">\n\t\t\t\t\t\t\t<\/div>\n\t\t<\/div>\n\t\t\t\t\t<\/div>\n\t\t<\/section>\n\t\t\t\t<\/div>\n\t\t","protected":false},"excerpt":{"rendered":"<p>https:\/\/youtube.com\/watch?v=ujgXeEpl92U%3Fsi%3DTTHY87PsxNCE9bqv IV RIEOnLIFE e VIII Festival WLC &#8211; COnversA\u00c7\u00d5ES: I.A. em tempos de Ecologias Inteligentes No IV RIEOnLIFE e VIII Festival WLC, constituiu-se um espa\u00e7o de problematiza\u00e7\u00e3o com os professores convidados Sandro Jos\u00e9 Rigo &#8211; UNISINOS, Jorge Artur Coelho &#8211; UFAL e Patr\u00edcia Scherer Bassani &#8211; FEEVALE, para dialogar sobre&nbsp;Intelig\u00eancia Artificial em tempos de Ecologias Inteligentes. https:\/\/youtu.be\/FUxcqCBCCj4 COnversA\u00c7\u00d5ES: Nada sobre n\u00f3s sem n\u00f3s &#8211; o conhecimento na Era das Hiperintelig\u00eancias No segundo movimento do Hub \u2013 COnversA\u00c7\u00d5ES\u00a0 \u2013 constituiu-se um espa\u00e7o de problematiza\u00e7\u00e3o e discuss\u00e3o da tem\u00e1tica, trazendo para uma conversa aprofundada os professores Dr. Massimo Di Felice (Atopos\/USP) e Dra. Eliane Schlemmer (GPe-dU\/UNISINOS), juntamente com pesquisadores de diversas \u00e1reas do conhecimento, a fim melhor compreender os desafios e oportunidades de uma Educa\u00e7\u00e3o OnLIFE na Era das Hiperintelig\u00eancias.\u00a0\u00a0 https:\/\/www.youtube.com\/watch?v=mwxzHIsGIKE Da Intelig\u00eancia Artificial para as Hiperintelig\u00eancias: as linguagens estoc\u00e1sticas LLM (ChatGPT, Bing, Bard) e as propriedades conectivas da comunica\u00e7\u00e3o em rede [&hellip;]<\/p>\n","protected":false},"author":5,"featured_media":0,"parent":1373,"menu_order":0,"comment_status":"closed","ping_status":"closed","template":"","meta":{"_monsterinsights_skip_tracking":false,"_monsterinsights_sitenote_active":false,"_monsterinsights_sitenote_note":"","_monsterinsights_sitenote_category":0,"footnotes":""},"class_list":["post-1435","page","type-page","status-publish","hentry"],"_links":{"self":[{"href":"https:\/\/unisinos.br\/rieonlife\/wp-json\/wp\/v2\/pages\/1435","targetHints":{"allow":["GET"]}}],"collection":[{"href":"https:\/\/unisinos.br\/rieonlife\/wp-json\/wp\/v2\/pages"}],"about":[{"href":"https:\/\/unisinos.br\/rieonlife\/wp-json\/wp\/v2\/types\/page"}],"author":[{"embeddable":true,"href":"https:\/\/unisinos.br\/rieonlife\/wp-json\/wp\/v2\/users\/5"}],"replies":[{"embeddable":true,"href":"https:\/\/unisinos.br\/rieonlife\/wp-json\/wp\/v2\/comments?post=1435"}],"version-history":[{"count":19,"href":"https:\/\/unisinos.br\/rieonlife\/wp-json\/wp\/v2\/pages\/1435\/revisions"}],"predecessor-version":[{"id":1543,"href":"https:\/\/unisinos.br\/rieonlife\/wp-json\/wp\/v2\/pages\/1435\/revisions\/1543"}],"up":[{"embeddable":true,"href":"https:\/\/unisinos.br\/rieonlife\/wp-json\/wp\/v2\/pages\/1373"}],"wp:attachment":[{"href":"https:\/\/unisinos.br\/rieonlife\/wp-json\/wp\/v2\/media?parent=1435"}],"curies":[{"name":"wp","href":"https:\/\/api.w.org\/{rel}","templated":true}]}}