{"id":1355,"date":"2023-02-12T13:31:44","date_gmt":"2023-02-12T13:31:44","guid":{"rendered":"https:\/\/webhomserverphp82.asav.org.br\/rieonlife\/?page_id=1355"},"modified":"2025-01-10T19:00:54","modified_gmt":"2025-01-10T19:00:54","slug":"conversacoes-e-compartilhacoes-educacao-onlife-em-metaversos","status":"publish","type":"page","link":"https:\/\/unisinos.br\/rieonlife\/games-gamificacao-e-metaversos-no-paradigma-da-educacao-onlife\/conversacoes-e-compartilhacoes-educacao-onlife-em-metaversos\/","title":{"rendered":"COnversA\u00c7\u00d5ES e COMpartilhA\u00c7\u00d5ES: Educa\u00e7\u00e3o OnLIFE em Metaversos"},"content":{"rendered":"\t\t<div data-elementor-type=\"wp-page\" data-elementor-id=\"1355\" class=\"elementor elementor-1355\" data-elementor-post-type=\"page\">\n\t\t\t\t\t\t<section class=\"elementor-section elementor-top-section elementor-element elementor-element-3d48e00 elementor-section-boxed elementor-section-height-default elementor-section-height-default\" data-id=\"3d48e00\" data-element_type=\"section\" data-e-type=\"section\">\n\t\t\t\t\t\t<div class=\"elementor-container elementor-column-gap-default\">\n\t\t\t\t\t<div class=\"elementor-column elementor-col-50 elementor-top-column elementor-element elementor-element-c1741c2\" data-id=\"c1741c2\" data-element_type=\"column\" data-e-type=\"column\">\n\t\t\t<div class=\"elementor-widget-wrap elementor-element-populated\">\n\t\t\t\t\t\t<div class=\"elementor-element elementor-element-d3d0add elementor-widget elementor-widget-video\" data-id=\"d3d0add\" data-element_type=\"widget\" data-e-type=\"widget\" data-settings=\"{&quot;youtube_url&quot;:&quot;https:\\\/\\\/youtu.be\\\/RBJa-xml9cU&quot;,&quot;show_image_overlay&quot;:&quot;yes&quot;,&quot;image_overlay&quot;:{&quot;url&quot;:&quot;https:\\\/\\\/webhomserverphp82.asav.org.br\\\/rieonlife\\\/wp-content\\\/uploads\\\/2022\\\/07\\\/Metaversos-na-Educacao-Pesquisas-e-Experiencias-com-Metaverso.png&quot;,&quot;id&quot;:1139,&quot;size&quot;:&quot;&quot;,&quot;alt&quot;:&quot;&quot;,&quot;source&quot;:&quot;library&quot;},&quot;video_type&quot;:&quot;youtube&quot;,&quot;controls&quot;:&quot;yes&quot;}\" data-widget_type=\"video.default\">\n\t\t\t\t<div class=\"elementor-widget-container\">\n\t\t\t\t\t\t\t<div class=\"elementor-wrapper elementor-open-inline\">\n\t\t\t<div class=\"elementor-video\"><\/div>\t\t\t\t<div class=\"elementor-custom-embed-image-overlay\" style=\"background-image: url(https:\/\/unisinos.br\/rieonlife\/wp-content\/uploads\/2022\/07\/Metaversos-na-Educacao-Pesquisas-e-Experiencias-com-Metaverso.png);\">\n\t\t\t\t\t\t\t\t\t\t\t\t\t\t<\/div>\n\t\t\t\t\t<\/div>\n\t\t\t\t\t\t<\/div>\n\t\t\t\t<\/div>\n\t\t\t\t<div class=\"elementor-element elementor-element-5ce45fc elementor-widget elementor-widget-heading\" data-id=\"5ce45fc\" data-element_type=\"widget\" data-e-type=\"widget\" data-widget_type=\"heading.default\">\n\t\t\t\t<div class=\"elementor-widget-container\">\n\t\t\t\t\t<h6 class=\"elementor-heading-title elementor-size-default\">COMpartilhA\u00c7\u00d5ES: Pesquisas e Experi\u00eancias com Metaverso<\/h6>\t\t\t\t<\/div>\n\t\t\t\t<\/div>\n\t\t\t\t<div class=\"elementor-element elementor-element-44bb4e6 elementor-widget elementor-widget-text-editor\" data-id=\"44bb4e6\" data-element_type=\"widget\" data-e-type=\"widget\" data-widget_type=\"text-editor.default\">\n\t\t\t\t<div class=\"elementor-widget-container\">\n\t\t\t\t\t\t\t\t\t<p>No II Congresso da RIEOnLIFE, pesquisadores que integram o Hub Metaversos na Educa\u00e7\u00e3o OnLIFE, se reuniram para discutir sobre os Metaversos na Educa\u00e7\u00e3o.<\/p>\t\t\t\t\t\t\t\t<\/div>\n\t\t\t\t<\/div>\n\t\t\t\t\t<\/div>\n\t\t<\/div>\n\t\t\t\t<div class=\"elementor-column elementor-col-50 elementor-top-column elementor-element elementor-element-0ca1654\" data-id=\"0ca1654\" data-element_type=\"column\" data-e-type=\"column\">\n\t\t\t<div class=\"elementor-widget-wrap elementor-element-populated\">\n\t\t\t\t\t\t<div class=\"elementor-element elementor-element-6abda9d elementor-widget elementor-widget-video\" data-id=\"6abda9d\" data-element_type=\"widget\" data-e-type=\"widget\" data-settings=\"{&quot;youtube_url&quot;:&quot;https:\\\/\\\/youtu.be\\\/RBJa-xml9cU&quot;,&quot;show_image_overlay&quot;:&quot;yes&quot;,&quot;image_overlay&quot;:{&quot;url&quot;:&quot;https:\\\/\\\/webhomserverphp82.asav.org.br\\\/rieonlife\\\/wp-content\\\/uploads\\\/2022\\\/07\\\/COnversACOES-Desafios-da-Educacao-OnLIFE-em-Metaverso.png&quot;,&quot;id&quot;:1138,&quot;size&quot;:&quot;&quot;,&quot;alt&quot;:&quot;&quot;,&quot;source&quot;:&quot;library&quot;},&quot;video_type&quot;:&quot;youtube&quot;,&quot;controls&quot;:&quot;yes&quot;}\" data-widget_type=\"video.default\">\n\t\t\t\t<div class=\"elementor-widget-container\">\n\t\t\t\t\t\t\t<div class=\"elementor-wrapper elementor-open-inline\">\n\t\t\t<div class=\"elementor-video\"><\/div>\t\t\t\t<div class=\"elementor-custom-embed-image-overlay\" style=\"background-image: url(https:\/\/unisinos.br\/rieonlife\/wp-content\/uploads\/2022\/07\/COnversACOES-Desafios-da-Educacao-OnLIFE-em-Metaverso.png);\">\n\t\t\t\t\t\t\t\t\t\t\t\t\t\t<\/div>\n\t\t\t\t\t<\/div>\n\t\t\t\t\t\t<\/div>\n\t\t\t\t<\/div>\n\t\t\t\t<div class=\"elementor-element elementor-element-479eb5b elementor-widget elementor-widget-heading\" data-id=\"479eb5b\" data-element_type=\"widget\" data-e-type=\"widget\" data-widget_type=\"heading.default\">\n\t\t\t\t<div class=\"elementor-widget-container\">\n\t\t\t\t\t<h6 class=\"elementor-heading-title elementor-size-default\">COnversA\u00c7\u00d5ES e COMpartilhA\u00c7\u00d5ES do Hub Educa\u00e7\u00e3o OnLIFE em Metaversos<\/h6>\t\t\t\t<\/div>\n\t\t\t\t<\/div>\n\t\t\t\t<div class=\"elementor-element elementor-element-4abf865 elementor-widget elementor-widget-text-editor\" data-id=\"4abf865\" data-element_type=\"widget\" data-e-type=\"widget\" data-widget_type=\"text-editor.default\">\n\t\t\t\t<div class=\"elementor-widget-container\">\n\t\t\t\t\t\t\t\t\t<p>No III Congresso da RIEOnLIFE, ocorreu o segundo encontro de pesquisadores que integram o Hub Metaversos na Educa\u00e7\u00e3o OnLIFE, se reuniram para conversar e compartilhar pesquisas sobre os Metaversos na Educa\u00e7\u00e3o.<\/p>\t\t\t\t\t\t\t\t<\/div>\n\t\t\t\t<\/div>\n\t\t\t\t\t<\/div>\n\t\t<\/div>\n\t\t\t\t\t<\/div>\n\t\t<\/section>\n\t\t\t\t<section class=\"elementor-section elementor-top-section elementor-element elementor-element-02b1482 elementor-section-boxed elementor-section-height-default elementor-section-height-default\" data-id=\"02b1482\" data-element_type=\"section\" data-e-type=\"section\">\n\t\t\t\t\t\t<div class=\"elementor-container elementor-column-gap-default\">\n\t\t\t\t\t<div class=\"elementor-column elementor-col-100 elementor-top-column elementor-element elementor-element-aef48ea\" data-id=\"aef48ea\" data-element_type=\"column\" data-e-type=\"column\">\n\t\t\t<div class=\"elementor-widget-wrap\">\n\t\t\t\t\t\t\t<\/div>\n\t\t<\/div>\n\t\t\t\t\t<\/div>\n\t\t<\/section>\n\t\t\t\t<section class=\"elementor-section elementor-top-section elementor-element elementor-element-dd8b83d elementor-section-boxed elementor-section-height-default elementor-section-height-default\" data-id=\"dd8b83d\" data-element_type=\"section\" data-e-type=\"section\">\n\t\t\t\t\t\t<div class=\"elementor-container elementor-column-gap-default\">\n\t\t\t\t\t<div class=\"elementor-column elementor-col-50 elementor-top-column elementor-element elementor-element-fe24290\" data-id=\"fe24290\" data-element_type=\"column\" data-e-type=\"column\">\n\t\t\t<div class=\"elementor-widget-wrap elementor-element-populated\">\n\t\t\t\t\t\t<div class=\"elementor-element elementor-element-5a5a486 elementor-widget elementor-widget-video\" data-id=\"5a5a486\" data-element_type=\"widget\" data-e-type=\"widget\" data-settings=\"{&quot;youtube_url&quot;:&quot;https:\\\/\\\/www.youtube.com\\\/embed\\\/PzToL3KUsqU&quot;,&quot;video_type&quot;:&quot;youtube&quot;}\" data-widget_type=\"video.default\">\n\t\t\t\t<div class=\"elementor-widget-container\">\n\t\t\t\t\t\t\t<div class=\"elementor-wrapper elementor-open-inline\">\n\t\t\t<div class=\"elementor-video\"><\/div>\t\t<\/div>\n\t\t\t\t\t\t<\/div>\n\t\t\t\t<\/div>\n\t\t\t\t<div class=\"elementor-element elementor-element-a38d9c8 elementor-widget elementor-widget-heading\" data-id=\"a38d9c8\" data-element_type=\"widget\" data-e-type=\"widget\" data-widget_type=\"heading.default\">\n\t\t\t\t<div class=\"elementor-widget-container\">\n\t\t\t\t\t<h6 class=\"elementor-heading-title elementor-size-default\">COMpartilhA\u00c7\u00d5ES: Metaversos no contexto da Educa\u00e7\u00e3o OnLIFE<\/h6>\t\t\t\t<\/div>\n\t\t\t\t<\/div>\n\t\t\t\t<div class=\"elementor-element elementor-element-5cd25d4 elementor-widget elementor-widget-text-editor\" data-id=\"5cd25d4\" data-element_type=\"widget\" data-e-type=\"widget\" data-widget_type=\"text-editor.default\">\n\t\t\t\t<div class=\"elementor-widget-container\">\n\t\t\t\t\t\t\t\t\t<p>No III Congresso da RIEOnLIFE, foi apresentado o prot\u00f3tipo do Mundo Digital Virtual 3D (MDV3D) da RIEOnLIFE que est\u00e1 sendo desenvolvido no Metaverso do Mozilla Hubs.<\/p>\t\t\t\t\t\t\t\t<\/div>\n\t\t\t\t<\/div>\n\t\t\t\t\t<\/div>\n\t\t<\/div>\n\t\t\t\t<div class=\"elementor-column elementor-col-50 elementor-top-column elementor-element elementor-element-ad84c30\" data-id=\"ad84c30\" data-element_type=\"column\" data-e-type=\"column\">\n\t\t\t<div class=\"elementor-widget-wrap elementor-element-populated\">\n\t\t\t\t\t\t<div class=\"elementor-element elementor-element-c7f5b70 elementor-widget elementor-widget-video\" data-id=\"c7f5b70\" data-element_type=\"widget\" data-e-type=\"widget\" data-settings=\"{&quot;youtube_url&quot;:&quot;https:\\\/\\\/www.youtube.com\\\/watch?v=_dqLsB0Rya8&amp;t&quot;,&quot;video_type&quot;:&quot;youtube&quot;}\" data-widget_type=\"video.default\">\n\t\t\t\t<div class=\"elementor-widget-container\">\n\t\t\t\t\t\t\t<div class=\"elementor-wrapper elementor-open-inline\">\n\t\t\t<div class=\"elementor-video\"><\/div>\t\t<\/div>\n\t\t\t\t\t\t<\/div>\n\t\t\t\t<\/div>\n\t\t\t\t<div class=\"elementor-element elementor-element-8bfda4e elementor-widget elementor-widget-heading\" data-id=\"8bfda4e\" data-element_type=\"widget\" data-e-type=\"widget\" data-widget_type=\"heading.default\">\n\t\t\t\t<div class=\"elementor-widget-container\">\n\t\t\t\t\t<h6 class=\"elementor-heading-title elementor-size-default\">COnversA\u00c7\u00d5ES: Cidadania digital, metaverso e novos mundos<\/h6>\t\t\t\t<\/div>\n\t\t\t\t<\/div>\n\t\t\t\t<div class=\"elementor-element elementor-element-84a8dbf elementor-widget elementor-widget-text-editor\" data-id=\"84a8dbf\" data-element_type=\"widget\" data-e-type=\"widget\" data-widget_type=\"text-editor.default\">\n\t\t\t\t<div class=\"elementor-widget-container\">\n\t\t\t\t\t\t\t\t\t<p>No III Congresso Internacional de Cidadania Digital, pesquisadores encontraram-se para discutir sobre cidadania digital, metaversos novos mundos.<\/p>\t\t\t\t\t\t\t\t<\/div>\n\t\t\t\t<\/div>\n\t\t\t\t\t<\/div>\n\t\t<\/div>\n\t\t\t\t\t<\/div>\n\t\t<\/section>\n\t\t\t\t<section class=\"elementor-section elementor-top-section elementor-element elementor-element-95ee05e elementor-section-boxed elementor-section-height-default elementor-section-height-default\" data-id=\"95ee05e\" data-element_type=\"section\" data-e-type=\"section\">\n\t\t\t\t\t\t<div class=\"elementor-container elementor-column-gap-default\">\n\t\t\t\t\t<div class=\"elementor-column elementor-col-100 elementor-top-column elementor-element elementor-element-79dd825\" data-id=\"79dd825\" data-element_type=\"column\" data-e-type=\"column\">\n\t\t\t<div class=\"elementor-widget-wrap\">\n\t\t\t\t\t\t\t<\/div>\n\t\t<\/div>\n\t\t\t\t\t<\/div>\n\t\t<\/section>\n\t\t\t\t<section class=\"elementor-section elementor-top-section elementor-element elementor-element-10bd345 elementor-section-boxed elementor-section-height-default elementor-section-height-default\" data-id=\"10bd345\" data-element_type=\"section\" data-e-type=\"section\">\n\t\t\t\t\t\t<div class=\"elementor-container elementor-column-gap-default\">\n\t\t\t\t\t<div class=\"elementor-column elementor-col-50 elementor-top-column elementor-element elementor-element-d95464b\" data-id=\"d95464b\" data-element_type=\"column\" data-e-type=\"column\">\n\t\t\t<div class=\"elementor-widget-wrap elementor-element-populated\">\n\t\t\t\t\t\t<div class=\"elementor-element elementor-element-ac8546c elementor-widget elementor-widget-video\" data-id=\"ac8546c\" data-element_type=\"widget\" data-e-type=\"widget\" data-settings=\"{&quot;youtube_url&quot;:&quot;https:\\\/\\\/www.youtube.com\\\/embed\\\/wH4kw1vPDb8?si=c2ktj5ngrtnioWIl&quot;,&quot;show_image_overlay&quot;:&quot;yes&quot;,&quot;image_overlay&quot;:{&quot;url&quot;:&quot;&quot;,&quot;id&quot;:&quot;&quot;,&quot;size&quot;:&quot;&quot;,&quot;alt&quot;:&quot;&quot;,&quot;source&quot;:&quot;library&quot;},&quot;video_type&quot;:&quot;youtube&quot;,&quot;controls&quot;:&quot;yes&quot;}\" data-widget_type=\"video.default\">\n\t\t\t\t<div class=\"elementor-widget-container\">\n\t\t\t\t\t\t\t<div class=\"elementor-wrapper elementor-open-inline\">\n\t\t\t<div class=\"elementor-video\"><\/div>\t\t<\/div>\n\t\t\t\t\t\t<\/div>\n\t\t\t\t<\/div>\n\t\t\t\t<div class=\"elementor-element elementor-element-05d2eee elementor-widget elementor-widget-heading\" data-id=\"05d2eee\" data-element_type=\"widget\" data-e-type=\"widget\" data-widget_type=\"heading.default\">\n\t\t\t\t<div class=\"elementor-widget-container\">\n\t\t\t\t\t<h6 class=\"elementor-heading-title elementor-size-default\">IV RIEOnLIFE e VIII Festival WLC - COnversA\u00c7\u00d5ES &amp; COMpartilhA\u00c7\u00d5ES do Hub: Metaversos na Educa\u00e7\u00e3o<\/h6>\t\t\t\t<\/div>\n\t\t\t\t<\/div>\n\t\t\t\t<div class=\"elementor-element elementor-element-514e45f elementor-widget elementor-widget-text-editor\" data-id=\"514e45f\" data-element_type=\"widget\" data-e-type=\"widget\" data-widget_type=\"text-editor.default\">\n\t\t\t\t<div class=\"elementor-widget-container\">\n\t\t\t\t\t\t\t\t\t<p>No IV Congresso da RIEOnLIFE, pesquisadores que integram o Hub Metaversos na Educa\u00e7\u00e3o OnLIFE, se reuniram para discutir sobre os Metaversos na Educa\u00e7\u00e3o.<\/p>\t\t\t\t\t\t\t\t<\/div>\n\t\t\t\t<\/div>\n\t\t\t\t\t<\/div>\n\t\t<\/div>\n\t\t\t\t<div class=\"elementor-column elementor-col-50 elementor-top-column elementor-element elementor-element-7d6c545\" data-id=\"7d6c545\" data-element_type=\"column\" data-e-type=\"column\">\n\t\t\t<div class=\"elementor-widget-wrap\">\n\t\t\t\t\t\t\t<\/div>\n\t\t<\/div>\n\t\t\t\t\t<\/div>\n\t\t<\/section>\n\t\t\t\t<\/div>\n\t\t","protected":false},"excerpt":{"rendered":"<p>COMpartilhA\u00c7\u00d5ES: Pesquisas e Experi\u00eancias com Metaverso No II Congresso da RIEOnLIFE, pesquisadores que integram o Hub Metaversos na Educa\u00e7\u00e3o OnLIFE, se reuniram para discutir sobre os Metaversos na Educa\u00e7\u00e3o. https:\/\/youtu.be\/RBJa-xml9cU COnversA\u00c7\u00d5ES e COMpartilhA\u00c7\u00d5ES do Hub Educa\u00e7\u00e3o OnLIFE em Metaversos No III Congresso da RIEOnLIFE, ocorreu o segundo encontro de pesquisadores que integram o Hub Metaversos na Educa\u00e7\u00e3o OnLIFE, se reuniram para conversar e compartilhar pesquisas sobre os Metaversos na Educa\u00e7\u00e3o. https:\/\/www.youtube.com\/embed\/PzToL3KUsqU COMpartilhA\u00c7\u00d5ES: Metaversos no contexto da Educa\u00e7\u00e3o OnLIFE No III Congresso da RIEOnLIFE, foi apresentado o prot\u00f3tipo do Mundo Digital Virtual 3D (MDV3D) da RIEOnLIFE que est\u00e1 sendo desenvolvido no Metaverso do Mozilla Hubs. https:\/\/www.youtube.com\/watch?v=_dqLsB0Rya8&#038;t COnversA\u00c7\u00d5ES: Cidadania digital, metaverso e novos mundos No III Congresso Internacional de Cidadania Digital, pesquisadores encontraram-se para discutir sobre cidadania digital, metaversos novos mundos. https:\/\/www.youtube.com\/embed\/wH4kw1vPDb8?si=c2ktj5ngrtnioWIl IV RIEOnLIFE e VIII Festival WLC &#8211; COnversA\u00c7\u00d5ES &#038; COMpartilhA\u00c7\u00d5ES do Hub: Metaversos na Educa\u00e7\u00e3o No IV Congresso da RIEOnLIFE, [&hellip;]<\/p>\n","protected":false},"author":5,"featured_media":0,"parent":930,"menu_order":0,"comment_status":"closed","ping_status":"closed","template":"","meta":{"_monsterinsights_skip_tracking":false,"_monsterinsights_sitenote_active":false,"_monsterinsights_sitenote_note":"","_monsterinsights_sitenote_category":0,"footnotes":""},"class_list":["post-1355","page","type-page","status-publish","hentry"],"_links":{"self":[{"href":"https:\/\/unisinos.br\/rieonlife\/wp-json\/wp\/v2\/pages\/1355","targetHints":{"allow":["GET"]}}],"collection":[{"href":"https:\/\/unisinos.br\/rieonlife\/wp-json\/wp\/v2\/pages"}],"about":[{"href":"https:\/\/unisinos.br\/rieonlife\/wp-json\/wp\/v2\/types\/page"}],"author":[{"embeddable":true,"href":"https:\/\/unisinos.br\/rieonlife\/wp-json\/wp\/v2\/users\/5"}],"replies":[{"embeddable":true,"href":"https:\/\/unisinos.br\/rieonlife\/wp-json\/wp\/v2\/comments?post=1355"}],"version-history":[{"count":31,"href":"https:\/\/unisinos.br\/rieonlife\/wp-json\/wp\/v2\/pages\/1355\/revisions"}],"predecessor-version":[{"id":1540,"href":"https:\/\/unisinos.br\/rieonlife\/wp-json\/wp\/v2\/pages\/1355\/revisions\/1540"}],"up":[{"embeddable":true,"href":"https:\/\/unisinos.br\/rieonlife\/wp-json\/wp\/v2\/pages\/930"}],"wp:attachment":[{"href":"https:\/\/unisinos.br\/rieonlife\/wp-json\/wp\/v2\/media?parent=1355"}],"curies":[{"name":"wp","href":"https:\/\/api.w.org\/{rel}","templated":true}]}}