{"id":1152,"date":"2022-07-07T01:16:42","date_gmt":"2022-07-07T01:16:42","guid":{"rendered":"https:\/\/webhomserverphp82.asav.org.br\/rieonlife\/?page_id=1152"},"modified":"2022-07-07T01:55:10","modified_gmt":"2022-07-07T01:55:10","slug":"rieonlife-2020","status":"publish","type":"page","link":"https:\/\/unisinos.br\/rieonlife\/rieonlife-2020\/","title":{"rendered":"RIEOnLIFE 2020"},"content":{"rendered":"\t\t<div data-elementor-type=\"wp-page\" data-elementor-id=\"1152\" class=\"elementor elementor-1152\" data-elementor-post-type=\"page\">\n\t\t\t\t\t\t<section class=\"elementor-section elementor-top-section elementor-element elementor-element-b2b4536 elementor-section-boxed elementor-section-height-default elementor-section-height-default\" data-id=\"b2b4536\" data-element_type=\"section\" data-e-type=\"section\">\n\t\t\t\t\t\t<div class=\"elementor-container elementor-column-gap-default\">\n\t\t\t\t\t<div class=\"elementor-column elementor-col-100 elementor-top-column elementor-element elementor-element-43572ca\" data-id=\"43572ca\" data-element_type=\"column\" data-e-type=\"column\">\n\t\t\t<div class=\"elementor-widget-wrap elementor-element-populated\">\n\t\t\t\t\t\t<div class=\"elementor-element elementor-element-5998462 elementor-widget elementor-widget-heading\" data-id=\"5998462\" data-element_type=\"widget\" data-e-type=\"widget\" data-widget_type=\"heading.default\">\n\t\t\t\t<div class=\"elementor-widget-container\">\n\t\t\t\t\t<h4 class=\"elementor-heading-title elementor-size-default\">V WLC &amp; RIEOnLIFE<\/h4>\t\t\t\t<\/div>\n\t\t\t\t<\/div>\n\t\t\t\t<div class=\"elementor-element elementor-element-96acc6c elementor-widget elementor-widget-text-editor\" data-id=\"96acc6c\" data-element_type=\"widget\" data-e-type=\"widget\" data-widget_type=\"text-editor.default\">\n\t\t\t\t<div class=\"elementor-widget-container\">\n\t\t\t\t\t\t\t\t\t<p>O evento<b>\u00a0We, Learning with the Cibricity \u2013 WLC2020,\u00a0<\/b>em sua quinta edi\u00e7\u00e3o,\u00a0\u00a0objetivou analisar, discutir e teorizar sobre as\u00a0 aprendizagens dos estudantes, as metodologias e as pr\u00e1ticas pedag\u00f3gicas desenvolvidas no contexto da\u00a0 Cibricidade, bem como as aprendizagens de pesquisadores e professores no contexto de hibridismo e\u00a0 multimodalidade. Por cibricidade compreende-se essa cidade h\u00edbrida que de uma geografia f\u00edsica se conecta e se amplia para outras geografias digitais, informacionais e conectivas.<\/p><p>Esse evento foi organizado por uma equipe que envolveu representantes das escolas de Educa\u00e7\u00e3o B\u00e1sica\u00a0 (estudantes e professores) e integrantes do Grupo Internacional de Pesquisa: Educa\u00e7\u00e3o Digital GPe-dU \u2013 UNISINOS\/CNPq e do Grupo de Pesquisa COTEDIC UNILASALLE\/CNPq, constituindo um espa\u00e7o prof\u00edcuo de troca e\u00a0 compartilhamento de aprendizagens na perspectiva das Human Smart Cities e da Ci\u00eancia Cidad\u00e3.\u00a0<\/p><p>O p\u00fablico-alvo foi composto por\u00a0Estudantes da Educa\u00e7\u00e3o B\u00e1sica das redes de ensino p\u00fablico e privado;\u00a0 Professores e gestores, estudantes da gradua\u00e7\u00e3o (licenciaturas); estudantes e pesquisadores de p\u00f3s-gradua\u00e7\u00e3o em Educa\u00e7\u00e3o e demais interessados na tem\u00e1tica do evento.\u00a0<\/p><p>No \u00e2mbito do WLC2020 foi realizado o primeiro RIEOnLIFE (RIEOnLIFE2020), com o objetivo de discutir o habitar do ensinar e do aprender num mundo hiperconectado, a partir de problematiza\u00e7\u00f5es do tempo presente, a fim de que possamos nos potencializar enquanto rede, na configura\u00e7\u00e3o de ecossistemas conectivos de inova\u00e7\u00e3o para a Educa\u00e7\u00e3o OnLIFE.\u00a0\u00a0<\/p><p><span style=\"background-color: var(--white); color: var(--black-text); font-family: var(--font-main), sans-serif;\">O p\u00fablico alvo foram acad\u00eamicos de gradua\u00e7\u00e3o e p\u00f3s-gradua\u00e7\u00e3o, professores, gestores e pesquisadores.\u00a0<\/span><span style=\"font-family: var(--font-main), sans-serif; background-color: var(--white); color: var(--black-text);\">O evento contou com 1.377 participantes, que se fizeram presentes de forma\u00a0<\/span><i style=\"font-family: var(--font-main), sans-serif; background-color: var(--white); color: var(--black-text);\">on-line<\/i><span style=\"font-family: var(--font-main), sans-serif; background-color: var(--white); color: var(--black-text);\">\u00a0nas diferentes atividades e programadas nos quatro dias de WLC 2020 e de RIEOnLIFE 2020. Foram apresentados 56 trabalhos ao todo, provenientes de pesquisas e experi\u00eancias desenvolvidas em contextos educativos, contemplando diferentes n\u00edveis e contextos educacionais: da educa\u00e7\u00e3o infantil \u00e0 p\u00f3s-gradua\u00e7\u00e3o stricto sensu, provenientes de diferentes regi\u00f5es do Brasil e de pa\u00edses como Portugal, Espanha, Cabo Verde e Mo\u00e7ambique. Como sistematiza\u00e7\u00e3o das produ\u00e7\u00f5es originadas do evento, as quais expressam os movimentos da ecologia atual.<\/span><\/p>\t\t\t\t\t\t\t\t<\/div>\n\t\t\t\t<\/div>\n\t\t\t\t\t<\/div>\n\t\t<\/div>\n\t\t\t\t\t<\/div>\n\t\t<\/section>\n\t\t\t\t<section class=\"elementor-section elementor-top-section elementor-element elementor-element-ef7b4d2 elementor-section-boxed elementor-section-height-default elementor-section-height-default\" data-id=\"ef7b4d2\" data-element_type=\"section\" data-e-type=\"section\" data-settings=\"{&quot;background_background&quot;:&quot;classic&quot;}\">\n\t\t\t\t\t\t<div class=\"elementor-container elementor-column-gap-default\">\n\t\t\t\t\t<div class=\"elementor-column elementor-col-100 elementor-top-column elementor-element elementor-element-0f182ea\" data-id=\"0f182ea\" data-element_type=\"column\" data-e-type=\"column\">\n\t\t\t<div class=\"elementor-widget-wrap elementor-element-populated\">\n\t\t\t\t\t\t<section class=\"elementor-section elementor-inner-section elementor-element elementor-element-899c6a2 elementor-section-boxed elementor-section-height-default elementor-section-height-default\" data-id=\"899c6a2\" data-element_type=\"section\" data-e-type=\"section\">\n\t\t\t\t\t\t<div class=\"elementor-container elementor-column-gap-default\">\n\t\t\t\t\t<div class=\"elementor-column elementor-col-50 elementor-inner-column elementor-element elementor-element-3c34906\" data-id=\"3c34906\" data-element_type=\"column\" data-e-type=\"column\">\n\t\t\t<div class=\"elementor-widget-wrap elementor-element-populated\">\n\t\t\t\t\t\t<div class=\"elementor-element elementor-element-f28f683 elementor-widget elementor-widget-image\" data-id=\"f28f683\" data-element_type=\"widget\" data-e-type=\"widget\" data-widget_type=\"image.default\">\n\t\t\t\t<div class=\"elementor-widget-container\">\n\t\t\t\t\t\t\t\t\t\t\t\t\t\t\t<img fetchpriority=\"high\" decoding=\"async\" width=\"208\" height=\"300\" src=\"https:\/\/unisinos.br\/rieonlife\/wp-content\/uploads\/2022\/07\/Captura-de-tela-2022-07-06-222552-208x300.jpg\" class=\"attachment-medium size-medium wp-image-1154\" alt=\"\" srcset=\"https:\/\/unisinos.br\/rieonlife\/wp-content\/uploads\/2022\/07\/Captura-de-tela-2022-07-06-222552-208x300.jpg 208w, https:\/\/unisinos.br\/rieonlife\/wp-content\/uploads\/2022\/07\/Captura-de-tela-2022-07-06-222552-382x550.jpg 382w, https:\/\/unisinos.br\/rieonlife\/wp-content\/uploads\/2022\/07\/Captura-de-tela-2022-07-06-222552.jpg 447w\" sizes=\"(max-width: 208px) 100vw, 208px\" \/>\t\t\t\t\t\t\t\t\t\t\t\t\t\t\t<\/div>\n\t\t\t\t<\/div>\n\t\t\t\t\t<\/div>\n\t\t<\/div>\n\t\t\t\t<div class=\"elementor-column elementor-col-50 elementor-inner-column elementor-element elementor-element-a03a144\" data-id=\"a03a144\" data-element_type=\"column\" data-e-type=\"column\">\n\t\t\t<div class=\"elementor-widget-wrap elementor-element-populated\">\n\t\t\t\t\t\t<div class=\"elementor-element elementor-element-310c887 elementor-widget elementor-widget-heading\" data-id=\"310c887\" data-element_type=\"widget\" data-e-type=\"widget\" data-widget_type=\"heading.default\">\n\t\t\t\t<div class=\"elementor-widget-container\">\n\t\t\t\t\t<div class=\"elementor-heading-title elementor-size-default\">Acesse o e-book dos artigos publicados no evento:<\/div>\t\t\t\t<\/div>\n\t\t\t\t<\/div>\n\t\t\t\t<div class=\"elementor-element elementor-element-9b07bfc elementor-widget elementor-widget-spacer\" data-id=\"9b07bfc\" data-element_type=\"widget\" data-e-type=\"widget\" data-widget_type=\"spacer.default\">\n\t\t\t\t<div class=\"elementor-widget-container\">\n\t\t\t\t\t\t\t<div class=\"elementor-spacer\">\n\t\t\t<div class=\"elementor-spacer-inner\"><\/div>\n\t\t<\/div>\n\t\t\t\t\t\t<\/div>\n\t\t\t\t<\/div>\n\t\t\t\t<div class=\"elementor-element elementor-element-3538afc elementor-widget elementor-widget-heading\" data-id=\"3538afc\" data-element_type=\"widget\" data-e-type=\"widget\" data-widget_type=\"heading.default\">\n\t\t\t\t<div class=\"elementor-widget-container\">\n\t\t\t\t\t<h6 class=\"elementor-heading-title elementor-size-default\">O Habitar do Ensinar e do Aprender OnLIFE: Viv\u00eancias na educa\u00e7\u00e3o contempor\u00e2nea.<\/h6>\t\t\t\t<\/div>\n\t\t\t\t<\/div>\n\t\t\t\t<div class=\"elementor-element elementor-element-7109f7a elementor-widget elementor-widget-spacer\" data-id=\"7109f7a\" data-element_type=\"widget\" data-e-type=\"widget\" data-widget_type=\"spacer.default\">\n\t\t\t\t<div class=\"elementor-widget-container\">\n\t\t\t\t\t\t\t<div class=\"elementor-spacer\">\n\t\t\t<div class=\"elementor-spacer-inner\"><\/div>\n\t\t<\/div>\n\t\t\t\t\t\t<\/div>\n\t\t\t\t<\/div>\n\t\t\t\t<div class=\"elementor-element elementor-element-070c871 elementor-button-danger elementor-align-center elementor-widget elementor-widget-button\" data-id=\"070c871\" data-element_type=\"widget\" data-e-type=\"widget\" data-widget_type=\"button.default\">\n\t\t\t\t<div class=\"elementor-widget-container\">\n\t\t\t\t\t\t\t\t\t<div class=\"elementor-button-wrapper\">\n\t\t\t\t\t<a class=\"elementor-button elementor-button-link elementor-size-sm\" href=\"http:\/\/www.guaritadigital.com.br\/casaleiria\/acervo\/educacao\/ohabitar\/index.html\">\n\t\t\t\t\t\t<span class=\"elementor-button-content-wrapper\">\n\t\t\t\t\t\t\t\t\t<span class=\"elementor-button-text\">Acesse aqui<\/span>\n\t\t\t\t\t<\/span>\n\t\t\t\t\t<\/a>\n\t\t\t\t<\/div>\n\t\t\t\t\t\t\t\t<\/div>\n\t\t\t\t<\/div>\n\t\t\t\t\t<\/div>\n\t\t<\/div>\n\t\t\t\t\t<\/div>\n\t\t<\/section>\n\t\t\t\t\t<\/div>\n\t\t<\/div>\n\t\t\t\t\t<\/div>\n\t\t<\/section>\n\t\t\t\t<section class=\"elementor-section elementor-top-section elementor-element elementor-element-437b928 elementor-section-boxed elementor-section-height-default elementor-section-height-default\" data-id=\"437b928\" data-element_type=\"section\" data-e-type=\"section\">\n\t\t\t\t\t\t<div class=\"elementor-container elementor-column-gap-default\">\n\t\t\t\t\t<div class=\"elementor-column elementor-col-100 elementor-top-column elementor-element elementor-element-90f0055\" data-id=\"90f0055\" data-element_type=\"column\" data-e-type=\"column\">\n\t\t\t<div class=\"elementor-widget-wrap elementor-element-populated\">\n\t\t\t\t\t\t<div class=\"elementor-element elementor-element-5a454dd elementor-widget elementor-widget-spacer\" data-id=\"5a454dd\" data-element_type=\"widget\" data-e-type=\"widget\" data-widget_type=\"spacer.default\">\n\t\t\t\t<div class=\"elementor-widget-container\">\n\t\t\t\t\t\t\t<div class=\"elementor-spacer\">\n\t\t\t<div class=\"elementor-spacer-inner\"><\/div>\n\t\t<\/div>\n\t\t\t\t\t\t<\/div>\n\t\t\t\t<\/div>\n\t\t\t\t<div class=\"elementor-element elementor-element-0b58d20 elementor-widget elementor-widget-heading\" data-id=\"0b58d20\" data-element_type=\"widget\" data-e-type=\"widget\" data-widget_type=\"heading.default\">\n\t\t\t\t<div class=\"elementor-widget-container\">\n\t\t\t\t\t<h5 class=\"elementor-heading-title elementor-size-default\">PROGRAMA\u00c7\u00c3O<\/h5>\t\t\t\t<\/div>\n\t\t\t\t<\/div>\n\t\t\t\t<div class=\"elementor-element elementor-element-2112dda elementor-widget elementor-widget-heading\" data-id=\"2112dda\" data-element_type=\"widget\" data-e-type=\"widget\" data-widget_type=\"heading.default\">\n\t\t\t\t<div class=\"elementor-widget-container\">\n\t\t\t\t\t<h6 class=\"elementor-heading-title elementor-size-default\">09 de dezembro<\/h6>\t\t\t\t<\/div>\n\t\t\t\t<\/div>\n\t\t\t\t<div class=\"elementor-element elementor-element-c7cefa2 elementor-arrows-position-inside elementor-pagination-position-outside elementor-widget elementor-widget-image-carousel\" data-id=\"c7cefa2\" data-element_type=\"widget\" data-e-type=\"widget\" data-settings=\"{&quot;navigation&quot;:&quot;both&quot;,&quot;autoplay&quot;:&quot;yes&quot;,&quot;pause_on_hover&quot;:&quot;yes&quot;,&quot;pause_on_interaction&quot;:&quot;yes&quot;,&quot;autoplay_speed&quot;:5000,&quot;infinite&quot;:&quot;yes&quot;,&quot;speed&quot;:500}\" data-widget_type=\"image-carousel.default\">\n\t\t\t\t<div class=\"elementor-widget-container\">\n\t\t\t\t\t\t\t<div class=\"elementor-image-carousel-wrapper swiper\" role=\"region\" aria-roledescription=\"carousel\" aria-label=\"Carrossel de imagens\" dir=\"ltr\">\n\t\t\t<div class=\"elementor-image-carousel swiper-wrapper\" aria-live=\"off\">\n\t\t\t\t\t\t\t\t<div class=\"swiper-slide\" role=\"group\" aria-roledescription=\"slide\" aria-label=\"1 de 4\"><a data-elementor-open-lightbox=\"yes\" data-elementor-lightbox-slideshow=\"c7cefa2\" data-elementor-lightbox-title=\"Massimo\" data-e-action-hash=\"#elementor-action%3Aaction%3Dlightbox%26settings%3DeyJpZCI6MTE1NywidXJsIjoiaHR0cHM6XC9cL3VuaXNpbm9zLmJyXC9yaWVvbmxpZmVcL3dwLWNvbnRlbnRcL3VwbG9hZHNcLzIwMjJcLzA3XC9NYXNzaW1vLnBuZyIsInNsaWRlc2hvdyI6ImM3Y2VmYTIifQ%3D%3D\" href=\"https:\/\/unisinos.br\/rieonlife\/wp-content\/uploads\/2022\/07\/Massimo.png\"><figure class=\"swiper-slide-inner\"><img decoding=\"async\" class=\"swiper-slide-image\" src=\"https:\/\/unisinos.br\/rieonlife\/wp-content\/uploads\/2022\/07\/Massimo-1536x1086.png\" alt=\"Massimo\" \/><\/figure><\/a><\/div><div class=\"swiper-slide\" role=\"group\" aria-roledescription=\"slide\" aria-label=\"2 de 4\"><a data-elementor-open-lightbox=\"yes\" data-elementor-lightbox-slideshow=\"c7cefa2\" data-elementor-lightbox-title=\"Especializa\u00e7\u00e3oGest\u00e3o\" data-e-action-hash=\"#elementor-action%3Aaction%3Dlightbox%26settings%3DeyJpZCI6MTE1NiwidXJsIjoiaHR0cHM6XC9cL3VuaXNpbm9zLmJyXC9yaWVvbmxpZmVcL3dwLWNvbnRlbnRcL3VwbG9hZHNcLzIwMjJcLzA3XC9Fc3BlY2lhbGl6YWNhb0dlc3Rhby5wbmciLCJzbGlkZXNob3ciOiJjN2NlZmEyIn0%3D\" href=\"https:\/\/unisinos.br\/rieonlife\/wp-content\/uploads\/2022\/07\/EspecializacaoGestao.png\"><figure class=\"swiper-slide-inner\"><img decoding=\"async\" class=\"swiper-slide-image\" src=\"https:\/\/unisinos.br\/rieonlife\/wp-content\/uploads\/2022\/07\/EspecializacaoGestao-1536x1086.png\" alt=\"Especializa\u00e7\u00e3oGest\u00e3o\" \/><\/figure><\/a><\/div><div class=\"swiper-slide\" role=\"group\" aria-roledescription=\"slide\" aria-label=\"3 de 4\"><a data-elementor-open-lightbox=\"yes\" data-elementor-lightbox-slideshow=\"c7cefa2\" data-elementor-lightbox-title=\"print\" data-e-action-hash=\"#elementor-action%3Aaction%3Dlightbox%26settings%3DeyJpZCI6MTE1OCwidXJsIjoiaHR0cHM6XC9cL3VuaXNpbm9zLmJyXC9yaWVvbmxpZmVcL3dwLWNvbnRlbnRcL3VwbG9hZHNcLzIwMjJcLzA3XC9wcmludC5wbmciLCJzbGlkZXNob3ciOiJjN2NlZmEyIn0%3D\" href=\"https:\/\/unisinos.br\/rieonlife\/wp-content\/uploads\/2022\/07\/print.png\"><figure class=\"swiper-slide-inner\"><img decoding=\"async\" class=\"swiper-slide-image\" src=\"https:\/\/unisinos.br\/rieonlife\/wp-content\/uploads\/2022\/07\/print-1536x1086.png\" alt=\"print\" \/><\/figure><\/a><\/div><div class=\"swiper-slide\" role=\"group\" aria-roledescription=\"slide\" aria-label=\"4 de 4\"><a data-elementor-open-lightbox=\"yes\" data-elementor-lightbox-slideshow=\"c7cefa2\" data-elementor-lightbox-title=\"Especializa\u00e7\u00e3oGeral\" data-e-action-hash=\"#elementor-action%3Aaction%3Dlightbox%26settings%3DeyJpZCI6MTE1NSwidXJsIjoiaHR0cHM6XC9cL3VuaXNpbm9zLmJyXC9yaWVvbmxpZmVcL3dwLWNvbnRlbnRcL3VwbG9hZHNcLzIwMjJcLzA3XC9Fc3BlY2lhbGl6YWNhb0dlcmFsLnBuZyIsInNsaWRlc2hvdyI6ImM3Y2VmYTIifQ%3D%3D\" href=\"https:\/\/unisinos.br\/rieonlife\/wp-content\/uploads\/2022\/07\/EspecializacaoGeral.png\"><figure class=\"swiper-slide-inner\"><img decoding=\"async\" class=\"swiper-slide-image\" src=\"https:\/\/unisinos.br\/rieonlife\/wp-content\/uploads\/2022\/07\/EspecializacaoGeral-1536x1086.png\" alt=\"Especializa\u00e7\u00e3oGeral\" \/><\/figure><\/a><\/div>\t\t\t<\/div>\n\t\t\t\t\t\t\t\t\t\t\t\t<div class=\"elementor-swiper-button elementor-swiper-button-prev\" role=\"button\" tabindex=\"0\">\n\t\t\t\t\t\t<i aria-hidden=\"true\" class=\"eicon-chevron-left\"><\/i>\t\t\t\t\t<\/div>\n\t\t\t\t\t<div class=\"elementor-swiper-button elementor-swiper-button-next\" role=\"button\" tabindex=\"0\">\n\t\t\t\t\t\t<i aria-hidden=\"true\" class=\"eicon-chevron-right\"><\/i>\t\t\t\t\t<\/div>\n\t\t\t\t\n\t\t\t\t\t\t\t\t\t<div class=\"swiper-pagination\"><\/div>\n\t\t\t\t\t\t\t\t\t<\/div>\n\t\t\t\t\t\t<\/div>\n\t\t\t\t<\/div>\n\t\t\t\t<div class=\"elementor-element elementor-element-5a5176c elementor-widget elementor-widget-heading\" data-id=\"5a5176c\" data-element_type=\"widget\" data-e-type=\"widget\" data-widget_type=\"heading.default\">\n\t\t\t\t<div class=\"elementor-widget-container\">\n\t\t\t\t\t<h6 class=\"elementor-heading-title elementor-size-default\">10 de dezembro<\/h6>\t\t\t\t<\/div>\n\t\t\t\t<\/div>\n\t\t\t\t<div class=\"elementor-element elementor-element-46019c1 elementor-arrows-position-inside elementor-pagination-position-outside elementor-widget elementor-widget-image-carousel\" data-id=\"46019c1\" data-element_type=\"widget\" data-e-type=\"widget\" data-settings=\"{&quot;navigation&quot;:&quot;both&quot;,&quot;autoplay&quot;:&quot;yes&quot;,&quot;pause_on_hover&quot;:&quot;yes&quot;,&quot;pause_on_interaction&quot;:&quot;yes&quot;,&quot;autoplay_speed&quot;:5000,&quot;infinite&quot;:&quot;yes&quot;,&quot;speed&quot;:500}\" data-widget_type=\"image-carousel.default\">\n\t\t\t\t<div class=\"elementor-widget-container\">\n\t\t\t\t\t\t\t<div class=\"elementor-image-carousel-wrapper swiper\" role=\"region\" aria-roledescription=\"carousel\" aria-label=\"Carrossel de imagens\" dir=\"ltr\">\n\t\t\t<div class=\"elementor-image-carousel swiper-wrapper\" aria-live=\"off\">\n\t\t\t\t\t\t\t\t<div class=\"swiper-slide\" role=\"group\" aria-roledescription=\"slide\" aria-label=\"1 de 4\"><a data-elementor-open-lightbox=\"yes\" data-elementor-lightbox-slideshow=\"46019c1\" data-elementor-lightbox-title=\"GeralPrintTodos\" data-e-action-hash=\"#elementor-action%3Aaction%3Dlightbox%26settings%3DeyJpZCI6MTE1OSwidXJsIjoiaHR0cHM6XC9cL3VuaXNpbm9zLmJyXC9yaWVvbmxpZmVcL3dwLWNvbnRlbnRcL3VwbG9hZHNcLzIwMjJcLzA3XC9HZXJhbFByaW50VG9kb3MuanBnIiwic2xpZGVzaG93IjoiNDYwMTljMSJ9\" href=\"https:\/\/unisinos.br\/rieonlife\/wp-content\/uploads\/2022\/07\/GeralPrintTodos.jpg\"><figure class=\"swiper-slide-inner\"><img decoding=\"async\" class=\"swiper-slide-image\" src=\"https:\/\/unisinos.br\/rieonlife\/wp-content\/uploads\/2022\/07\/GeralPrintTodos-1536x1086.jpg\" alt=\"GeralPrintTodos\" \/><\/figure><\/a><\/div><div class=\"swiper-slide\" role=\"group\" aria-roledescription=\"slide\" aria-label=\"2 de 4\"><a data-elementor-open-lightbox=\"yes\" data-elementor-lightbox-slideshow=\"46019c1\" data-elementor-lightbox-title=\"InveniraBibliotecaViva\" data-e-action-hash=\"#elementor-action%3Aaction%3Dlightbox%26settings%3DeyJpZCI6MTE2MCwidXJsIjoiaHR0cHM6XC9cL3VuaXNpbm9zLmJyXC9yaWVvbmxpZmVcL3dwLWNvbnRlbnRcL3VwbG9hZHNcLzIwMjJcLzA3XC9JbnZlbmlyYUJpYmxpb3RlY2FWaXZhLnBuZyIsInNsaWRlc2hvdyI6IjQ2MDE5YzEifQ%3D%3D\" href=\"https:\/\/unisinos.br\/rieonlife\/wp-content\/uploads\/2022\/07\/InveniraBibliotecaViva.png\"><figure class=\"swiper-slide-inner\"><img decoding=\"async\" class=\"swiper-slide-image\" src=\"https:\/\/unisinos.br\/rieonlife\/wp-content\/uploads\/2022\/07\/InveniraBibliotecaViva-1536x1086.png\" alt=\"InveniraBibliotecaViva\" \/><\/figure><\/a><\/div><div class=\"swiper-slide\" role=\"group\" aria-roledescription=\"slide\" aria-label=\"3 de 4\"><a data-elementor-open-lightbox=\"yes\" data-elementor-lightbox-slideshow=\"46019c1\" data-elementor-lightbox-title=\"InveniraEntreg\u00e1veis\" data-e-action-hash=\"#elementor-action%3Aaction%3Dlightbox%26settings%3DeyJpZCI6MTE2MSwidXJsIjoiaHR0cHM6XC9cL3VuaXNpbm9zLmJyXC9yaWVvbmxpZmVcL3dwLWNvbnRlbnRcL3VwbG9hZHNcLzIwMjJcLzA3XC9JbnZlbmlyYUVudHJlZ2F2ZWlzLnBuZyIsInNsaWRlc2hvdyI6IjQ2MDE5YzEifQ%3D%3D\" href=\"https:\/\/unisinos.br\/rieonlife\/wp-content\/uploads\/2022\/07\/InveniraEntregaveis.png\"><figure class=\"swiper-slide-inner\"><img decoding=\"async\" class=\"swiper-slide-image\" src=\"https:\/\/unisinos.br\/rieonlife\/wp-content\/uploads\/2022\/07\/InveniraEntregaveis-1536x1086.png\" alt=\"InveniraEntreg\u00e1veis\" \/><\/figure><\/a><\/div><div class=\"swiper-slide\" role=\"group\" aria-roledescription=\"slide\" aria-label=\"4 de 4\"><a data-elementor-open-lightbox=\"yes\" data-elementor-lightbox-slideshow=\"46019c1\" data-elementor-lightbox-title=\"Lusofonia\" data-e-action-hash=\"#elementor-action%3Aaction%3Dlightbox%26settings%3DeyJpZCI6MTE2MiwidXJsIjoiaHR0cHM6XC9cL3VuaXNpbm9zLmJyXC9yaWVvbmxpZmVcL3dwLWNvbnRlbnRcL3VwbG9hZHNcLzIwMjJcLzA3XC9MdXNvZm9uaWEucG5nIiwic2xpZGVzaG93IjoiNDYwMTljMSJ9\" href=\"https:\/\/unisinos.br\/rieonlife\/wp-content\/uploads\/2022\/07\/Lusofonia.png\"><figure class=\"swiper-slide-inner\"><img decoding=\"async\" class=\"swiper-slide-image\" src=\"https:\/\/unisinos.br\/rieonlife\/wp-content\/uploads\/2022\/07\/Lusofonia-1536x1086.png\" alt=\"Lusofonia\" \/><\/figure><\/a><\/div>\t\t\t<\/div>\n\t\t\t\t\t\t\t\t\t\t\t\t<div class=\"elementor-swiper-button elementor-swiper-button-prev\" role=\"button\" tabindex=\"0\">\n\t\t\t\t\t\t<i aria-hidden=\"true\" class=\"eicon-chevron-left\"><\/i>\t\t\t\t\t<\/div>\n\t\t\t\t\t<div class=\"elementor-swiper-button elementor-swiper-button-next\" role=\"button\" tabindex=\"0\">\n\t\t\t\t\t\t<i aria-hidden=\"true\" class=\"eicon-chevron-right\"><\/i>\t\t\t\t\t<\/div>\n\t\t\t\t\n\t\t\t\t\t\t\t\t\t<div class=\"swiper-pagination\"><\/div>\n\t\t\t\t\t\t\t\t\t<\/div>\n\t\t\t\t\t\t<\/div>\n\t\t\t\t<\/div>\n\t\t\t\t\t<\/div>\n\t\t<\/div>\n\t\t\t\t\t<\/div>\n\t\t<\/section>\n\t\t\t\t<\/div>\n\t\t","protected":false},"excerpt":{"rendered":"<p>V WLC &amp; RIEOnLIFE O evento\u00a0We, Learning with the Cibricity \u2013 WLC2020,\u00a0em sua quinta edi\u00e7\u00e3o,\u00a0\u00a0objetivou analisar, discutir e teorizar sobre as\u00a0 aprendizagens dos estudantes, as metodologias e as pr\u00e1ticas pedag\u00f3gicas desenvolvidas no contexto da\u00a0 Cibricidade, bem como as aprendizagens de pesquisadores e professores no contexto de hibridismo e\u00a0 multimodalidade. Por cibricidade compreende-se essa cidade h\u00edbrida que de uma geografia f\u00edsica se conecta e se amplia para outras geografias digitais, informacionais e conectivas. Esse evento foi organizado por uma equipe que envolveu representantes das escolas de Educa\u00e7\u00e3o B\u00e1sica\u00a0 (estudantes e professores) e integrantes do Grupo Internacional de Pesquisa: Educa\u00e7\u00e3o Digital GPe-dU \u2013 UNISINOS\/CNPq e do Grupo de Pesquisa COTEDIC UNILASALLE\/CNPq, constituindo um espa\u00e7o prof\u00edcuo de troca e\u00a0 compartilhamento de aprendizagens na perspectiva das Human Smart Cities e da Ci\u00eancia Cidad\u00e3.\u00a0 O p\u00fablico-alvo foi composto por\u00a0Estudantes da Educa\u00e7\u00e3o B\u00e1sica das redes de ensino p\u00fablico e privado;\u00a0 Professores e gestores, estudantes da gradua\u00e7\u00e3o [&hellip;]<\/p>\n","protected":false},"author":5,"featured_media":0,"parent":0,"menu_order":0,"comment_status":"closed","ping_status":"closed","template":"","meta":{"_monsterinsights_skip_tracking":false,"_monsterinsights_sitenote_active":false,"_monsterinsights_sitenote_note":"","_monsterinsights_sitenote_category":0,"footnotes":""},"class_list":["post-1152","page","type-page","status-publish","hentry"],"_links":{"self":[{"href":"https:\/\/unisinos.br\/rieonlife\/wp-json\/wp\/v2\/pages\/1152","targetHints":{"allow":["GET"]}}],"collection":[{"href":"https:\/\/unisinos.br\/rieonlife\/wp-json\/wp\/v2\/pages"}],"about":[{"href":"https:\/\/unisinos.br\/rieonlife\/wp-json\/wp\/v2\/types\/page"}],"author":[{"embeddable":true,"href":"https:\/\/unisinos.br\/rieonlife\/wp-json\/wp\/v2\/users\/5"}],"replies":[{"embeddable":true,"href":"https:\/\/unisinos.br\/rieonlife\/wp-json\/wp\/v2\/comments?post=1152"}],"version-history":[{"count":4,"href":"https:\/\/unisinos.br\/rieonlife\/wp-json\/wp\/v2\/pages\/1152\/revisions"}],"predecessor-version":[{"id":1165,"href":"https:\/\/unisinos.br\/rieonlife\/wp-json\/wp\/v2\/pages\/1152\/revisions\/1165"}],"wp:attachment":[{"href":"https:\/\/unisinos.br\/rieonlife\/wp-json\/wp\/v2\/media?parent=1152"}],"curies":[{"name":"wp","href":"https:\/\/api.w.org\/{rel}","templated":true}]}}