{"id":42,"date":"2016-07-18T20:57:00","date_gmt":"2016-07-18T20:57:00","guid":{"rendered":"https:\/\/webhomserverphp82.asav.org.br\/cidadania\/?page_id=42"},"modified":"2023-12-12T09:52:07","modified_gmt":"2023-12-12T12:52:07","slug":"home","status":"publish","type":"page","link":"https:\/\/unisinos.br\/cidadania\/","title":{"rendered":"HOME"},"content":{"rendered":"<div class=\"fusion-fullwidth fullwidth-box fusion-builder-row-1 nonhundred-percent-fullwidth non-hundred-percent-height-scrolling\" style=\"--awb-background-position:left top;--awb-border-radius-top-left:0px;--awb-border-radius-top-right:0px;--awb-border-radius-bottom-right:0px;--awb-border-radius-bottom-left:0px;--awb-padding-top:20px;--awb-padding-bottom:20px;--awb-border-sizes-top:0px;--awb-border-sizes-bottom:0px;--awb-flex-wrap:wrap;\" ><div class=\"fusion-builder-row fusion-row\"><div class=\"fusion-layout-column fusion_builder_column fusion-builder-column-0 fusion_builder_column_1_1 1_1 fusion-one-full fusion-column-first fusion-column-last\" style=\"--awb-bg-size:cover;\"><div class=\"fusion-column-wrapper fusion-flex-column-wrapper-legacy\"><div class=\"fusion-text fusion-text-1\"><h1>Quem somos?<\/h1>\n<p><span style=\"font-size: 20px;\"><i>\u201cO <span class=\"markvgge1uu16\" data-markjs=\"true\" data-ogac=\"\" data-ogab=\"\" data-ogsc=\"\" data-ogsb=\"\">Cidadania<\/span>.com \u00e9 um projeto do Centro de <span class=\"markvgge1uu16\" data-markjs=\"true\" data-ogac=\"\" data-ogab=\"\" data-ogsc=\"\" data-ogsb=\"\">Cidadania<\/span> e A\u00e7\u00e3o Social da Unisinos, que divulga informa\u00e7\u00f5es relativas aos servi\u00e7os sociais dispon\u00edveis no munic\u00edpio de S\u00e3o Leopoldo, al\u00e9m de agir como assessoria nas Redes Intersetoriais da cidade. Ele trabalha para que voc\u00ea tenha acesso \u00e1 informa\u00e7\u00e3o, criando um espa\u00e7o de troca de conhecimentos, ensino-pesquisa e controle das a\u00e7\u00f5es das redes de assist\u00eancia social e pol\u00edticas p\u00fablicas.\u201d<\/i><\/span><\/p>\n<\/div><div class=\"fusion-video fusion-youtube fusion-aligncenter\" style=\"--awb-max-width:640px;--awb-max-height:480px;--awb-width:100%;\"><div class=\"video-shortcode\"><div class=\"fluid-width-video-wrapper\" style=\"padding-top:75%;\" ><iframe title=\"YouTube video player 1\" src=\"https:\/\/www.youtube.com\/embed\/8rlPR2SJNkg?wmode=transparent&autoplay=0\" width=\"640\" height=\"480\" allowfullscreen allow=\"autoplay; fullscreen\"><\/iframe><\/div><\/div><\/div><div class=\"fusion-sep-clear\"><\/div><div class=\"fusion-separator fusion-full-width-sep\" style=\"margin-left: auto;margin-right: auto;margin-top:10px;margin-bottom:10px;width:100%;\"><\/div><div class=\"fusion-sep-clear\"><\/div><div class=\"fusion-title title fusion-title-1 fusion-title-text fusion-title-size-one\"><h1 class=\"fusion-title-heading title-heading-left fusion-responsive-typography-calculated\" style=\"margin:0;--fontSize:34;line-height:1.4;\"><p style=\"font-size: 30px;\">Fique Sabendo<\/p><\/h1><span class=\"awb-title-spacer\"><\/span><div class=\"title-sep-container\"><div class=\"title-sep sep-single sep-solid\" style=\"border-color:#e0dede;\"><\/div><\/div><\/div><div class=\"fusion-clearfix\"><\/div><\/div><\/div><div class=\"fusion-layout-column fusion_builder_column fusion-builder-column-1 fusion_builder_column_2_3 2_3 fusion-two-third fusion-column-first\" style=\"--awb-bg-size:cover;width:65.3333%; margin-right: 4%;\"><div class=\"fusion-column-wrapper fusion-flex-column-wrapper-legacy\"><div class=\"fusion-blog-shortcode fusion-blog-shortcode-1 fusion-blog-archive fusion-blog-layout-grid-wrapper fusion-blog-no\"><style type=\"text\/css\">.fusion-blog-shortcode-1 .fusion-blog-layout-grid .fusion-post-grid{padding:20px;}.fusion-blog-shortcode-1 .fusion-posts-container{margin-left: -20px !important; margin-right:-20px !important;}<\/style><div class=\"fusion-posts-container fusion-posts-container-no fusion-blog-rollover fusion-blog-layout-grid fusion-blog-layout-grid-2 isotope\" data-pages=\"82\" data-grid-col-space=\"40\" style=\"margin: -20px -20px 0;min-height:500px;\"><article id=\"blog-1-post-2848\" class=\"fusion-post-grid post-2848 post type-post status-publish format-standard hentry category-cidadania-em-foco category-uncategorized\">\n<div class=\"fusion-post-wrapper\" style=\"background-color:rgba(255,255,255,0);border:1px solid #ebeaea;border-bottom-width:3px;\">\n\n<div class=\"fusion-post-content-wrapper\" style=\"padding:30px 25px 20px 25px;\"><div class=\"fusion-post-content post-content\"><h2 class=\"blog-shortcode-post-title entry-title\"><a href=\"https:\/\/unisinos.br\/cidadania\/relatorio-dos-dialogos-desafios-e-perspectivas-das-politicas-publicas-para-populacao-em-situacao-de-rua\/\">RELAT\u00d3RIO DOS DI\u00c1LOGOS &#8220;DESAFIOS E PERSPECTIVAS DAS POL\u00cdTICAS P\u00daBLICAS PARA POPULA\u00c7\u00c3O EM SITUA\u00c7\u00c3O DE RUA&#8221;<\/a><\/h2><div class=\"fusion-content-sep sep-double sep-solid\"><\/div><div class=\"fusion-post-content-container\"><p>Clique aqui para fazer download do documento.<\/p><\/div><\/div><div class=\"fusion-meta-info\"><div class=\"fusion-alignleft\"><a class=\"fusion-read-more\" href=\"https:\/\/unisinos.br\/cidadania\/relatorio-dos-dialogos-desafios-e-perspectivas-das-politicas-publicas-para-populacao-em-situacao-de-rua\/\" aria-label=\"More on RELAT\u00d3RIO DOS DI\u00c1LOGOS &#8220;DESAFIOS E PERSPECTIVAS DAS POL\u00cdTICAS P\u00daBLICAS PARA POPULA\u00c7\u00c3O EM SITUA\u00c7\u00c3O DE RUA&#8221;\">Read More<\/a><\/div><\/div><\/div><div class=\"fusion-clearfix\"><\/div><\/div>\n<\/article>\n<article id=\"blog-1-post-2844\" class=\"fusion-post-grid post-2844 post type-post status-publish format-standard hentry category-uncategorized\">\n<div class=\"fusion-post-wrapper\" style=\"background-color:rgba(255,255,255,0);border:1px solid #ebeaea;border-bottom-width:3px;\">\n\n<div class=\"fusion-post-content-wrapper\" style=\"padding:30px 25px 20px 25px;\"><div class=\"fusion-post-content post-content\"><h2 class=\"blog-shortcode-post-title entry-title\"><a href=\"https:\/\/unisinos.br\/cidadania\/sistematizacao-do-redao\/\">SISTEMATIZA\u00c7\u00c3O DO RED\u00c3O<\/a><\/h2><div class=\"fusion-content-sep sep-double sep-solid\"><\/div><div class=\"fusion-post-content-container\"><p>Saiba mais sobre o Red\u00e3o.<\/p><\/div><\/div><div class=\"fusion-meta-info\"><div class=\"fusion-alignleft\"><a class=\"fusion-read-more\" href=\"https:\/\/unisinos.br\/cidadania\/sistematizacao-do-redao\/\" aria-label=\"More on SISTEMATIZA\u00c7\u00c3O DO RED\u00c3O\">Read More<\/a><\/div><\/div><\/div><div class=\"fusion-clearfix\"><\/div><\/div>\n<\/article>\n<div class=\"fusion-clearfix\"><\/div><\/div><\/div><div class=\"fusion-clearfix\"><\/div><\/div><\/div><div class=\"fusion-layout-column fusion_builder_column fusion-builder-column-2 fusion_builder_column_1_3 1_3 fusion-one-third fusion-column-last\" style=\"--awb-bg-size:cover;--awb-border-color:#ebeaea;--awb-border-top:1px;--awb-border-right:1px;--awb-border-bottom:1px;--awb-border-left:1px;--awb-border-style:solid;width:30.6666%;\"><div class=\"fusion-column-wrapper fusion-flex-column-wrapper-legacy\"><div class=\"fusion-text fusion-text-2\"><h2 style=\"padding: 20px 25px 0px 25px;\"><span style=\"color: #fc7e29;\"><a style=\"color: #fc7e29;\" href=\"cidadania\/instituicoes-por-regiao\/\">Institui\u00e7\u00f5es cadastradas por regi\u00e3o na cidade de S\u00e3o Leopoldo<\/a><\/span><\/h2>\n<p><img decoding=\"async\" class=\"alignnone wp-image-954\" src=\"https:\/\/webhomserverphp82.asav.org.br\/cidadania\/wp-content\/uploads\/2016\/07\/mapa-cidadania-atualizado-thumb.jpg\" alt=\"mapa-cidadania-atualizado-thumb\" width=\"364\" height=\"232\" srcset=\"https:\/\/unisinos.br\/cidadania\/wp-content\/uploads\/2016\/07\/mapa-cidadania-atualizado-thumb-200x128.jpg 200w, https:\/\/unisinos.br\/cidadania\/wp-content\/uploads\/2016\/07\/mapa-cidadania-atualizado-thumb-300x191.jpg 300w, https:\/\/unisinos.br\/cidadania\/wp-content\/uploads\/2016\/07\/mapa-cidadania-atualizado-thumb-400x255.jpg 400w, https:\/\/unisinos.br\/cidadania\/wp-content\/uploads\/2016\/07\/mapa-cidadania-atualizado-thumb-460x295.jpg 460w, https:\/\/unisinos.br\/cidadania\/wp-content\/uploads\/2016\/07\/mapa-cidadania-atualizado-thumb-600x383.jpg 600w, https:\/\/unisinos.br\/cidadania\/wp-content\/uploads\/2016\/07\/mapa-cidadania-atualizado-thumb-768x490.jpg 768w, https:\/\/unisinos.br\/cidadania\/wp-content\/uploads\/2016\/07\/mapa-cidadania-atualizado-thumb-800x511.jpg 800w, https:\/\/unisinos.br\/cidadania\/wp-content\/uploads\/2016\/07\/mapa-cidadania-atualizado-thumb.jpg 940w\" sizes=\"(max-width: 364px) 100vw, 364px\" \/><\/p>\n<div class=\"fusion-content-sep\" style=\"padding-left: 40px;\"><\/div>\n<p><a style=\"padding: 20px 25px 0px 25px; font-size: 12px;\" href=\"cidadania\/instituicoes-por-regiao\/\">Ler Mais &gt;<\/a><\/p>\n<\/div><div class=\"fusion-clearfix\"><\/div><\/div><\/div><div class=\"fusion-layout-column fusion_builder_column fusion-builder-column-3 fusion_builder_column_1_1 1_1 fusion-one-full fusion-column-first fusion-column-last\" style=\"--awb-bg-size:cover;\"><div class=\"fusion-column-wrapper fusion-flex-column-wrapper-legacy\"><div class=\"fusion-blog-shortcode fusion-blog-shortcode-2 fusion-blog-archive fusion-blog-layout-grid-wrapper fusion-blog-no\"><style type=\"text\/css\">.fusion-blog-shortcode-2 .fusion-blog-layout-grid .fusion-post-grid{padding:20px;}.fusion-blog-shortcode-2 .fusion-posts-container{margin-left: -20px !important; margin-right:-20px !important;}<\/style><div class=\"fusion-posts-container fusion-posts-container-no fusion-blog-rollover fusion-blog-layout-grid fusion-blog-layout-grid-3 isotope\" data-pages=\"4\" data-grid-col-space=\"40\" style=\"margin: -20px -20px 0;min-height:500px;\"><article id=\"blog-2-post-1689\" class=\"fusion-post-grid post-1689 post type-post status-publish format-standard hentry category-dicas\">\n<div class=\"fusion-post-wrapper\" style=\"background-color:rgba(255,255,255,0);border:1px solid #ebeaea;border-bottom-width:3px;\">\n\n<div class=\"fusion-post-content-wrapper\" style=\"padding:30px 25px 20px 25px;\"><div class=\"fusion-post-content post-content\"><h2 class=\"blog-shortcode-post-title entry-title\"><a href=\"https:\/\/unisinos.br\/cidadania\/plano-de-trabalho-cmas-2018-2-2020-2\/\">Plano de Trabalho CMAS 2018\/2 &#8211; 2020\/2<\/a><\/h2><div class=\"fusion-content-sep sep-double sep-solid\"><\/div><div class=\"fusion-post-content-container\"><p>Entre no link abaixo para fazer download do documento: doc.PLANO DE TRABALHO CMAS 2018-2 2020-2<\/p><\/div><\/div><div class=\"fusion-meta-info\"><div class=\"fusion-alignleft\"><a class=\"fusion-read-more\" href=\"https:\/\/unisinos.br\/cidadania\/plano-de-trabalho-cmas-2018-2-2020-2\/\" aria-label=\"More on Plano de Trabalho CMAS 2018\/2 &#8211; 2020\/2\">Read More<\/a><\/div><\/div><\/div><div class=\"fusion-clearfix\"><\/div><\/div>\n<\/article>\n<article id=\"blog-2-post-1686\" class=\"fusion-post-grid post-1686 post type-post status-publish format-standard hentry category-cidadania-em-foco category-dicas\">\n<div class=\"fusion-post-wrapper\" style=\"background-color:rgba(255,255,255,0);border:1px solid #ebeaea;border-bottom-width:3px;\">\n\n<div class=\"fusion-post-content-wrapper\" style=\"padding:30px 25px 20px 25px;\"><div class=\"fusion-post-content post-content\"><h2 class=\"blog-shortcode-post-title entry-title\"><a href=\"https:\/\/unisinos.br\/cidadania\/ministerio-do-desenvolvimento-social-e-agrario-conselho-nacional-de-assistencia-social-resolucao-conjunta-no-1-de-18-de-dezembro-de-2018\/\">MINIST\u00c9RIO DO DESENVOLVIMENTO SOCIAL E AGR\u00c1RIO CONSELHO NACIONAL DE ASSIST\u00caNCIA SOCIAL &#8211; RESOLU\u00c7\u00c3O CONJUNTA N\u00ba 1, DE 18 DE DEZEMBRO DE 2018<\/a><\/h2><div class=\"fusion-content-sep sep-double sep-solid\"><\/div><div class=\"fusion-post-content-container\"><p>Entre no link abaixo para fazer download do documento: doc.MINIST\u00c9RIO DO DESENVOLVIMENTO SOCIAL E AGR\u00c1RIO [...]<\/p><\/div><\/div><div class=\"fusion-meta-info\"><div class=\"fusion-alignleft\"><a class=\"fusion-read-more\" href=\"https:\/\/unisinos.br\/cidadania\/ministerio-do-desenvolvimento-social-e-agrario-conselho-nacional-de-assistencia-social-resolucao-conjunta-no-1-de-18-de-dezembro-de-2018\/\" aria-label=\"More on MINIST\u00c9RIO DO DESENVOLVIMENTO SOCIAL E AGR\u00c1RIO CONSELHO NACIONAL DE ASSIST\u00caNCIA SOCIAL &#8211; RESOLU\u00c7\u00c3O CONJUNTA N\u00ba 1, DE 18 DE DEZEMBRO DE 2018\">Read More<\/a><\/div><\/div><\/div><div class=\"fusion-clearfix\"><\/div><\/div>\n<\/article>\n<article id=\"blog-2-post-1683\" class=\"fusion-post-grid post-1683 post type-post status-publish format-standard hentry category-cidadania-em-foco category-dicas\">\n<div class=\"fusion-post-wrapper\" style=\"background-color:rgba(255,255,255,0);border:1px solid #ebeaea;border-bottom-width:3px;\">\n\n<div class=\"fusion-post-content-wrapper\" style=\"padding:30px 25px 20px 25px;\"><div class=\"fusion-post-content post-content\"><h2 class=\"blog-shortcode-post-title entry-title\"><a href=\"https:\/\/unisinos.br\/cidadania\/ministerio-do-desenvolvimento-social-conselho-nacional-de-assistencia-social-resolucao-no-26-de-18-de-dezembro-de-2018\/\">MINIST\u00c9RIO DO DESENVOLVIMENTO SOCIAL CONSELHO NACIONAL DE ASSIST\u00caNCIA SOCIAL &#8211; RESOLU\u00c7\u00c3O N\u00ba 26, DE 18 DE DEZEMBRO DE 2018<\/a><\/h2><div class=\"fusion-content-sep sep-double sep-solid\"><\/div><div class=\"fusion-post-content-container\"><p>Entre no link baixo para fazer download do documento: doc. MINIST\u00c9RIO DO DESENVOLVIMENTO SOCIAL CONSELHO [...]<\/p><\/div><\/div><div class=\"fusion-meta-info\"><div class=\"fusion-alignleft\"><a class=\"fusion-read-more\" href=\"https:\/\/unisinos.br\/cidadania\/ministerio-do-desenvolvimento-social-conselho-nacional-de-assistencia-social-resolucao-no-26-de-18-de-dezembro-de-2018\/\" aria-label=\"More on MINIST\u00c9RIO DO DESENVOLVIMENTO SOCIAL CONSELHO NACIONAL DE ASSIST\u00caNCIA SOCIAL &#8211; RESOLU\u00c7\u00c3O N\u00ba 26, DE 18 DE DEZEMBRO DE 2018\">Read More<\/a><\/div><\/div><\/div><div class=\"fusion-clearfix\"><\/div><\/div>\n<\/article>\n<div class=\"fusion-clearfix\"><\/div><\/div><\/div><div class=\"fusion-clearfix\"><\/div><\/div><\/div><div class=\"fusion-layout-column fusion_builder_column fusion-builder-column-4 fusion_builder_column_1_1 1_1 fusion-one-full fusion-column-first fusion-column-last fusion-column-no-min-height\" style=\"--awb-bg-size:cover;--awb-margin-bottom:0px;\"><div class=\"fusion-column-wrapper fusion-flex-column-wrapper-legacy\"><div class=\"fusion-sep-clear\"><\/div><div class=\"fusion-separator fusion-full-width-sep\" style=\"margin-left: auto;margin-right: auto;margin-top:25px;width:100%;\"><\/div><div class=\"fusion-sep-clear\"><\/div><div class=\"fusion-clearfix\"><\/div><\/div><\/div><div class=\"fusion-layout-column fusion_builder_column fusion-builder-column-5 fusion_builder_column_1_1 1_1 fusion-one-full fusion-column-first fusion-column-last fusion-column-no-min-height\" style=\"--awb-bg-size:cover;--awb-margin-bottom:0px;\"><div class=\"fusion-column-wrapper fusion-flex-column-wrapper-legacy\"><div class=\"fusion-title title fusion-title-2 fusion-title-text fusion-title-size-one\"><h1 class=\"fusion-title-heading title-heading-left fusion-responsive-typography-calculated\" style=\"margin:0;--fontSize:34;line-height:1.4;\"><p style=\"font-size: 30px;\">Parceiros<\/p><\/h1><span class=\"awb-title-spacer\"><\/span><div class=\"title-sep-container\"><div class=\"title-sep sep-single sep-solid\" style=\"border-color:#e0dede;\"><\/div><\/div><\/div><div class=\"fusion-clearfix\"><\/div><\/div><\/div><div class=\"fusion-layout-column fusion_builder_column fusion-builder-column-6 fusion_builder_column_1_1 1_1 fusion-one-full fusion-column-first fusion-column-last fusion-column-no-min-height\" style=\"--awb-bg-size:cover;--awb-margin-bottom:0px;\"><div class=\"fusion-column-wrapper fusion-flex-column-wrapper-legacy\"><div class=\"fusion-image-carousel fusion-image-carousel-fixed fusion-image-carousel-1 fusion-carousel-border\"><div class=\"awb-carousel awb-swiper awb-swiper-carousel\" data-autoplay=\"yes\" data-columns=\"5\" data-itemmargin=\"13\" data-itemwidth=\"180\" data-touchscroll=\"no\" data-imagesize=\"fixed\"><div class=\"swiper-wrapper awb-image-carousel-wrapper fusion-flex-align-items-center\"><div class=\"swiper-slide\"><div class=\"fusion-carousel-item-wrapper\"><div class=\"fusion-image-wrapper hover-type-none\"><a href=\"http:\/\/www.unisinos.br\/extensao\/acao-social\/projetos\/projeto-de-atencao-ampliada-a-saude\" target=\"_blank\" rel=\"noopener noreferrer\"><img decoding=\"async\" width=\"300\" height=\"202\" src=\"https:\/\/unisinos.br\/cidadania\/wp-content\/uploads\/2023\/12\/psicologia-paas-unisinos-300x202.jpg\" class=\"attachment-blog-medium size-blog-medium\" alt=\"Projeto de Aten\u00e7\u00e3o Ampliada \u00e0 Sa\u00fade\" \/><\/a><\/div><\/div><\/div><div class=\"swiper-slide\"><div class=\"fusion-carousel-item-wrapper\"><div class=\"fusion-image-wrapper hover-type-none\"><a href=\"http:\/\/unisinos.br\/blogs\/ihu\/\" target=\"_blank\" rel=\"noopener noreferrer\"><img decoding=\"async\" width=\"264\" height=\"99\" src=\"https:\/\/unisinos.br\/cidadania\/wp-content\/uploads\/2023\/12\/humanitas.png\" class=\"attachment-blog-medium size-blog-medium\" alt=\"Instituto Humanitas\" srcset=\"https:\/\/unisinos.br\/cidadania\/wp-content\/uploads\/2023\/12\/humanitas-200x75.png 200w, https:\/\/unisinos.br\/cidadania\/wp-content\/uploads\/2023\/12\/humanitas.png 264w\" sizes=\"(min-width: 2200px) 100vw, (min-width: 928px) 210px, (min-width: 856px) 262px, (min-width: 784px) 349px, (min-width: 712px) 524px, (min-width: 640px) 712px, \" \/><\/a><\/div><\/div><\/div><div class=\"swiper-slide\"><div class=\"fusion-carousel-item-wrapper\"><div class=\"fusion-image-wrapper hover-type-none\"><a href=\"http:\/\/unisinos.br\/blogs\/neabi\/\" target=\"_blank\" rel=\"noopener noreferrer\"><img decoding=\"async\" width=\"320\" height=\"202\" src=\"https:\/\/unisinos.br\/cidadania\/wp-content\/uploads\/2023\/12\/2022-Neabi-Capa1-2-320x202.jpg\" class=\"attachment-blog-medium size-blog-medium\" alt=\"NEABI\" \/><\/a><\/div><\/div><\/div><div class=\"swiper-slide\"><div class=\"fusion-carousel-item-wrapper\"><div class=\"fusion-image-wrapper hover-type-none\"><a href=\"http:\/\/unisinos.br\/blogs\/pei\/\" target=\"_blank\" rel=\"noopener noreferrer\"><img decoding=\"async\" width=\"207\" height=\"114\" src=\"https:\/\/unisinos.br\/cidadania\/wp-content\/uploads\/2016\/07\/logo-pei.png\" class=\"attachment-blog-medium size-blog-medium\" alt=\"Programa Esporte Integral\" srcset=\"https:\/\/unisinos.br\/cidadania\/wp-content\/uploads\/2016\/07\/logo-pei-200x110.png 200w, https:\/\/unisinos.br\/cidadania\/wp-content\/uploads\/2016\/07\/logo-pei.png 207w\" sizes=\"(min-width: 2200px) 100vw, (min-width: 928px) 210px, (min-width: 856px) 262px, (min-width: 784px) 349px, (min-width: 712px) 524px, (min-width: 640px) 712px, \" \/><\/a><\/div><\/div><\/div><div class=\"swiper-slide\"><div class=\"fusion-carousel-item-wrapper\"><div class=\"fusion-image-wrapper hover-type-none\"><a href=\"http:\/\/creasdpsesacis.blogspot.com.br\/\" target=\"_blank\" rel=\"noopener noreferrer\"><img decoding=\"async\" width=\"207\" height=\"114\" src=\"https:\/\/unisinos.br\/cidadania\/wp-content\/uploads\/2016\/07\/logo-creas.png\" class=\"attachment-blog-medium size-blog-medium\" alt=\"\" srcset=\"https:\/\/unisinos.br\/cidadania\/wp-content\/uploads\/2016\/07\/logo-creas-200x110.png 200w, https:\/\/unisinos.br\/cidadania\/wp-content\/uploads\/2016\/07\/logo-creas.png 207w\" sizes=\"(min-width: 2200px) 100vw, (min-width: 928px) 210px, (min-width: 856px) 262px, (min-width: 784px) 349px, (min-width: 712px) 524px, (min-width: 640px) 712px, \" \/><\/a><\/div><\/div><\/div><div class=\"swiper-slide\"><div class=\"fusion-carousel-item-wrapper\"><div class=\"fusion-image-wrapper hover-type-none\"><a href=\"http:\/\/orquestra.unicos.cc\/vida-com-arte\" target=\"_blank\" rel=\"noopener noreferrer\"><img decoding=\"async\" src=\"https:\/\/webhomserverphp82.asav.org.br\/cidadania\/wp-content\/uploads\/2016\/07\/Vida-com-Arte-01.png\" alt=\"Projeto Vida com Arte\"\/><\/a><\/div><\/div><\/div><div class=\"swiper-slide\"><div class=\"fusion-carousel-item-wrapper\"><div class=\"fusion-image-wrapper hover-type-none\"><a href=\"http:\/\/www.unisinos.br\/extensao\/acao-social\/programas\/programa-educacao-e-acao-social-educas\" target=\"_blank\" rel=\"noopener noreferrer\"><img decoding=\"async\" src=\"https:\/\/webhomserverphp82.asav.org.br\/cidadania\/wp-content\/uploads\/2016\/07\/educas-01.png\" alt=\"EDUCAS\"\/><\/a><\/div><\/div><\/div><div class=\"swiper-slide\"><div class=\"fusion-carousel-item-wrapper\"><div class=\"fusion-image-wrapper hover-type-none\"><a href=\"http:\/\/www.unisinos.br\/extensao\/acao-social\/projetos\/projeto-tecnico-cultural-banco-de-alimentos\" target=\"_blank\" rel=\"noopener noreferrer\"><img decoding=\"async\" src=\"https:\/\/webhomserverphp82.asav.org.br\/cidadania\/wp-content\/uploads\/2016\/07\/Banco-alimentos-01.png\" alt=\"Banco de Alimentos do Vale do Rio dos Sinos\"\/><\/a><\/div><\/div><\/div><div class=\"swiper-slide\"><div class=\"fusion-carousel-item-wrapper\"><div class=\"fusion-image-wrapper hover-type-none\"><a href=\"http:\/\/eucidadaoccias.wixsite.com\/projetoeucidadao\" target=\"_blank\" rel=\"noopener noreferrer\"><img decoding=\"async\" src=\"https:\/\/webhomserverphp82.asav.org.br\/cidadania\/wp-content\/uploads\/2016\/07\/eu-cidadao-01.png\" alt=\"Projeto Eu-cidad\u00e3o\"\/><\/a><\/div><\/div><\/div><div class=\"swiper-slide\"><div class=\"fusion-carousel-item-wrapper\"><div class=\"fusion-image-wrapper hover-type-none\"><a href=\"http:\/\/www.unisinos.br\/extensao\/acao-social\/programas\/tecnologias-sociais-para-empreendimentos-solidarios\" target=\"_blank\" rel=\"noopener noreferrer\"><img decoding=\"async\" src=\"https:\/\/webhomserverphp82.asav.org.br\/cidadania\/wp-content\/uploads\/2016\/07\/Tecnosociais-01.png\" alt=\"Tecnosociais\"\/><\/a><\/div><\/div><\/div><div class=\"swiper-slide\"><div class=\"fusion-carousel-item-wrapper\"><div class=\"fusion-image-wrapper hover-type-none\"><a href=\"http:\/\/www.unisinos.br\/extensao\/acao-social\/programas\/programa-pro-maior\" target=\"_blank\" rel=\"noopener noreferrer\"><img decoding=\"async\" src=\"https:\/\/webhomserverphp82.asav.org.br\/cidadania\/wp-content\/uploads\/2016\/07\/promaior-01.png\" alt=\"Pr\u00f3-maior\"\/><\/a><\/div><\/div><\/div><div class=\"swiper-slide\"><div class=\"fusion-carousel-item-wrapper\"><div class=\"fusion-image-wrapper hover-type-none\"><a href=\"http:\/\/www.ihu.unisinos.br\/observasinos\/\" target=\"_blank\" rel=\"noopener noreferrer\"><img decoding=\"async\" src=\"https:\/\/webhomserverphp82.asav.org.br\/cidadania\/wp-content\/uploads\/2016\/07\/observasinos-01.png\" alt=\"Observasinos\"\/><\/a><\/div><\/div><\/div><div class=\"swiper-slide\"><div class=\"fusion-carousel-item-wrapper\"><div class=\"fusion-image-wrapper hover-type-none\"><a href=\"http:\/\/www.unisinos.br\/extensao\/acao-social\/programas\/programa-de-praticas-sociojuridicas\" target=\"_blank\" rel=\"noopener noreferrer\"><img decoding=\"async\" src=\"https:\/\/webhomserverphp82.asav.org.br\/cidadania\/wp-content\/uploads\/2016\/07\/PRASJUR-01.png\" alt=\"PRASJUR\"\/><\/a><\/div><\/div><\/div><div class=\"swiper-slide\"><div class=\"fusion-carousel-item-wrapper\"><div class=\"fusion-image-wrapper hover-type-none\"><a href=\"http:\/\/www.unisinos.br\/extensao\/acao-social\/projetos\/projeto-chance\" target=\"_blank\" rel=\"noopener noreferrer\"><img decoding=\"async\" src=\"https:\/\/webhomserverphp82.asav.org.br\/cidadania\/wp-content\/uploads\/2016\/07\/Chance-01.png\" alt=\"Projeto Chance\"\/><\/a><\/div><\/div><\/div><div class=\"swiper-slide\"><div class=\"fusion-carousel-item-wrapper\"><div class=\"fusion-image-wrapper hover-type-none\"><a href=\"http:\/\/www.unisinos.br\/extensao\/acao-social\/programas\/programa-de-acao-socioeducativa-na-comunidade\" target=\"_blank\" rel=\"noopener noreferrer\"><img decoding=\"async\" src=\"https:\/\/webhomserverphp82.asav.org.br\/cidadania\/wp-content\/uploads\/2016\/07\/pasec-01.png\" alt=\"PASEC\"\/><\/a><\/div><\/div><\/div><div class=\"swiper-slide\"><div class=\"fusion-carousel-item-wrapper\"><div class=\"fusion-image-wrapper hover-type-none\"><a href=\"https:\/\/webhomserverphp82.asav.org.br\/cidadania\/ccias-centro-de-cidadania-e-acao-social-unisinos\/\" target=\"_self\"><img decoding=\"async\" width=\"320\" height=\"202\" src=\"https:\/\/unisinos.br\/cidadania\/wp-content\/uploads\/2023\/12\/CCIAS-320x202.png\" class=\"attachment-blog-medium size-blog-medium\" alt=\"CCIAS\" \/><\/a><\/div><\/div><\/div><div class=\"swiper-slide\"><div class=\"fusion-carousel-item-wrapper\"><div class=\"fusion-image-wrapper hover-type-none\"><a href=\"https:\/\/www.unisinos.br\/extensao\/acao-social\/projetos\/projeto-apoio-as-familias-em-situacao-de-superendividamento\" target=\"_blank\" rel=\"noopener noreferrer\"><img decoding=\"async\" width=\"320\" height=\"202\" src=\"https:\/\/unisinos.br\/cidadania\/wp-content\/uploads\/2023\/12\/apoio-320x202.png\" class=\"attachment-blog-medium size-blog-medium\" alt=\"\" \/><\/a><\/div><\/div><\/div><\/div><div class=\"awb-swiper-button awb-swiper-button-prev\"><i class=\"awb-icon-angle-left\" aria-hidden=\"true\"><\/i><\/div><div class=\"awb-swiper-button awb-swiper-button-next\"><i class=\"awb-icon-angle-right\" aria-hidden=\"true\"><\/i><\/div><\/div><\/div><div class=\"fusion-clearfix\"><\/div><\/div><\/div><\/div><\/div>\n","protected":false},"excerpt":{"rendered":"","protected":false},"author":1,"featured_media":0,"parent":0,"menu_order":0,"comment_status":"closed","ping_status":"closed","template":"100-width.php","meta":{"_monsterinsights_skip_tracking":false,"_monsterinsights_sitenote_active":false,"_monsterinsights_sitenote_note":"","_monsterinsights_sitenote_category":0,"footnotes":""},"class_list":["post-42","page","type-page","status-publish","hentry"],"_links":{"self":[{"href":"https:\/\/unisinos.br\/cidadania\/wp-json\/wp\/v2\/pages\/42","targetHints":{"allow":["GET"]}}],"collection":[{"href":"https:\/\/unisinos.br\/cidadania\/wp-json\/wp\/v2\/pages"}],"about":[{"href":"https:\/\/unisinos.br\/cidadania\/wp-json\/wp\/v2\/types\/page"}],"author":[{"embeddable":true,"href":"https:\/\/unisinos.br\/cidadania\/wp-json\/wp\/v2\/users\/1"}],"replies":[{"embeddable":true,"href":"https:\/\/unisinos.br\/cidadania\/wp-json\/wp\/v2\/comments?post=42"}],"version-history":[{"count":199,"href":"https:\/\/unisinos.br\/cidadania\/wp-json\/wp\/v2\/pages\/42\/revisions"}],"predecessor-version":[{"id":2855,"href":"https:\/\/unisinos.br\/cidadania\/wp-json\/wp\/v2\/pages\/42\/revisions\/2855"}],"wp:attachment":[{"href":"https:\/\/unisinos.br\/cidadania\/wp-json\/wp\/v2\/media?parent=42"}],"curies":[{"name":"wp","href":"https:\/\/api.w.org\/{rel}","templated":true}]}}