{"id":40,"date":"2016-07-18T20:56:22","date_gmt":"2016-07-18T20:56:22","guid":{"rendered":"https:\/\/webhomserverphp82.asav.org.br\/cidadania\/?page_id=40"},"modified":"2021-11-10T10:35:56","modified_gmt":"2021-11-10T13:35:56","slug":"producao-cientifica","status":"publish","type":"page","link":"https:\/\/unisinos.br\/cidadania\/producao-cientifica\/","title":{"rendered":"PRODU\u00c7\u00c3O CIENT\u00cdFICA"},"content":{"rendered":"<div class=\"fusion-fullwidth fullwidth-box fusion-builder-row-1 hundred-percent-fullwidth non-hundred-percent-height-scrolling\" style=\"--awb-border-radius-top-left:0px;--awb-border-radius-top-right:0px;--awb-border-radius-bottom-right:0px;--awb-border-radius-bottom-left:0px;--awb-overflow:visible;--awb-flex-wrap:wrap;\" ><div class=\"fusion-builder-row fusion-row\"><div class=\"fusion-layout-column fusion_builder_column fusion-builder-column-0 fusion_builder_column_1_1 1_1 fusion-one-full fusion-column-first fusion-column-last\" style=\"--awb-bg-size:cover;\"><div class=\"fusion-column-wrapper fusion-flex-column-wrapper-legacy\"><div class=\"fusion-text fusion-text-1\"><p>Acesse os trabalhos produzidos que abordam o tema da cidadania:<\/p>\n<\/div><div class=\"fusion-text fusion-text-2\"><p><i class=\"fa fa-download fa-lg\" style=\"color: #fc7e29;\"><\/i> <a href=\"https:\/\/webhomserverphp82.asav.org.br\/cidadania\/wp-content\/uploads\/2021\/11\/Diagn\u00f3stico-socioterritorial-da-situa\u00e7\u00e3o-de-crian\u00e7as-2021.pdf\" target=\"_blank\" rel=\"noopener noreferrer\">Diagn\u00f3stico Socioterritorial da Crian\u00e7a e do Adolescente de 2021<\/a><\/p>\n<p><i class=\"fa fa-download fa-lg\" style=\"color: #fc7e29;\"><\/i> <a href=\"https:\/\/webhomserverphp82.asav.org.br\/cidadania\/wp-content\/uploads\/2016\/07\/diagnostico-socioterritorial-da-politica-de-assistencia-social-sao-leopoldo-2016.pdf\" target=\"_blank\" rel=\"noopener noreferrer\"> Diagn\u00f3stico Socioterritorial<\/a><br \/>\nTrata-se de uma abordagem distinta, por\u00e9m complementar, em rela\u00e7\u00e3o ao trabalho social com indiv\u00edduos, fam\u00edlias e comunidades, uma vez que possibilita a constru\u00e7\u00e3o de estrat\u00e9gias de atua\u00e7\u00e3o que sejam capazes de orientar o trabalho futuro.<\/p>\n<p><i class=\"fa fa-download fa-lg\" style=\"color: #fc7e29;\"><\/i><a href=\"https:\/\/webhomserverphp82.asav.org.br\/cidadania\/wp-content\/uploads\/2016\/07\/Pesquisa-FONIF_PUBLICACAO.pdf\" target=\"_blank\" rel=\"noopener noreferrer\"> A contrapartida do Setor Filantr\u00f3pico para o Brasil<\/a><br \/>\nO que apresentamos aqui pretende ser um divisor de \u00e1guas na hist\u00f3ria do entendimento do que representa o setor filantr\u00f3pico no Brasil.<\/p>\n<p><i class=\"fa fa-download fa-lg\" style=\"color: #fc7e29;\"><\/i><a href=\"https:\/\/webhomserverphp82.asav.org.br\/cidadania\/wp-content\/uploads\/2016\/07\/cartilha-trabalho.pdf\" target=\"_blank\" rel=\"noopener noreferrer\"> Os direitos de viver do mundo do trabalho \u2013 a informa\u00e7\u00e3o a servi\u00e7o da cidadania<\/a><br \/>\nA proposta de elabora\u00e7\u00e3o desta Cartilha nasce do interesse dos alunos do Curso de Servi\u00e7o Social da UNISINOS em publicizar os conhecimentos adquiridos atrav\u00e9s da disciplina de Semin\u00e1rio de Servi\u00e7o Social I.<\/p>\n<p><i class=\"fa fa-download fa-lg\" style=\"color: #fc7e29;\"><\/i><a href=\"..\/wp-content\/uploads\/2016\/07\/paper_cartilha.pdf\" target=\"_blank\" rel=\"noopener noreferrer\"> Paper da cartilha do F\u00f3rum Intersetorial de Conselhos de Pol\u00edticas P\u00fablicas no munic\u00edpio de S\u00e3o Leopoldo<\/a><br \/>\nO F\u00f3rum Intersetorial de Conselhos de Pol\u00edticas P\u00fablicas do Munic\u00edpio de S\u00e3o\u00a0Leopoldo se prop\u00f5e a constituir-se em uma organiza\u00e7\u00e3o civil, aut\u00f4noma, permanente e\u00a0de car\u00e1ter consultivo e articulador no que se refere \u00e0s pol\u00edticas p\u00fablicas do munic\u00edpio de\u00a0S\u00e3o Leopoldo, tendo por finalidade fomentar a intersetorialidade, com vistas \u00e0\u00a0efetiva\u00e7\u00e3o dos direitos humanos e a qualifica\u00e7\u00e3o das pol\u00edticas p\u00fablicas.<\/p>\n<p><i class=\"fa fa-download fa-lg\" style=\"color: #fc7e29;\"><\/i><a href=\"..\/wp-content\/uploads\/2016\/07\/apresentacao-cbas.pdf\" target=\"_blank\" rel=\"noopener noreferrer\"> F\u00f3rum de supervis\u00e3o em servi\u00e7o social: experi\u00eancia em constru\u00e7\u00e3o na Unisinos\/RS<\/a><br \/>\nFortalecimento da articula\u00e7\u00e3o entre Universidade e espa\u00e7os ocupacionais, em vista da qualifica\u00e7\u00e3o dos processos de supervis\u00e3o e est\u00e1gio em SS, assim como da garantia de participa\u00e7\u00e3o dos assistentes sociais e estagi\u00e1rios no F\u00f3rum.<\/p>\n<p><i class=\"fa fa-download fa-lg\" style=\"color: #fc7e29;\"><\/i><a href=\"..\/wp-content\/uploads\/2016\/07\/cidadania-comunidade.pdf\" target=\"_blank\" rel=\"noopener noreferrer\"> Cidadania.Comunidade<\/a><br \/>\nA cidade de S\u00e3o Leopoldo-RS, conta na sua estrutura s\u00e9rios problemas sociais, tais como falta de aparelhos do Estado, na \u00e1rea da sa\u00fade, educa\u00e7\u00e3o, idosos, lazer, ou seja, estando dentro do contexto da Globaliza\u00e7\u00e3o que faz com que a popula\u00e7\u00e3o de baixa ou nenhuma renda tenha menores chances de utilizar os recursos que s\u00e3o seus direitos garantidos pela Constitui\u00e7\u00e3o de 1988&#8230;<\/p>\n<p><i class=\"fa fa-download fa-lg\" style=\"color: #fc7e29;\"><\/i><a href=\"..\/wp-content\/uploads\/2016\/07\/mobilizando-participacao-rede-sao-leopoldo.pdf\" target=\"_blank\" rel=\"noopener noreferrer\"> Mobilizando para a participa\u00e7\u00e3o a rede socioassistencial da zona oeste de S\u00e3o Leopoldo: Uma iniciativa no projeto cidadania.com<\/a><br \/>\nEste trabalho \u00e9 um relato de experi\u00eancia que proveio da inser\u00e7\u00e3o da estudante no projeto da Unisinos, Cidadania.com, como parte da forma\u00e7\u00e3o profissional em Servi\u00e7o Social nos est\u00e1gios curriculares I e II.<\/p>\n<p><i class=\"fa fa-download fa-lg\" style=\"color: #fc7e29;\"><\/i><a href=\"..\/wp-content\/uploads\/2016\/07\/tecnologias-sociais-interlocucao-servico-social.pdf\" target=\"_blank\" rel=\"noopener noreferrer\"> Tecnologias sociais e a interlocu\u00e7\u00e3o com o servi\u00e7o social: Forma\u00e7\u00e3o e trabalho profissional<\/a><br \/>\nO presente trabalho trata das concep\u00e7\u00f5es e das experi\u00eancias de Tecnologias Sociais (TS) e sua interlocu\u00e7\u00e3o com o Servi\u00e7o Social. O objetivo \u00e9 analisar os processos de forma\u00e7\u00e3o e o trabalho dos assistentes sociais com as TS e apontar propostas para a sua qualifica\u00e7\u00e3o, na perspectiva do projeto \u00e9tico-pol\u00edtico profissional.<\/p>\n<p><i class=\"fa fa-download fa-lg\" style=\"color: #fc7e29;\"><\/i><a href=\"..\/wp-content\/uploads\/2016\/07\/tecendo-redes.pdf\" target=\"_blank\" rel=\"noopener noreferrer\"> Tecendo la\u00e7os com a rede socioassistencial de S\u00e3o Leopoldo: O servi\u00e7o social e a rede socioassistencial<\/a><br \/>\nPor meio da pesquisa realizada com a rede socioassistencial de S\u00e3o Leopoldo, identificou-se a necessidade de uma presen\u00e7a maior por parte do projeto nos espa\u00e7os de delibera\u00e7\u00e3o no munic\u00edpio.<\/p>\n<\/div><div class=\"fusion-clearfix\"><\/div><\/div><\/div><\/div><\/div>\n","protected":false},"excerpt":{"rendered":"","protected":false},"author":1,"featured_media":0,"parent":0,"menu_order":0,"comment_status":"closed","ping_status":"closed","template":"","meta":{"_monsterinsights_skip_tracking":false,"_monsterinsights_sitenote_active":false,"_monsterinsights_sitenote_note":"","_monsterinsights_sitenote_category":0,"footnotes":""},"class_list":["post-40","page","type-page","status-publish","hentry"],"_links":{"self":[{"href":"https:\/\/unisinos.br\/cidadania\/wp-json\/wp\/v2\/pages\/40","targetHints":{"allow":["GET"]}}],"collection":[{"href":"https:\/\/unisinos.br\/cidadania\/wp-json\/wp\/v2\/pages"}],"about":[{"href":"https:\/\/unisinos.br\/cidadania\/wp-json\/wp\/v2\/types\/page"}],"author":[{"embeddable":true,"href":"https:\/\/unisinos.br\/cidadania\/wp-json\/wp\/v2\/users\/1"}],"replies":[{"embeddable":true,"href":"https:\/\/unisinos.br\/cidadania\/wp-json\/wp\/v2\/comments?post=40"}],"version-history":[{"count":44,"href":"https:\/\/unisinos.br\/cidadania\/wp-json\/wp\/v2\/pages\/40\/revisions"}],"predecessor-version":[{"id":2681,"href":"https:\/\/unisinos.br\/cidadania\/wp-json\/wp\/v2\/pages\/40\/revisions\/2681"}],"wp:attachment":[{"href":"https:\/\/unisinos.br\/cidadania\/wp-json\/wp\/v2\/media?parent=40"}],"curies":[{"name":"wp","href":"https:\/\/api.w.org\/{rel}","templated":true}]}}