{"id":2358,"date":"2021-03-11T16:17:58","date_gmt":"2021-03-11T19:17:58","guid":{"rendered":"https:\/\/webhomserverphp82.asav.org.br\/cidadania\/?page_id=2358"},"modified":"2021-12-07T20:26:52","modified_gmt":"2021-12-07T23:26:52","slug":"atas-2021","status":"publish","type":"page","link":"https:\/\/unisinos.br\/cidadania\/atas-2021\/","title":{"rendered":"ATAS 2021"},"content":{"rendered":"<p><div class=\"fusion-fullwidth fullwidth-box fusion-builder-row-1 nonhundred-percent-fullwidth non-hundred-percent-height-scrolling\" style=\"--awb-border-radius-top-left:0px;--awb-border-radius-top-right:0px;--awb-border-radius-bottom-right:0px;--awb-border-radius-bottom-left:0px;--awb-flex-wrap:wrap;\" ><div class=\"fusion-builder-row fusion-row\"><div class=\"fusion-layout-column fusion_builder_column fusion-builder-column-0 fusion_builder_column_1_1 1_1 fusion-one-full fusion-column-first fusion-column-last\" style=\"--awb-bg-size:cover;--awb-margin-bottom:0px;\"><div class=\"fusion-column-wrapper fusion-flex-column-wrapper-legacy\"><div class=\"fusion-title title fusion-title-1 fusion-title-text fusion-title-size-one\"><h1 class=\"fusion-title-heading title-heading-left fusion-responsive-typography-calculated\" style=\"margin:0;--fontSize:34;line-height:1.4;\">Atas 2021<\/h1><span class=\"awb-title-spacer\"><\/span><div class=\"title-sep-container\"><div class=\"title-sep sep-double sep-solid\" style=\"border-color:#e0dede;\"><\/div><\/div><\/div><div class=\"accordian fusion-accordian\" style=\"--awb-border-size:1px;--awb-icon-size:13px;--awb-content-font-size:15px;--awb-icon-alignment:left;--awb-hover-color:#f9f9f9;--awb-border-color:#cccccc;--awb-background-color:#ffffff;--awb-divider-color:#e0dede;--awb-divider-hover-color:#e0dede;--awb-icon-color:#ffffff;--awb-title-color:#023dc9;--awb-content-color:#747474;--awb-icon-box-color:#fc7e29;--awb-toggle-hover-accent-color:#0d2348;--awb-title-font-family:&quot;Antic Slab&quot;;--awb-title-font-weight:400;--awb-title-font-style:normal;--awb-title-font-size:13px;--awb-content-font-family:&quot;PT Sans&quot;;--awb-content-font-style:normal;--awb-content-font-weight:400;\"><div class=\"panel-group fusion-toggle-icon-boxed\" id=\"accordion-2358-1\"><div class=\"fusion-panel panel-default panel-244230e2210eaab92 fusion-toggle-no-divider\"><div class=\"panel-heading\"><h4 class=\"panel-title toggle\" id=\"toggle_244230e2210eaab92\"><a aria-expanded=\"false\" aria-controls=\"244230e2210eaab92\" role=\"button\" data-toggle=\"collapse\" data-parent=\"#accordion-2358-1\" data-target=\"#244230e2210eaab92\" href=\"#244230e2210eaab92\"><span class=\"fusion-toggle-icon-wrapper\" aria-hidden=\"true\"><i class=\"fa-fusion-box active-icon awb-icon-minus\" aria-hidden=\"true\"><\/i><i class=\"fa-fusion-box inactive-icon awb-icon-plus\" aria-hidden=\"true\"><\/i><\/span><span class=\"fusion-toggle-heading\">COMDEDICA<\/span><\/a><\/h4><\/div><div id=\"244230e2210eaab92\" class=\"panel-collapse collapse \" aria-labelledby=\"toggle_244230e2210eaab92\"><div class=\"panel-body toggle-content fusion-clearfix\">\n<p><strong>Reuni\u00e3o JANEIRO<\/strong><\/p>\n<p>Ata 01 COMDEDICA 06.01.2021<\/p>\n<p>LINK ATA:\u00a0<a href=\"https:\/\/webhomserverphp82.asav.org.br\/cidadania\/wp-content\/uploads\/2021\/06\/Ata-01-COMDEDICA-2021-1-1.pdf\">https:\/\/webhomserverphp82.asav.org.br\/cidadania\/wp-content\/uploads\/2021\/06\/Ata-01-COMDEDICA-2021-1-1.pdf<\/a><\/p>\n<p><strong>Reuni\u00f5es MAR\u00c7O<\/strong><\/p>\n<p>Ata 04 COMDEDICA 03.03.2021<\/p>\n<p>LINK ATA: <a href=\"https:\/\/webhomserverphp82.asav.org.br\/cidadania\/wp-content\/uploads\/2021\/06\/Ata-n\u00ba-4-de-03.03.2021-1.pdf\">https:\/\/webhomserverphp82.asav.org.br\/cidadania\/wp-content\/uploads\/2021\/06\/Ata-n\u00ba-4-de-03.03.2021-1.pdf<\/a><\/p>\n<p>Ata 05 COMDEDICA\u00a0 Extraordin\u00e1ria 11.03.2021<\/p>\n<p>LINK ATA: <a href=\"https:\/\/webhomserverphp82.asav.org.br\/cidadania\/wp-content\/uploads\/2021\/06\/Ata-nr-5-Plen\u00e1ria-extraordin\u00e1ria-conjunta-com-CMAS.pdf\">https:\/\/webhomserverphp82.asav.org.br\/cidadania\/wp-content\/uploads\/2021\/06\/Ata-nr-5-Plen\u00e1ria-extraordin\u00e1ria-conjunta-com-CMAS.pdf<\/a><\/p>\n<p>Ata 06 COMDEDICA Extraordin\u00e1ria 15.03.2021<\/p>\n<p>LINK ATA:\u00a0<a href=\"https:\/\/webhomserverphp82.asav.org.br\/cidadania\/wp-content\/uploads\/2021\/06\/Ata-n\u00ba-6-de-15.03.2021-extra-manuten\u00e7\u00e3o-servi\u00e7o-Covid.pdf\">https:\/\/webhomserverphp82.asav.org.br\/cidadania\/wp-content\/uploads\/2021\/06\/Ata-n\u00ba-6-de-15.03.2021-extra-manuten\u00e7\u00e3o-servi\u00e7o-Covid.pdf<\/a><\/p>\n<p>Ata 07 COMDEDICA Extraordin\u00e1ria 24.03.2021<\/p>\n<p>LINK ATA:\u00a0<a href=\"https:\/\/webhomserverphp82.asav.org.br\/cidadania\/wp-content\/uploads\/2021\/06\/ATA-7-revisada-extraord.-Lei.pdf\">https:\/\/webhomserverphp82.asav.org.br\/cidadania\/wp-content\/uploads\/2021\/06\/ATA-7-revisada-extraord.-Lei.pdf<\/a><\/p>\n<p><strong>Reuni\u00f5es Abril<\/strong><\/p>\n<p>Ata 08 COMDEDICA 07.04.2021<\/p>\n<p>LINK ATA:\u00a0<a href=\"https:\/\/webhomserverphp82.asav.org.br\/cidadania\/wp-content\/uploads\/2021\/08\/Ata-nr-8-COMDEDICA.pdf\">https:\/\/webhomserverphp82.asav.org.br\/cidadania\/wp-content\/uploads\/2021\/08\/Ata-nr-8-COMDEDICA.pdf<\/a><\/p>\n<p>Ata 09 COMDEDICA Extraordin\u00e1ria 22.04.2021<\/p>\n<p>LINK ATA:\u00a0<a href=\"https:\/\/webhomserverphp82.asav.org.br\/cidadania\/wp-content\/uploads\/2021\/08\/Ata-nr-9-COMDEDICA.pdf\">https:\/\/webhomserverphp82.asav.org.br\/cidadania\/wp-content\/uploads\/2021\/08\/Ata-nr-9-COMDEDICA.pdf<\/a><\/p>\n<p><strong>Reuni\u00e3o MAIO<\/strong><\/p>\n<p>Ata 10 COMDEDICA 05.05.2021<\/p>\n<p>LINK ATA:\u00a0<a href=\"https:\/\/webhomserverphp82.asav.org.br\/cidadania\/wp-content\/uploads\/2021\/06\/Ata-nr-10-.2021.pdf\">https:\/\/webhomserverphp82.asav.org.br\/cidadania\/wp-content\/uploads\/2021\/06\/Ata-nr-10-.2021.pdf<\/a><\/p>\n<p>Ata 11 COMDEDICA Extraordin\u00e1ria 19.05.2021<\/p>\n<p>LINK ATA:\u00a0<a href=\"https:\/\/webhomserverphp82.asav.org.br\/cidadania\/wp-content\/uploads\/2021\/06\/Ata-nr-11-Extra-19.05.2021.pdf\">https:\/\/webhomserverphp82.asav.org.br\/cidadania\/wp-content\/uploads\/2021\/06\/Ata-nr-11-Extra-19.05.2021.pdf<\/a><\/p>\n<p><strong>Reuni\u00e3o JUNHO<\/strong><\/p>\n<p>Ata 12 COMDEDICA 02.06.2021<\/p>\n<p>LINK ATA:\u00a0<a href=\"https:\/\/webhomserverphp82.asav.org.br\/cidadania\/wp-content\/uploads\/2021\/08\/Ata-12-2021.pdf\">https:\/\/webhomserverphp82.asav.org.br\/cidadania\/wp-content\/uploads\/2021\/08\/Ata-12-2021.pdf<\/a><\/p>\n<p><strong>Reuni\u00e3o JULHO<\/strong><\/p>\n<p>Ata 13 COMDEDICA 01.07.2021<\/p>\n<p>LINK ATA:\u00a0<a href=\"https:\/\/webhomserverphp82.asav.org.br\/cidadania\/wp-content\/uploads\/2021\/08\/Ata-13-01.07.2021.pdf\">https:\/\/webhomserverphp82.asav.org.br\/cidadania\/wp-content\/uploads\/2021\/08\/Ata-13-01.07.2021.pdf<\/a><\/p>\n<div class=\"accordian fusion-accordian\" style=\"--awb-border-size:1px;--awb-icon-size:13px;--awb-content-font-size:15px;--awb-icon-alignment:left;--awb-hover-color:#f9f9f9;--awb-border-color:#cccccc;--awb-background-color:#ffffff;--awb-divider-color:#e0dede;--awb-divider-hover-color:#e0dede;--awb-icon-color:#ffffff;--awb-title-color:#023dc9;--awb-content-color:#747474;--awb-icon-box-color:#fc7e29;--awb-toggle-hover-accent-color:#0d2348;--awb-title-font-family:&quot;Antic Slab&quot;;--awb-title-font-weight:400;--awb-title-font-style:normal;--awb-title-font-size:13px;--awb-content-font-family:&quot;PT Sans&quot;;--awb-content-font-style:normal;--awb-content-font-weight:400;\"><div class=\"panel-group fusion-toggle-icon-boxed\" id=\"accordion-2358-1\"><\/div><\/div><\/div><\/div><\/div><div class=\"fusion-panel panel-default panel-bc5f104a515e61af9 fusion-toggle-no-divider\"><div class=\"panel-heading\"><h4 class=\"panel-title toggle\" id=\"toggle_bc5f104a515e61af9\"><a aria-expanded=\"false\" aria-controls=\"bc5f104a515e61af9\" role=\"button\" data-toggle=\"collapse\" data-parent=\"#accordion-2358-2\" data-target=\"#bc5f104a515e61af9\" href=\"#bc5f104a515e61af9\"><span class=\"fusion-toggle-icon-wrapper\" aria-hidden=\"true\"><i class=\"fa-fusion-box active-icon awb-icon-minus\" aria-hidden=\"true\"><\/i><i class=\"fa-fusion-box inactive-icon awb-icon-plus\" aria-hidden=\"true\"><\/i><\/span><span class=\"fusion-toggle-heading\">CMAS<\/span><\/a><\/h4><\/div><div id=\"bc5f104a515e61af9\" class=\"panel-collapse collapse \" aria-labelledby=\"toggle_bc5f104a515e61af9\"><div class=\"panel-body toggle-content fusion-clearfix\">\n<p><strong>Reuni\u00e3o JANEIRO<\/strong><\/p>\n<p>Ata 01 CMAS 13.01.2021<\/p>\n<p>LINK ATA:<a href=\"https:\/\/webhomserverphp82.asav.org.br\/cidadania\/wp-content\/uploads\/2021\/06\/Ata-01-CMAS-2021.pdf\">https:\/\/webhomserverphp82.asav.org.br\/cidadania\/wp-content\/uploads\/2021\/06\/Ata-01-CMAS-2021.pdf<\/a><\/p>\n<p>Ata 02 CMAS\u00a0 27.01.2021<\/p>\n<p>LINK ATA:\u00a0<a href=\"https:\/\/webhomserverphp82.asav.org.br\/cidadania\/wp-content\/uploads\/2021\/06\/Ata-02-CMAS-2021.pdf\">https:\/\/webhomserverphp82.asav.org.br\/cidadania\/wp-content\/uploads\/2021\/06\/Ata-02-CMAS-2021.pdf<\/a><\/p>\n<p><strong>Reuni\u00e3o FEVEREIRO<\/strong><\/p>\n<p>Ata 03 CMAS 10.02.2021<\/p>\n<p><a href=\"https:\/\/webhomserverphp82.asav.org.br\/cidadania\/wp-content\/uploads\/2021\/12\/Ata-03-2021.pdf\">https:\/\/webhomserverphp82.asav.org.br\/cidadania\/wp-content\/uploads\/2021\/12\/Ata-03-2021.pdf<\/a><\/p>\n<p><strong>Reuni\u00e3o MAR\u00c7O<\/strong><\/p>\n<p>Ata 04 CMAS 10.03.2021<\/p>\n<p><a href=\"https:\/\/webhomserverphp82.asav.org.br\/cidadania\/wp-content\/uploads\/2021\/12\/Ata-04-2021-1.pdf\">https:\/\/webhomserverphp82.asav.org.br\/cidadania\/wp-content\/uploads\/2021\/12\/Ata-04-2021-1.pdf<\/a><\/p>\n<p>Ata 05 CMAS 25.03.2021<\/p>\n<p><a href=\"https:\/\/webhomserverphp82.asav.org.br\/cidadania\/wp-content\/uploads\/2021\/12\/Ata-05-2021.pdf\">https:\/\/webhomserverphp82.asav.org.br\/cidadania\/wp-content\/uploads\/2021\/12\/Ata-05-2021.pdf<\/a><\/p>\n<p>Ata 03 1\u00aa Extraordin\u00e1ria Conjunta CMAS e COMDEDICA Extraordin\u00e1ria 11.03.2021<\/p>\n<p>LINK ATA:\u00a0<a href=\"https:\/\/webhomserverphp82.asav.org.br\/cidadania\/wp-content\/uploads\/2021\/06\/@Reuni\u00e3o-extraordin\u00e1ria-em-conjunto-CMAS-e-COMDEDICA-11de-mar\u00e7o-1.pdf\">https:\/\/webhomserverphp82.asav.org.br\/cidadania\/wp-content\/uploads\/2021\/06\/@Reuni\u00e3o-extraordin\u00e1ria-em-conjunto-CMAS-e-COMDEDICA-11de-mar\u00e7o-1.pdf<\/a><\/p>\n<p>Ata 04 CMAS 2\u00aa Extraordin\u00e1ria 25.03.2021<\/p>\n<p>LINK ATA:<a href=\"https:\/\/webhomserverphp82.asav.org.br\/cidadania\/wp-content\/uploads\/2021\/06\/II-Reuni\u00e3o-extraordinaria-CMAS-25-de-mar\u00e7o.pdf\">https:\/\/webhomserverphp82.asav.org.br\/cidadania\/wp-content\/uploads\/2021\/06\/II-Reuni\u00e3o-extraordinaria-CMAS-25-de-mar\u00e7o.pdf<\/a><\/p>\n<p><strong>Reuni\u00e3o ABRIL<\/strong><\/p>\n<p>Ata 06 CMAS 14.04.2021<\/p>\n<p><a href=\"https:\/\/webhomserverphp82.asav.org.br\/cidadania\/wp-content\/uploads\/2021\/12\/Ata-06-2021.pdf\">https:\/\/webhomserverphp82.asav.org.br\/cidadania\/wp-content\/uploads\/2021\/12\/Ata-06-2021.pdf<\/a><\/p>\n<p><strong>Reuni\u00e3o MAIO<\/strong><\/p>\n<p>Ata 07 CMAS 12.05.2021<\/p>\n<p><a href=\"https:\/\/webhomserverphp82.asav.org.br\/cidadania\/wp-content\/uploads\/2021\/12\/Ata-07-2021.pdf\">https:\/\/webhomserverphp82.asav.org.br\/cidadania\/wp-content\/uploads\/2021\/12\/Ata-07-2021.pdf<\/a><\/p>\n<p>Ata 08 CMAS 26.05.2021<\/p>\n<p><a href=\"https:\/\/webhomserverphp82.asav.org.br\/cidadania\/wp-content\/uploads\/2021\/12\/Ata-08-2021.pdf\">https:\/\/webhomserverphp82.asav.org.br\/cidadania\/wp-content\/uploads\/2021\/12\/Ata-08-2021.pdf<\/a><\/p>\n<p><strong>Reuni\u00e3o JUNHO<\/strong><\/p>\n<p>Ata 09 CMAS 09.06.2021<\/p>\n<p><a href=\"https:\/\/webhomserverphp82.asav.org.br\/cidadania\/wp-content\/uploads\/2021\/12\/Ata-09-2021.pdf\">https:\/\/webhomserverphp82.asav.org.br\/cidadania\/wp-content\/uploads\/2021\/12\/Ata-09-2021.pdf<\/a><\/p>\n<p>Ata 10 CMAS 30.06.2021<\/p>\n<p><a href=\"https:\/\/webhomserverphp82.asav.org.br\/cidadania\/wp-content\/uploads\/2021\/12\/Ata-10-2021.pdf\">https:\/\/webhomserverphp82.asav.org.br\/cidadania\/wp-content\/uploads\/2021\/12\/Ata-10-2021.pdf<\/a><\/p>\n<p><strong>Reuni\u00e3o JULHO<\/strong><\/p>\n<p>Ata 11 CMAS 14.07.2021<\/p>\n<p><a href=\"https:\/\/webhomserverphp82.asav.org.br\/cidadania\/wp-content\/uploads\/2021\/12\/Ata-11-2021.pdf\">https:\/\/webhomserverphp82.asav.org.br\/cidadania\/wp-content\/uploads\/2021\/12\/Ata-11-2021.pdf<\/a><\/p>\n<p><strong>Reuni\u00e3o AGOSTO<\/strong><\/p>\n<p>Ata 12 CMAS 18.08.2021<\/p>\n<p><a href=\"https:\/\/webhomserverphp82.asav.org.br\/cidadania\/wp-content\/uploads\/2021\/12\/Ata-12-2021-1.pdf\">https:\/\/webhomserverphp82.asav.org.br\/cidadania\/wp-content\/uploads\/2021\/12\/Ata-12-2021-1.pdf<\/a><\/p>\n<p><strong>Reuni\u00e3o SETEMBRO<\/strong><\/p>\n<p>Ata 13 CMAS 08.09.2021<\/p>\n<p><a href=\"https:\/\/webhomserverphp82.asav.org.br\/cidadania\/wp-content\/uploads\/2021\/12\/Ata-13-2021-1.pdf\">https:\/\/webhomserverphp82.asav.org.br\/cidadania\/wp-content\/uploads\/2021\/12\/Ata-13-2021-1.pdf<\/a><\/p>\n<p><strong>Reuni\u00e3o OUTUBRO<\/strong><\/p>\n<p>Ata 14 CMAS 13.10.2021<\/p>\n<p><a href=\"https:\/\/webhomserverphp82.asav.org.br\/cidadania\/wp-content\/uploads\/2021\/12\/Ata-14-2021.pdf\">https:\/\/webhomserverphp82.asav.org.br\/cidadania\/wp-content\/uploads\/2021\/12\/Ata-14-2021.pdf<\/a><\/p>\n<p>&nbsp;<\/p>\n<\/div><\/div><\/div><div class=\"fusion-panel panel-default panel-21d69cdd517cc8302 fusion-toggle-no-divider\"><div class=\"panel-heading\"><h4 class=\"panel-title toggle\" id=\"toggle_21d69cdd517cc8302\"><a aria-expanded=\"false\" aria-controls=\"21d69cdd517cc8302\" role=\"button\" data-toggle=\"collapse\" data-parent=\"#accordion-2358-2\" data-target=\"#21d69cdd517cc8302\" href=\"#21d69cdd517cc8302\"><span class=\"fusion-toggle-icon-wrapper\" aria-hidden=\"true\"><i class=\"fa-fusion-box active-icon awb-icon-minus\" aria-hidden=\"true\"><\/i><i class=\"fa-fusion-box inactive-icon awb-icon-plus\" aria-hidden=\"true\"><\/i><\/span><span class=\"fusion-toggle-heading\">CMDDI<\/span><\/a><\/h4><\/div><div id=\"21d69cdd517cc8302\" class=\"panel-collapse collapse \" aria-labelledby=\"toggle_21d69cdd517cc8302\"><div class=\"panel-body toggle-content fusion-clearfix\">\n<p><strong>Reuni\u00e3o JANEIRO<\/strong><\/p>\n<p>Ata 01 CMDDI 12.01.2021<\/p>\n<p><a href=\"https:\/\/webhomserverphp82.asav.org.br\/cidadania\/wp-content\/uploads\/2021\/03\/Ata-n\u00ba02.-COMDEDICA-PDF.pdf\">LINK ATA: <\/a><a href=\"https:\/\/webhomserverphp82.asav.org.br\/cidadania\/wp-content\/uploads\/2021\/07\/Ata-01-Plen\u00e1ria-CMDDI-ordin\u00e1ria-12-01-2021-1.pdf\">https:\/\/webhomserverphp82.asav.org.br\/cidadania\/wp-content\/uploads\/2021\/07\/Ata-01-Plen\u00e1ria-CMDDI-ordin\u00e1ria-12-01-2021-1.pdf<\/a><\/p>\n<p><strong>Reuni\u00e3o FEVEREIRO<\/strong><\/p>\n<p>Ata 02 CMDDI 02.02.2021<\/p>\n<p>LINK ATA:<a href=\"https:\/\/webhomserverphp82.asav.org.br\/cidadania\/wp-content\/uploads\/2021\/07\/Ata-02-CMDDI-dia-02-02-2021.pdf\">https:\/\/webhomserverphp82.asav.org.br\/cidadania\/wp-content\/uploads\/2021\/07\/Ata-02-CMDDI-dia-02-02-2021.pdf<\/a><\/p>\n<\/div><\/div><\/div><\/div><\/div><br><br><br><br><br><br><br><br><br><br><div class=\"fusion-clearfix\"><\/div><\/div><\/div><\/div><\/div><div class=\"fusion-fullwidth fullwidth-box fusion-builder-row-2 nonhundred-percent-fullwidth non-hundred-percent-height-scrolling\" style=\"--awb-border-radius-top-left:0px;--awb-border-radius-top-right:0px;--awb-border-radius-bottom-right:0px;--awb-border-radius-bottom-left:0px;--awb-flex-wrap:wrap;\" ><div class=\"fusion-builder-row fusion-row\"><\/div><\/div><\/p>\n","protected":false},"excerpt":{"rendered":"","protected":false},"author":4,"featured_media":0,"parent":0,"menu_order":0,"comment_status":"closed","ping_status":"closed","template":"","meta":{"_monsterinsights_skip_tracking":false,"_monsterinsights_sitenote_active":false,"_monsterinsights_sitenote_note":"","_monsterinsights_sitenote_category":0,"footnotes":""},"class_list":["post-2358","page","type-page","status-publish","hentry"],"_links":{"self":[{"href":"https:\/\/unisinos.br\/cidadania\/wp-json\/wp\/v2\/pages\/2358","targetHints":{"allow":["GET"]}}],"collection":[{"href":"https:\/\/unisinos.br\/cidadania\/wp-json\/wp\/v2\/pages"}],"about":[{"href":"https:\/\/unisinos.br\/cidadania\/wp-json\/wp\/v2\/types\/page"}],"author":[{"embeddable":true,"href":"https:\/\/unisinos.br\/cidadania\/wp-json\/wp\/v2\/users\/4"}],"replies":[{"embeddable":true,"href":"https:\/\/unisinos.br\/cidadania\/wp-json\/wp\/v2\/comments?post=2358"}],"version-history":[{"count":47,"href":"https:\/\/unisinos.br\/cidadania\/wp-json\/wp\/v2\/pages\/2358\/revisions"}],"predecessor-version":[{"id":2714,"href":"https:\/\/unisinos.br\/cidadania\/wp-json\/wp\/v2\/pages\/2358\/revisions\/2714"}],"wp:attachment":[{"href":"https:\/\/unisinos.br\/cidadania\/wp-json\/wp\/v2\/media?parent=2358"}],"curies":[{"name":"wp","href":"https:\/\/api.w.org\/{rel}","templated":true}]}}