{"id":43,"date":"2016-12-14T11:02:34","date_gmt":"2016-12-14T13:02:34","guid":{"rendered":"https:\/\/webhomserverphp82.asav.org.br\/ceie\/?page_id=43"},"modified":"2020-07-14T14:53:42","modified_gmt":"2020-07-14T17:53:42","slug":"contato","status":"publish","type":"page","link":"https:\/\/unisinos.br\/ceie\/contato\/","title":{"rendered":"CONTATO"},"content":{"rendered":"<div class=\"fusion-fullwidth fullwidth-box fusion-builder-row-1 nonhundred-percent-fullwidth non-hundred-percent-height-scrolling\" style=\"--awb-background-position:left top;--awb-border-radius-top-left:0px;--awb-border-radius-top-right:0px;--awb-border-radius-bottom-right:0px;--awb-border-radius-bottom-left:0px;--awb-padding-top:20px;--awb-padding-bottom:20px;--awb-border-sizes-top:0px;--awb-border-sizes-bottom:0px;--awb-flex-wrap:wrap;\" ><div class=\"fusion-builder-row fusion-row\"><div class=\"fusion-layout-column fusion_builder_column fusion-builder-column-0 fusion_builder_column_1_2 1_2 fusion-one-half fusion-column-first\" style=\"--awb-bg-size:cover;width:48%; margin-right: 4%;\"><div class=\"fusion-column-wrapper fusion-flex-column-wrapper-legacy\"><div class=\"fusion-text fusion-text-1\"><p><strong>E-mail: <\/strong><a href=\"mailto:ceie@unisinos.br\">contato.ceie@gmail.com<\/a><\/p>\n<p><strong>Endere\u00e7o:<\/strong> Av. Unisinos, 950 Bairro Cristo Rei S\u00e3o Leopoldo\/RS<\/p>\n<p><strong>Sala:<\/strong> B09 307<\/p>\n<ul>\n<li><strong>Plant\u00e3o<\/strong>: De segunda a quarta-feira,\u00a0h\u00e1 integrantes do grupo de pesquisa que podem auxiliar na consulta do banco de dados, interc\u00e2mbios, informa\u00e7\u00f5es, etc.<\/li>\n<\/ul>\n<\/div><div class=\"fusion-clearfix\"><\/div><\/div><\/div><div class=\"fusion-layout-column fusion_builder_column fusion-builder-column-1 fusion_builder_column_1_2 1_2 fusion-one-half fusion-column-last\" style=\"--awb-bg-size:cover;width:48%;\"><div class=\"fusion-column-wrapper fusion-flex-column-wrapper-legacy\"><iframe src=\"https:\/\/www.google.com\/maps\/embed?pb=!1m18!1m12!1m3!1d3462.466039096203!2d-51.15770318539832!3d-29.79307768197448!2m3!1f0!2f0!3f0!3m2!1i1024!2i768!4f13.1!3m3!1m2!1s0x951968edaca95851%3A0x33fb2ac622c06d97!2sAv.+Unisinos%2C+950+-+S%C3%A3o+Jo%C3%A3o+Batista%2C+S%C3%A3o+Leopoldo+-+RS!5e0!3m2!1spt-BR!2sbr!4v1490216309574\" width=\"528\" height=\"310\" frameborder=\"0\" style=\"border:0\" allowfullscreen><\/iframe><div class=\"fusion-clearfix\"><\/div><\/div><\/div><\/div><\/div>\n","protected":false},"excerpt":{"rendered":"","protected":false},"author":5,"featured_media":0,"parent":0,"menu_order":0,"comment_status":"closed","ping_status":"closed","template":"100-width.php","meta":{"footnotes":""},"class_list":["post-43","page","type-page","status-publish","hentry"],"_links":{"self":[{"href":"https:\/\/unisinos.br\/ceie\/wp-json\/wp\/v2\/pages\/43","targetHints":{"allow":["GET"]}}],"collection":[{"href":"https:\/\/unisinos.br\/ceie\/wp-json\/wp\/v2\/pages"}],"about":[{"href":"https:\/\/unisinos.br\/ceie\/wp-json\/wp\/v2\/types\/page"}],"author":[{"embeddable":true,"href":"https:\/\/unisinos.br\/ceie\/wp-json\/wp\/v2\/users\/5"}],"replies":[{"embeddable":true,"href":"https:\/\/unisinos.br\/ceie\/wp-json\/wp\/v2\/comments?post=43"}],"version-history":[{"count":13,"href":"https:\/\/unisinos.br\/ceie\/wp-json\/wp\/v2\/pages\/43\/revisions"}],"predecessor-version":[{"id":776,"href":"https:\/\/unisinos.br\/ceie\/wp-json\/wp\/v2\/pages\/43\/revisions\/776"}],"wp:attachment":[{"href":"https:\/\/unisinos.br\/ceie\/wp-json\/wp\/v2\/media?parent=43"}],"curies":[{"name":"wp","href":"https:\/\/api.w.org\/{rel}","templated":true}]}}