{"id":37,"date":"2016-12-14T10:59:55","date_gmt":"2016-12-14T12:59:55","guid":{"rendered":"https:\/\/webhomserverphp82.asav.org.br\/ceie\/?page_id=37"},"modified":"2024-09-22T22:07:41","modified_gmt":"2024-09-23T01:07:41","slug":"atividades","status":"publish","type":"page","link":"https:\/\/unisinos.br\/ceie\/atividades\/","title":{"rendered":"ATIVIDADES"},"content":{"rendered":"<p><div class=\"fusion-fullwidth fullwidth-box fusion-builder-row-1 nonhundred-percent-fullwidth non-hundred-percent-height-scrolling\" style=\"--awb-background-position:left top;--awb-border-sizes-top:0px;--awb-border-sizes-bottom:0px;--awb-border-sizes-left:0px;--awb-border-sizes-right:0px;--awb-border-radius-top-left:0px;--awb-border-radius-top-right:0px;--awb-border-radius-bottom-right:0px;--awb-border-radius-bottom-left:0px;--awb-padding-top:20px;--awb-padding-bottom:20px;--awb-flex-wrap:wrap;\" ><div class=\"fusion-builder-row fusion-row\"><div class=\"fusion-layout-column fusion_builder_column fusion-builder-column-0 fusion_builder_column_1_1 1_1 fusion-one-full fusion-column-first fusion-column-last fusion-column-no-min-height\" style=\"--awb-bg-size:cover;--awb-margin-bottom:0px;\"><div class=\"fusion-column-wrapper fusion-flex-column-wrapper-legacy\"><div class=\"fusion-text fusion-text-1\"><p>No CEIE se realizam atividades semanais, assim como outras programadas no decorrer do semestre:<\/p>\n<\/div><div class=\"fusion-sep-clear\"><\/div><div class=\"fusion-separator fusion-full-width-sep\" style=\"margin-left: auto;margin-right: auto;margin-top:20px;margin-bottom:20px;width:100%;\"><\/div><div class=\"fusion-sep-clear\"><\/div><div class=\"fusion-clearfix\"><\/div><\/div><\/div><div class=\"fusion-layout-column fusion_builder_column fusion-builder-column-1 fusion_builder_column_1_1 1_1 fusion-one-full fusion-column-first fusion-column-last fusion-column-no-min-height\" style=\"--awb-bg-size:cover;--awb-margin-bottom:0px;\"><div class=\"fusion-column-wrapper fusion-flex-column-wrapper-legacy\"><div class=\"accordian fusion-accordian\" style=\"--awb-border-size:1px;--awb-icon-size:16px;--awb-content-font-size:16px;--awb-icon-alignment:left;--awb-hover-color:var(--awb-color2);--awb-border-color:var(--awb-color3);--awb-background-color:var(--awb-color1);--awb-divider-color:#e0dede;--awb-divider-hover-color:#e0dede;--awb-icon-color:var(--awb-color1);--awb-title-color:#123d8a;--awb-content-color:#747474;--awb-icon-box-color:#333333;--awb-toggle-hover-accent-color:#ff9800;--awb-title-font-family:&quot;Hind Vadodara&quot;;--awb-title-font-weight:400;--awb-title-font-style:normal;--awb-content-font-family:&quot;Hind Vadodara&quot;;--awb-content-font-style:normal;--awb-content-font-weight:400;\" id=\"teste\"><div class=\"panel-group fusion-toggle-icon-boxed\" id=\"accordion-37-1\"><div class=\"fusion-panel panel-default panel-5b0a9b2e00901a529 fusion-toggle-no-divider\"><div class=\"panel-heading\"><h4 class=\"panel-title toggle\" id=\"toggle_5b0a9b2e00901a529\"><a aria-expanded=\"false\" aria-controls=\"5b0a9b2e00901a529\" role=\"button\" data-toggle=\"collapse\" data-parent=\"#accordion-37-1\" data-target=\"#5b0a9b2e00901a529\" href=\"#5b0a9b2e00901a529\"><span class=\"fusion-toggle-icon-wrapper\" aria-hidden=\"true\"><i class=\"fa-fusion-box active-icon awb-icon-minus\" aria-hidden=\"true\"><\/i><i class=\"fa-fusion-box inactive-icon awb-icon-plus\" aria-hidden=\"true\"><\/i><\/span><span class=\"fusion-toggle-heading\">Reuni\u00f5es semanais<\/span><\/a><\/h4><\/div><div id=\"5b0a9b2e00901a529\" class=\"panel-collapse collapse \" aria-labelledby=\"toggle_5b0a9b2e00901a529\"><div class=\"panel-body toggle-content fusion-clearfix\">No in\u00edcio do centro, constituiu-se um grupo de trabalho, composto por estudantes e professores do <strong>PPG<\/strong> em Educa\u00e7\u00e3o da Unisinos, que se re\u00fane semanalmente para organizar e planejar as atividades do centro. As reuni\u00f5es acontecem\u00a0todas as segundas feiras, \u00e0s 17 horas, na sala do CEIE (Sala B09 307) e s\u00e3o abertas para todos aqueles que t\u00eam\u00a0interesse em participar.<\/div><\/div><\/div><div class=\"fusion-panel panel-default panel-dd1b3a758807223c5 fusion-toggle-no-divider\"><div class=\"panel-heading\"><h4 class=\"panel-title toggle\" id=\"toggle_dd1b3a758807223c5\"><a aria-expanded=\"false\" aria-controls=\"dd1b3a758807223c5\" role=\"button\" data-toggle=\"collapse\" data-parent=\"#accordion-37-1\" data-target=\"#dd1b3a758807223c5\" href=\"#dd1b3a758807223c5\"><span class=\"fusion-toggle-icon-wrapper\" aria-hidden=\"true\"><i class=\"fa-fusion-box active-icon awb-icon-minus\" aria-hidden=\"true\"><\/i><i class=\"fa-fusion-box inactive-icon awb-icon-plus\" aria-hidden=\"true\"><\/i><\/span><span class=\"fusion-toggle-heading\">Di\u00e1logos Internacionais<\/span><\/a><\/h4><\/div><div id=\"dd1b3a758807223c5\" class=\"panel-collapse collapse \" aria-labelledby=\"toggle_dd1b3a758807223c5\"><div class=\"panel-body toggle-content fusion-clearfix\">\n<p>\u00c9 um espa\u00e7o que promove o di\u00e1logo com especialistas provenientes de outros pa\u00edses que visitam a Unisinos, bem como conversas com professorxs e alunxs brasileiros que tiveram experi\u00eancias internacionais.<\/p>\n<p><strong>\u00daltimos di\u00e1logos:<\/strong><\/p>\n<p>29\/06\/2020 &#8211; \u00a0Ex-bolsista Fulbright no PPGEdu, Tyler Olsen (EUA) e professor visitante no Curso de Letras da Unisinos, Andr\u00e9s Garc\u00eda Garc\u00eda (Espanha). Tema: Experi\u00eancia acad\u00eamica internacional na Unisinos. (Evento online)<\/p>\n<p>27\/05\/2020 &#8211; Doutorando Claudio Lima (PPGEdu), Profa Dra Eliane Schlemmer (PPGEdu) e a Doutoranda Bruna da Silva (PPGLA). Tema: Conex\u00f5es com Portugal e B\u00e9lgica. (Evento online devido \u00e0 pandemia)<\/p>\n<p>27\/04\/2020 &#8211; Sara Rudnicki (Analista de Rela\u00e7\u00f5es Internacionais da Unisinos, Profa. Dra Ros\u00e2ngela Fritsch (PPGEdu) e Doutoranda Ant\u00f4nia Neves (PPGEdu). Tema: Possibilidades de Interc\u00e2mbio e relatos. (Evento online devido \u00e0 pandemia)<\/p>\n<p>06\/11\/2019 &#8211; Sharon Stein e Beck Kumari\u00a0 (University of British Columbia). Tema: Internacionaliza\u00e7\u00e3o cr\u00edtica: desafios e possibilidades.<\/p>\n<p>03\/09\/2019 &#8211; Doutorando Claudio Lima (PPGEdu). Tema: A little bit about TOEFL.<\/p>\n<p>19\/06\/2019 &#8211; Doutorando Fabr\u00edcio (PPGLA), Doutoranda Josilaine (PPGEdu), Greice (PPGLA)\u00a0Tema: Experi\u00eancias e viv\u00eancias do Doutorado no Exterior.<\/p>\n<p>29\/05\/2019 &#8211; Sara Rudnicki (Analista de Rela\u00e7\u00f5es Internacionais da Unisinos. Tema: Interc\u00e2mbio &#8211; possibilidades e planejamentos.<\/p>\n<p>24\/04\/2019 &#8211; Doutoranda Claudia (PPGEDU), Doutoranda Min\u00e9ia (PPGLA) e Doutoranda Renata (PPGLA) &#8211; Tema: Experi\u00eancias e viv\u00eancias do Doutorado no Exterior.<\/p>\n<p>06\/04\/2019 &#8211; Prof. Edizon L\u00e9on (Equador) &#8211; Tema: Pensamiento de(s)colonial e interculturalidad: prospectivas educativas en Am\u00e9rica Latina.<\/p>\n<p>14\/11\/2018 &#8211; Doutorando Diego Spader de Souza (PPGLA Unisinos) &#8211; Tema: Doutorado Sandu\u00edche em Austin\/Texas.<\/p>\n<p>17\/10\/2018 &#8211; Pesquisadora do Grupo Orkestra Miren Larrea (Espanha) &#8211; Tema: Pesquisa-a\u00e7\u00e3o e desenvolvimento territorial.<\/p>\n<p>03\/10\/2018 &#8211; Doutoranda Claudia Schiedeck (PPGEDU Unisinos) &#8211; Tema: Experi\u00eancia de interc\u00e2mbio na Universidade de Toronto\/ Canad\u00e1.<\/p>\n<p>10\/09\/2018 &#8211; Prof. Dr. Telmo Adams (PPGEDU Unisinos) &#8211; Tema: Nossos estudos em Am\u00e9rica Latina.<\/p>\n<p>14\/08\/2018 &#8211; Profa. Dra. Poh Tan (Canad\u00e1) &#8211; Tema: Letramento Cient\u00edfico.<\/p>\n<p>14\/05\/2018 &#8211; Profa. Dra. Maria Julieta Abba e Lucas Hoffmann &#8211; Tema: Reforma Universit\u00e1ria de C\u00f3rdoba.<\/p>\n<p>01\/03\/2018 &#8211; Prof. Dr. J\u00fcrgen Schiriewer (Alemanha) &#8211; Tema: Educa\u00e7\u00e3o Comparada.<\/p>\n<p>26\/02\/2018 &#8211; Profa. Dra. Estela Maria Miranda (Argentina) &#8211; Tema: Centen\u00e1rio da Reforma Universit\u00e1ria de C\u00f3rdoba.<\/p>\n<p>01\/11\/2017 &#8211; Doutorando Pedro Witchs (PPGEDU Unisinos) &#8211; Tema: Doutorado Sandu\u00edche em Portugual.<\/p>\n<p>24\/10\/2017 &#8211; Profa. Dra. Orestes Lopez (M\u00e9xico) e Profa. Dra. Alba Nidia Triada (Col\u00f4mbia).<\/p>\n<p>31\/05\/2017 &#8211; Mestranda Evandra (Cabo Verde), P\u00f3s-doc Benjamin (Fran\u00e7a), Mestranda Greicy (Cuba), Doutorando Julio (Mo\u00e7ambique), P\u00f3s-doc Julieta (Argentina) &#8211; Tema: A conjuntura internacional e os desafios da Internacionaliza\u00e7\u00e3o no Ensino Superior e na Pesquisa<\/p>\n<\/div><\/div><\/div><div class=\"fusion-panel panel-default panel-c989c9e5393235a0a fusion-toggle-no-divider\"><div class=\"panel-heading\"><h4 class=\"panel-title toggle\" id=\"toggle_c989c9e5393235a0a\"><a aria-expanded=\"false\" aria-controls=\"c989c9e5393235a0a\" role=\"button\" data-toggle=\"collapse\" data-parent=\"#accordion-37-1\" data-target=\"#c989c9e5393235a0a\" href=\"#c989c9e5393235a0a\"><span class=\"fusion-toggle-icon-wrapper\" aria-hidden=\"true\"><i class=\"fa-fusion-box active-icon awb-icon-minus\" aria-hidden=\"true\"><\/i><i class=\"fa-fusion-box inactive-icon awb-icon-plus\" aria-hidden=\"true\"><\/i><\/span><span class=\"fusion-toggle-heading\">Speaking in English<\/span><\/a><\/h4><\/div><div id=\"c989c9e5393235a0a\" class=\"panel-collapse collapse \" aria-labelledby=\"toggle_c989c9e5393235a0a\"><div class=\"panel-body toggle-content fusion-clearfix\">Encontros destinados para estudantes da gradua\u00e7\u00e3o e p\u00f3s-gradua\u00e7\u00e3o e para \u00a0professores que desejam aprender e\/ou praticar a l\u00edngua inglesa. O dia e hor\u00e1rio dos encontros s\u00e3o estabelecidos no come\u00e7o de cada semestre, conforme disponibilidade dos interessados.<\/div><\/div><\/div><div class=\"fusion-panel panel-default panel-d46dfbb36a4fc7dac fusion-toggle-no-divider\"><div class=\"panel-heading\"><h4 class=\"panel-title toggle\" id=\"toggle_d46dfbb36a4fc7dac\"><a aria-expanded=\"false\" aria-controls=\"d46dfbb36a4fc7dac\" role=\"button\" data-toggle=\"collapse\" data-parent=\"#accordion-37-1\" data-target=\"#d46dfbb36a4fc7dac\" href=\"#d46dfbb36a4fc7dac\"><span class=\"fusion-toggle-icon-wrapper\" aria-hidden=\"true\"><i class=\"fa-fusion-box active-icon awb-icon-minus\" aria-hidden=\"true\"><\/i><i class=\"fa-fusion-box inactive-icon awb-icon-plus\" aria-hidden=\"true\"><\/i><\/span><span class=\"fusion-toggle-heading\">Conversaciones y lecturas en espa\u00f1ol<\/span><\/a><\/h4><\/div><div id=\"d46dfbb36a4fc7dac\" class=\"panel-collapse collapse \" aria-labelledby=\"toggle_d46dfbb36a4fc7dac\"><div class=\"panel-body toggle-content fusion-clearfix\">Este \u00e9 um espa\u00e7o destinado para estudantes da gradua\u00e7\u00e3o e p\u00f3s-gradua\u00e7\u00e3o e para professores que desejem aprender e\/ou praticar a l\u00edngua espanhola. O dia e hor\u00e1rio dos encontros s\u00e3o estabelecidos no come\u00e7o de cada semestre, conforme disponibilidade dos interessados. Para maior informa\u00e7\u00e3o, consultar o grupo do facebook: <em><a href=\"https:\/\/www.facebook.com\/groups\/1651224888443826\/?fref=ts\" target=\"_blank\" rel=\"noopener noreferrer\">Conversaciones y lecturas en espa\u00f1ol.<\/a><\/em><\/p>\n<div><\/div>\n<\/div><\/div><\/div><div class=\"fusion-panel panel-default panel-51402a782ff7d440c fusion-toggle-no-divider\"><div class=\"panel-heading\"><h4 class=\"panel-title toggle\" id=\"toggle_51402a782ff7d440c\"><a aria-expanded=\"false\" aria-controls=\"51402a782ff7d440c\" role=\"button\" data-toggle=\"collapse\" data-parent=\"#accordion-37-1\" data-target=\"#51402a782ff7d440c\" href=\"#51402a782ff7d440c\"><span class=\"fusion-toggle-icon-wrapper\" aria-hidden=\"true\"><i class=\"fa-fusion-box active-icon awb-icon-minus\" aria-hidden=\"true\"><\/i><i class=\"fa-fusion-box inactive-icon awb-icon-plus\" aria-hidden=\"true\"><\/i><\/span><span class=\"fusion-toggle-heading\">Dialogues em fran\u00e7ais<\/span><\/a><\/h4><\/div><div id=\"51402a782ff7d440c\" class=\"panel-collapse collapse \" aria-labelledby=\"toggle_51402a782ff7d440c\"><div class=\"panel-body toggle-content fusion-clearfix\">Encontros destinados para estudantes da gradua\u00e7\u00e3o e p\u00f3s-gradua\u00e7\u00e3o e para \u00a0professores que desejam aprender e\/ou praticar a l\u00edngua francesa. O dia e hor\u00e1rio dos encontros s\u00e3o estabelecidos no come\u00e7o de cada semestre, conforme disponibilidade dos interessados.<\/div><\/div><\/div><div class=\"fusion-panel panel-default panel-ebe25b56859f23d1b fusion-toggle-no-divider\"><div class=\"panel-heading\"><h4 class=\"panel-title toggle\" id=\"toggle_ebe25b56859f23d1b\"><a aria-expanded=\"false\" aria-controls=\"ebe25b56859f23d1b\" role=\"button\" data-toggle=\"collapse\" data-parent=\"#accordion-37-1\" data-target=\"#ebe25b56859f23d1b\" href=\"#ebe25b56859f23d1b\"><span class=\"fusion-toggle-icon-wrapper\" aria-hidden=\"true\"><i class=\"fa-fusion-box active-icon awb-icon-minus\" aria-hidden=\"true\"><\/i><i class=\"fa-fusion-box inactive-icon awb-icon-plus\" aria-hidden=\"true\"><\/i><\/span><span class=\"fusion-toggle-heading\">Plant\u00e3o<\/span><\/a><\/h4><\/div><div id=\"ebe25b56859f23d1b\" class=\"panel-collapse collapse \" aria-labelledby=\"toggle_ebe25b56859f23d1b\"><div class=\"panel-body toggle-content fusion-clearfix\">H\u00e1 plant\u00f5es no centro de segunda a sexta-feira. Os integrantes do grupo podem auxiliar na consulta no banco de dados, nas informa\u00e7\u00f5es sobre interc\u00e2mbios, etc.<\/p>\n<p>Entre em contato:<\/p>\n<p><strong>E-mail:\u00a0<\/strong><a href=\"mailto:ceie@unisinos.br\">ceie@unisinos.br \u00a0<\/a>ou contato.ceie@gmail.com<\/p>\n<p><strong>Endere\u00e7o:<\/strong> Av. Unisinos, 950 &#8211; Bairro Cristo Rei S\u00e3o Leopoldo\/RS &#8211;\u00a0Sala: B09 307<\/div><\/div><\/div><div class=\"fusion-panel panel-default panel-4c7fae2048cc225e1 fusion-toggle-no-divider\"><div class=\"panel-heading\"><h4 class=\"panel-title toggle\" id=\"toggle_4c7fae2048cc225e1\"><a aria-expanded=\"false\" aria-controls=\"4c7fae2048cc225e1\" role=\"button\" data-toggle=\"collapse\" data-parent=\"#accordion-37-1\" data-target=\"#4c7fae2048cc225e1\" href=\"#4c7fae2048cc225e1\"><span class=\"fusion-toggle-icon-wrapper\" aria-hidden=\"true\"><i class=\"fa-fusion-box active-icon awb-icon-minus\" aria-hidden=\"true\"><\/i><i class=\"fa-fusion-box inactive-icon awb-icon-plus\" aria-hidden=\"true\"><\/i><\/span><span class=\"fusion-toggle-heading\">Informa\u00e7\u00f5es sobre interc\u00e2mbio <\/span><\/a><\/h4><\/div><div id=\"4c7fae2048cc225e1\" class=\"panel-collapse collapse \" aria-labelledby=\"toggle_4c7fae2048cc225e1\"><div class=\"panel-body toggle-content fusion-clearfix\">Organiza\u00e7\u00e3o de relatos de experi\u00eancia com professores e estudantes que retornam de seus est\u00e1gios fora do Brasil, reuni\u00f5es com estudantes da p\u00f3s-gradua\u00e7\u00e3o que se preparam para realizar est\u00e1gios no exterior, divulga\u00e7\u00e3o de editais de colabora\u00e7\u00e3o internacional e outras possibilidades que potencializem as experi\u00eancias internacionais do centro e do PPG.<\/div><\/div><\/div><\/div><\/div><div class=\"fusion-sep-clear\"><\/div><div class=\"fusion-separator fusion-full-width-sep\" style=\"margin-left: auto;margin-right: auto;margin-top:20px;margin-bottom:20px;width:100%;\"><\/div><div class=\"fusion-sep-clear\"><\/div><div class=\"fusion-clearfix\"><\/div><\/div><\/div><div class=\"fusion-layout-column fusion_builder_column fusion-builder-column-2 fusion_builder_column_1_2 1_2 fusion-one-half fusion-column-first\" style=\"--awb-bg-size:cover;width:48%; margin-right: 4%;\"><div class=\"fusion-column-wrapper fusion-flex-column-wrapper-legacy\"><div class=\"fusion-reading-box-container reading-box-container-1\" style=\"--awb-title-color:#333333;--awb-margin-top:0px;--awb-margin-bottom:84px;\"><div class=\"reading-box\" style=\"background-color:#f6f6f6;border-width:1px;border-color:#f6f6f6;border-top-width:3px;border-top-color:var(--primary_color);border-style:solid;\"><a class=\"button fusion-button button-default fusion-button-large button-large button-flat fusion-desktop-button fusion-tagline-button continue fusion-desktop-button-margin continue-right\" style=\"-webkit-box-shadow:none;-moz-box-shadow:none;box-shadow:none;border-radius:2px 2px 2px 2px\" href=\"https:\/\/webhomserverphp82.asav.org.br\/ceie\/acervo\/\" target=\"_self\"><span>Saiba mais sobre o Acervo<\/span><\/a><h2>Produ\u00e7\u00e3o Acad\u00eamica <\/h2><div class=\"reading-box-description fusion-reading-box-additional\">Trabalho que re\u00fane as principais informa\u00e7\u00f5es das publica\u00e7\u00f5es sobre internacionaliza\u00e7\u00e3o realizadas pelos professores da casa, assim como por pesquisadores nacionais e internacionais. Este banco de dados se encontra dispon\u00edvel para consulta na sala e no site do centro.<\/div><div class=\"fusion-clearfix\"><\/div><a class=\"button fusion-button button-default fusion-button-large button-large button-flat fusion-mobile-button continue-right\" style=\"-webkit-box-shadow:none;-moz-box-shadow:none;box-shadow:none;border-radius:2px 2px 2px 2px\" href=\"https:\/\/webhomserverphp82.asav.org.br\/ceie\/acervo\/\" target=\"_self\"><span>Saiba mais sobre o Acervo<\/span><\/a><\/div><\/div><div class=\"fusion-clearfix\"><\/div><\/div><\/div><div class=\"fusion-layout-column fusion_builder_column fusion-builder-column-3 fusion_builder_column_1_2 1_2 fusion-one-half fusion-column-last\" style=\"--awb-bg-size:cover;width:48%;\"><div class=\"fusion-column-wrapper fusion-flex-column-wrapper-legacy\"><div class=\"fusion-reading-box-container reading-box-container-2\" style=\"--awb-title-color:#333333;--awb-margin-top:0px;--awb-margin-bottom:84px;\"><div class=\"reading-box\" style=\"background-color:#f6f6f6;border-width:1px;border-color:#f6f6f6;border-top-width:3px;border-top-color:var(--primary_color);border-style:solid;\"><a class=\"button fusion-button button-orange fusion-button-large button-large button-flat fusion-desktop-button fusion-tagline-button continue fusion-desktop-button-margin continue-right\" style=\"-webkit-box-shadow:none;-moz-box-shadow:none;box-shadow:none;border-radius:2px 2px 2px 2px\" href=\"https:\/\/webhomserverphp82.asav.org.br\/ceie\/projetos-de-pesquisa\/\" target=\"_self\"><span>Saiba mais sobre os Projetos<\/span><\/a><h2>Projetos<\/h2><div class=\"reading-box-description fusion-reading-box-additional\">Informa\u00e7\u00f5es sobre redes e projetos de coopera\u00e7\u00e3o internacional e dimens\u00f5es internacionais em projetos de pesquisa.<\/div><div class=\"fusion-clearfix\"><\/div><a class=\"button fusion-button button-orange fusion-button-large button-large button-flat fusion-mobile-button continue-right\" style=\"-webkit-box-shadow:none;-moz-box-shadow:none;box-shadow:none;border-radius:2px 2px 2px 2px\" href=\"https:\/\/webhomserverphp82.asav.org.br\/ceie\/projetos-de-pesquisa\/\" target=\"_self\"><span>Saiba mais sobre os Projetos<\/span><\/a><\/div><\/div><div class=\"fusion-clearfix\"><\/div><\/div><\/div><\/div><\/div><div class=\"fusion-fullwidth fullwidth-box fusion-builder-row-2 hundred-percent-fullwidth non-hundred-percent-height-scrolling\" style=\"--awb-border-radius-top-left:0px;--awb-border-radius-top-right:0px;--awb-border-radius-bottom-right:0px;--awb-border-radius-bottom-left:0px;--awb-overflow:visible;--awb-padding-right:30px;--awb-padding-left:30px;--awb-flex-wrap:wrap;\" ><div class=\"fusion-builder-row fusion-row\"><div class=\"fusion-layout-column fusion_builder_column fusion-builder-column-4 fusion_builder_column_1_2 1_2 fusion-one-half fusion-column-first\" style=\"--awb-bg-size:cover;width:48%; margin-right: 4%;\"><div class=\"fusion-column-wrapper fusion-flex-column-wrapper-legacy\"><div class=\"fusion-clearfix\"><\/div><\/div><\/div><\/div><\/div><\/p>\n","protected":false},"excerpt":{"rendered":"","protected":false},"author":5,"featured_media":0,"parent":0,"menu_order":0,"comment_status":"closed","ping_status":"closed","template":"100-width.php","meta":{"footnotes":""},"class_list":["post-37","page","type-page","status-publish","hentry"],"_links":{"self":[{"href":"https:\/\/unisinos.br\/ceie\/wp-json\/wp\/v2\/pages\/37","targetHints":{"allow":["GET"]}}],"collection":[{"href":"https:\/\/unisinos.br\/ceie\/wp-json\/wp\/v2\/pages"}],"about":[{"href":"https:\/\/unisinos.br\/ceie\/wp-json\/wp\/v2\/types\/page"}],"author":[{"embeddable":true,"href":"https:\/\/unisinos.br\/ceie\/wp-json\/wp\/v2\/users\/5"}],"replies":[{"embeddable":true,"href":"https:\/\/unisinos.br\/ceie\/wp-json\/wp\/v2\/comments?post=37"}],"version-history":[{"count":50,"href":"https:\/\/unisinos.br\/ceie\/wp-json\/wp\/v2\/pages\/37\/revisions"}],"predecessor-version":[{"id":795,"href":"https:\/\/unisinos.br\/ceie\/wp-json\/wp\/v2\/pages\/37\/revisions\/795"}],"wp:attachment":[{"href":"https:\/\/unisinos.br\/ceie\/wp-json\/wp\/v2\/media?parent=37"}],"curies":[{"name":"wp","href":"https:\/\/api.w.org\/{rel}","templated":true}]}}