{"id":33,"date":"2016-12-14T10:20:23","date_gmt":"2016-12-14T12:20:23","guid":{"rendered":"https:\/\/webhomserverphp82.asav.org.br\/ceie\/?page_id=33"},"modified":"2019-08-21T12:29:00","modified_gmt":"2019-08-21T15:29:00","slug":"quem-somos","status":"publish","type":"page","link":"https:\/\/unisinos.br\/ceie\/quem-somos\/","title":{"rendered":"QUEM SOMOS"},"content":{"rendered":"<div class=\"fusion-fullwidth fullwidth-box fusion-builder-row-1 nonhundred-percent-fullwidth non-hundred-percent-height-scrolling\" style=\"--awb-background-position:left top;--awb-border-radius-top-left:0px;--awb-border-radius-top-right:0px;--awb-border-radius-bottom-right:0px;--awb-border-radius-bottom-left:0px;--awb-padding-top:20px;--awb-padding-bottom:20px;--awb-border-sizes-top:0px;--awb-border-sizes-bottom:0px;--awb-flex-wrap:wrap;\" ><div class=\"fusion-builder-row fusion-row\"><div class=\"fusion-layout-column fusion_builder_column fusion-builder-column-0 fusion_builder_column_1_1 1_1 fusion-one-full fusion-column-first fusion-column-last fusion-column-no-min-height\" style=\"--awb-bg-size:cover;--awb-margin-bottom:0px;\"><div class=\"fusion-column-wrapper fusion-flex-column-wrapper-legacy\"><div class=\"fusion-text fusion-text-1\"><h1>O Projeto<\/h1>\n<\/div><div class=\"fusion-text fusion-text-2\"><p>O Centro de Estudos Internacionais em Educa\u00e7\u00e3o (CEIE) foi criado em 2015 pelo Programa de P\u00f3s-Gradua\u00e7\u00e3o em Educa\u00e7\u00e3o da Unisinos com o objetivo de realizar e apoiar iniciativas de internacionaliza\u00e7\u00e3o pelo corpo docente e discente, bem como criar condi\u00e7\u00f5es para o desenvolvimento de estudos comparados e internacionais na educa\u00e7\u00e3o. O Centro \u00e9 um espa\u00e7o aberto para a interlocu\u00e7\u00e3o com outros cursos e programas na Unisinos e de outras universidades no pa\u00eds e no exterior.<\/p>\n<\/div><div class=\"fusion-clearfix\"><\/div><\/div><\/div><div class=\"fusion-layout-column fusion_builder_column fusion-builder-column-1 fusion_builder_column_1_1 1_1 fusion-one-full fusion-column-first fusion-column-last fusion-column-no-min-height\" style=\"--awb-bg-size:cover;--awb-margin-bottom:0px;\"><div class=\"fusion-column-wrapper fusion-flex-column-wrapper-legacy\"><div class=\"fusion-title title fusion-title-1 fusion-title-text fusion-title-size-one\" style=\"--awb-margin-top-small:10px;--awb-margin-right-small:0px;--awb-margin-bottom-small:10px;--awb-margin-left-small:0px;\"><h1 class=\"fusion-title-heading title-heading-left\" style=\"margin:0;\">O Grupo<\/h1><span class=\"awb-title-spacer\"><\/span><div class=\"title-sep-container\"><div class=\"title-sep sep-double sep-solid\" style=\"border-color:#e0dede;\"><\/div><\/div><\/div><div class=\"fusion-text fusion-text-3\"><div>A dire\u00e7\u00e3o\u00a0do\u00a0Centro est\u00e1 diretamente vinculada a coordena\u00e7\u00e3o do <a href=\"http:\/\/www.unisinos.br\/mestrado-e-doutorado\/educacao\/presencial\/sao-leopoldo\">Programa de P\u00f3s-Gradua\u00e7\u00e3o em Educa\u00e7\u00e3o<\/a> da Unisinos.<\/div>\n<\/div><div class=\"fusion-clearfix\"><\/div><\/div><\/div><\/div><\/div>\n","protected":false},"excerpt":{"rendered":"","protected":false},"author":5,"featured_media":0,"parent":0,"menu_order":0,"comment_status":"closed","ping_status":"closed","template":"","meta":{"footnotes":""},"class_list":["post-33","page","type-page","status-publish","hentry"],"_links":{"self":[{"href":"https:\/\/unisinos.br\/ceie\/wp-json\/wp\/v2\/pages\/33","targetHints":{"allow":["GET"]}}],"collection":[{"href":"https:\/\/unisinos.br\/ceie\/wp-json\/wp\/v2\/pages"}],"about":[{"href":"https:\/\/unisinos.br\/ceie\/wp-json\/wp\/v2\/types\/page"}],"author":[{"embeddable":true,"href":"https:\/\/unisinos.br\/ceie\/wp-json\/wp\/v2\/users\/5"}],"replies":[{"embeddable":true,"href":"https:\/\/unisinos.br\/ceie\/wp-json\/wp\/v2\/comments?post=33"}],"version-history":[{"count":25,"href":"https:\/\/unisinos.br\/ceie\/wp-json\/wp\/v2\/pages\/33\/revisions"}],"predecessor-version":[{"id":694,"href":"https:\/\/unisinos.br\/ceie\/wp-json\/wp\/v2\/pages\/33\/revisions\/694"}],"wp:attachment":[{"href":"https:\/\/unisinos.br\/ceie\/wp-json\/wp\/v2\/media?parent=33"}],"curies":[{"name":"wp","href":"https:\/\/api.w.org\/{rel}","templated":true}]}}