{"id":138,"date":"2017-03-22T18:32:57","date_gmt":"2017-03-22T21:32:57","guid":{"rendered":"https:\/\/webhomserverphp82.asav.org.br\/ceie\/?page_id=138"},"modified":"2019-08-21T12:28:57","modified_gmt":"2019-08-21T15:28:57","slug":"projetos-de-pesquisa","status":"publish","type":"page","link":"https:\/\/unisinos.br\/ceie\/projetos-de-pesquisa\/","title":{"rendered":"PROJETOS DE PESQUISA"},"content":{"rendered":"<div class=\"fusion-fullwidth fullwidth-box fusion-builder-row-1 nonhundred-percent-fullwidth non-hundred-percent-height-scrolling\" style=\"--awb-background-position:left top;--awb-border-radius-top-left:0px;--awb-border-radius-top-right:0px;--awb-border-radius-bottom-right:0px;--awb-border-radius-bottom-left:0px;--awb-padding-top:20px;--awb-padding-bottom:20px;--awb-border-sizes-top:0px;--awb-border-sizes-bottom:0px;--awb-flex-wrap:wrap;\" ><div class=\"fusion-builder-row fusion-row\"><div class=\"fusion-layout-column fusion_builder_column fusion-builder-column-0 fusion_builder_column_1_1 1_1 fusion-one-full fusion-column-first fusion-column-last fusion-column-no-min-height\" style=\"--awb-bg-size:cover;--awb-margin-bottom:0px;\"><div class=\"fusion-column-wrapper fusion-flex-column-wrapper-legacy\"><div class=\"fusion-text fusion-text-1\"><p>Informa\u00e7\u00f5es sobre redes e projetos de coopera\u00e7\u00e3o internacional e dimens\u00f5es internacionais em projetos de pesquisa.<\/p>\n<\/div><div class=\"fusion-sep-clear\"><\/div><div class=\"fusion-separator fusion-full-width-sep\" style=\"margin-left: auto;margin-right: auto;margin-top:30px;margin-bottom:20px;width:100%;\"><\/div><div class=\"fusion-sep-clear\"><\/div><div class=\"fusion-text fusion-text-2\"><h1>Cat\u00e1logo de Publica\u00e7\u00f5es<\/h1>\n<\/div><div class=\"fusion-sep-clear\"><\/div><div class=\"fusion-separator fusion-full-width-sep\" style=\"margin-left: auto;margin-right: auto;margin-top:30px;margin-bottom:30px;width:100%;\"><\/div><div class=\"fusion-sep-clear\"><\/div><div class=\"fusion-clearfix\"><\/div><\/div><\/div><div class=\"fusion-layout-column fusion_builder_column fusion-builder-column-1 fusion_builder_column_1_1 1_1 fusion-one-full fusion-column-first fusion-column-last fusion-column-no-min-height\" style=\"--awb-bg-size:cover;--awb-margin-bottom:0px;\"><div class=\"fusion-column-wrapper fusion-flex-column-wrapper-legacy\"><div class=\"accordian fusion-accordian\" style=\"--awb-border-size:1px;--awb-icon-size:16px;--awb-content-font-size:16px;--awb-icon-alignment:left;--awb-hover-color:var(--awb-color2);--awb-border-color:var(--awb-color3);--awb-background-color:var(--awb-color1);--awb-divider-color:#e0dede;--awb-divider-hover-color:#e0dede;--awb-icon-color:var(--awb-color1);--awb-title-color:#123d8a;--awb-content-color:#747474;--awb-icon-box-color:#333333;--awb-toggle-hover-accent-color:#ff9800;--awb-title-font-family:&quot;Hind Vadodara&quot;;--awb-title-font-weight:400;--awb-title-font-style:normal;--awb-content-font-family:&quot;Hind Vadodara&quot;;--awb-content-font-style:normal;--awb-content-font-weight:400;\" id=\"teste\"><div class=\"panel-group fusion-toggle-icon-boxed\" id=\"accordion-138-1\"><div class=\"fusion-panel panel-default panel-959c8f8d536ec750e fusion-toggle-no-divider\"><div class=\"panel-heading\"><h4 class=\"panel-title toggle\" id=\"toggle_959c8f8d536ec750e\"><a aria-expanded=\"false\" aria-controls=\"959c8f8d536ec750e\" role=\"button\" data-toggle=\"collapse\" data-parent=\"#accordion-138-1\" data-target=\"#959c8f8d536ec750e\" href=\"#959c8f8d536ec750e\"><span class=\"fusion-toggle-icon-wrapper\" aria-hidden=\"true\"><i class=\"fa-fusion-box active-icon awb-icon-minus\" aria-hidden=\"true\"><\/i><i class=\"fa-fusion-box inactive-icon awb-icon-plus\" aria-hidden=\"true\"><\/i><\/span><span class=\"fusion-toggle-heading\">Projetos CAPES e FCT<\/span><\/a><\/h4><\/div><div id=\"959c8f8d536ec750e\" class=\"panel-collapse collapse \" aria-labelledby=\"toggle_959c8f8d536ec750e\"><div class=\"panel-body toggle-content fusion-clearfix\">Universidades envolvidas:<br \/>\nUNISINOS, UNEB, UFPR, U. Porto, Universidade do Minho.<\/p>\n<p>A proposta de um trabalho investigativo em parceria, reunindo universidades brasileiras e portuguesas, tem guarida em a\u00e7\u00f5es coletivas constru\u00eddas pelos pesquisadores que subscritam o Projeto <strong>Qualidade e direito \u00e0 educa\u00e7\u00e3o superior: estrat\u00e9gias institucionais em tempos de globaliza\u00e7\u00e3o<\/strong>, num processo hist\u00f3rico que remonta h\u00e1 mais de quinze anos de trabalhos conjuntos. Desde ent\u00e3o, temos tentado aproximar estudos e refletir sobre as tem\u00e1ticas que nos unem, enquanto universidades ibero-americanas. O lan\u00e7amento do Edital 038\/2013 &#8211; CAPES &#8211; FCT se apresenta como uma oportunidade \u00edmpar para a consolida\u00e7\u00e3o das iniciativas j\u00e1 constru\u00eddas, favorecendo a amplia\u00e7\u00e3o dos processos de investiga\u00e7\u00e3o e forma\u00e7\u00e3o.<\/div><\/div><\/div><div class=\"fusion-panel panel-default panel-671c5eea19921925b fusion-toggle-no-divider\"><div class=\"panel-heading\"><h4 class=\"panel-title toggle\" id=\"toggle_671c5eea19921925b\"><a aria-expanded=\"false\" aria-controls=\"671c5eea19921925b\" role=\"button\" data-toggle=\"collapse\" data-parent=\"#accordion-138-1\" data-target=\"#671c5eea19921925b\" href=\"#671c5eea19921925b\"><span class=\"fusion-toggle-icon-wrapper\" aria-hidden=\"true\"><i class=\"fa-fusion-box active-icon awb-icon-minus\" aria-hidden=\"true\"><\/i><i class=\"fa-fusion-box inactive-icon awb-icon-plus\" aria-hidden=\"true\"><\/i><\/span><span class=\"fusion-toggle-heading\">Projeto: Qualidade da educa\u00e7\u00e3o superior em tempos de democratiza\u00e7\u00e3o: as estrat\u00e9gias orientadas para a melhoria da qualidade da educa\u00e7\u00e3o superior:<\/span><\/a><\/h4><\/div><div id=\"671c5eea19921925b\" class=\"panel-collapse collapse \" aria-labelledby=\"toggle_671c5eea19921925b\"><div class=\"panel-body toggle-content fusion-clearfix\">Universidades envolvidas:<br \/>\nUNISINOS, UFPel, ULBRA\/Rs, UNIPAMPA<\/p>\n<p>Considerando que a universidade sempre foi uma institui\u00e7\u00e3o global (Altbach, 1998), o processo de globaliza\u00e7\u00e3o refor\u00e7a a internacionaliza\u00e7\u00e3o dos sistemas educativos, sendo este um dos elementos que comp\u00f5em a esfera de rela\u00e7\u00f5es estabelecidas dentro da universidade desde sua estrutura medieval de cria\u00e7\u00e3o, partindo da ideia da amplia\u00e7\u00e3o de suas fronteiras, com a mobilidade de alunos e professores, objetivando atender \u00e0s necessidades que surgiam mediante o avan\u00e7o para o mundo moderno. Como diz Knight (2004, p.5) a \u201cinternacionaliza\u00e7\u00e3o est\u00e1 mudando o mundo do ensino superior e a globaliza\u00e7\u00e3o est\u00e1 mudando o mundo da internacionaliza\u00e7\u00e3o\u201d.<\/p>\n<\/div><\/div><\/div><div class=\"fusion-panel panel-default panel-10f44f6d5c982a19f fusion-toggle-no-divider\"><div class=\"panel-heading\"><h4 class=\"panel-title toggle\" id=\"toggle_10f44f6d5c982a19f\"><a aria-expanded=\"false\" aria-controls=\"10f44f6d5c982a19f\" role=\"button\" data-toggle=\"collapse\" data-parent=\"#accordion-138-1\" data-target=\"#10f44f6d5c982a19f\" href=\"#10f44f6d5c982a19f\"><span class=\"fusion-toggle-icon-wrapper\" aria-hidden=\"true\"><i class=\"fa-fusion-box active-icon awb-icon-minus\" aria-hidden=\"true\"><\/i><i class=\"fa-fusion-box inactive-icon awb-icon-plus\" aria-hidden=\"true\"><\/i><\/span><span class=\"fusion-toggle-heading\">Projeto: Red Latinoamericana de Estudios sobre El Impacto De La Evaluaci\u00f3n y Acreditaci\u00f3n Universitaria (RELIE): Estrategias institucionales para la formaci\u00f3n pedag\u00f3gica de los docentes de nivel superior orientadas al mejoramiento de la calidad del nivel superior de educaci\u00f3n.<\/span><\/a><\/h4><\/div><div id=\"10f44f6d5c982a19f\" class=\"panel-collapse collapse \" aria-labelledby=\"toggle_10f44f6d5c982a19f\"><div class=\"panel-body toggle-content fusion-clearfix\">Argentina: Universidad Nacional de Tres de Febrero (UNTREF), Universidad de Buenos Aires (UBA), Universidad Nacional de General Sarmiento (UNGS), Universidad de Palermo (UP)<br \/>\nBrasil: UNISINOS<br \/>\nParaguay: Universidad San Ignacio de Loyola (USIL)<br \/>\nUruguay: Universidad de la Rep\u00fablica (UDELAR)<\/p>\n<p>El trabajo se orient\u00f3 en relaci\u00f3n con el fuerte d\u00e9ficit que se percibe sobre modelos alternativos de gesti\u00f3n, ya que esta se constituye en uno de los aspectos menos tratados desde lo conceptual y a la luz de nuevas perspectivas acad\u00e9micas y profesionales (Fern\u00e1ndez Lamarra, 2003). En este sentido los autores se\u00f1alan que la gesti\u00f3n gubernamental sobre determina a las otras, lo que en las universidades nacionales es m\u00e1s complejo por los problemas de gobernabilidad de dicha gesti\u00f3n. Esto problemas son inversos en las universidades privadas, donde se denota un exceso de coordinaci\u00f3n vertical. Los informes evaluativos, tanto de autoevaluaci\u00f3n como de evaluaci\u00f3n externa, muestran sobre c\u00f3mo estos procesos de autoevaluaci\u00f3n son llevados a cabo: falta de participaci\u00f3n, dudas o preocupaciones sobre la emisi\u00f3n de juicios y de su conveniencia con que estos se hagan p\u00fablico.<br \/>\nEn este marco, algunos trabajos recientes han comenzado a analizar las implicancias de lso procesos de evaluaci\u00f3n y acreditaci\u00f3n en el sistema universitario. En este marco, Marquina (2012) estudi\u00f3 la g\u00e9nesis, desarrollo y situaci\u00f3n actual de estos procesos desde las miradas de los actores implicados, proponiendo un modelo de an\u00e1lisis para futuros trabajos que da cuenta de la compleja trama de equilibrios y l\u00f3gicas subyacentes.<\/p>\n<\/div><\/div><\/div><\/div><\/div><div class=\"fusion-clearfix\"><\/div><\/div><\/div><\/div><\/div>\n","protected":false},"excerpt":{"rendered":"","protected":false},"author":5,"featured_media":0,"parent":0,"menu_order":0,"comment_status":"closed","ping_status":"closed","template":"","meta":{"footnotes":""},"class_list":["post-138","page","type-page","status-publish","hentry"],"_links":{"self":[{"href":"https:\/\/unisinos.br\/ceie\/wp-json\/wp\/v2\/pages\/138","targetHints":{"allow":["GET"]}}],"collection":[{"href":"https:\/\/unisinos.br\/ceie\/wp-json\/wp\/v2\/pages"}],"about":[{"href":"https:\/\/unisinos.br\/ceie\/wp-json\/wp\/v2\/types\/page"}],"author":[{"embeddable":true,"href":"https:\/\/unisinos.br\/ceie\/wp-json\/wp\/v2\/users\/5"}],"replies":[{"embeddable":true,"href":"https:\/\/unisinos.br\/ceie\/wp-json\/wp\/v2\/comments?post=138"}],"version-history":[{"count":15,"href":"https:\/\/unisinos.br\/ceie\/wp-json\/wp\/v2\/pages\/138\/revisions"}],"predecessor-version":[{"id":690,"href":"https:\/\/unisinos.br\/ceie\/wp-json\/wp\/v2\/pages\/138\/revisions\/690"}],"wp:attachment":[{"href":"https:\/\/unisinos.br\/ceie\/wp-json\/wp\/v2\/media?parent=138"}],"curies":[{"name":"wp","href":"https:\/\/api.w.org\/{rel}","templated":true}]}}